{"id":4175,"date":"2025-12-15T01:51:01","date_gmt":"2025-12-15T01:51:01","guid":{"rendered":"https:\/\/www.sdhuataibattery.com\/?page_id=4175"},"modified":"2026-03-24T01:14:27","modified_gmt":"2026-03-24T01:14:27","slug":"about","status":"publish","type":"page","link":"https:\/\/www.sdhuataibattery.com\/es\/acerca-de\/","title":{"rendered":"Acerca de"},"content":{"rendered":"<div data-elementor-type=\"wp-page\" data-elementor-id=\"4175\" class=\"elementor elementor-4175\" data-elementor-post-type=\"page\">\n\t\t\t\t<div class=\"elementor-element elementor-element-6a79a69 e-flex e-con-boxed e-con e-parent\" data-id=\"6a79a69\" data-element_type=\"container\" data-e-type=\"container\">\n\t\t\t\t\t<div class=\"e-con-inner\">\n\t\t\t\t<div class=\"elementor-element elementor-element-cea0e68 elementor-widget elementor-widget-ucaddon_breadcrumbs_widget\" data-id=\"cea0e68\" data-element_type=\"widget\" data-e-type=\"widget\" data-widget_type=\"ucaddon_breadcrumbs_widget.default\">\n\t\t\t\t<div class=\"elementor-widget-container\">\n\t\t\t\t\t\n<!-- start Breadcrumbs -->\n\t\t<link id='font-awesome-css' href='https:\/\/www.sdhuataibattery.com\/wp-content\/plugins\/unlimited-elements-for-elementor-premium\/assets_libraries\/font-awesome6\/fontawesome-all.min.css' type='text\/css' rel='stylesheet' >\n\t\t<link id='font-awesome-4-shim-css' href='https:\/\/www.sdhuataibattery.com\/wp-content\/plugins\/unlimited-elements-for-elementor-premium\/assets_libraries\/font-awesome6\/fontawesome-v4-shims.min.css' type='text\/css' rel='stylesheet' >\n\n<style>\/* widget: Breadcrumbs *\/\n\n#uc_breadcrumbs_widget_elementor_cea0e68 .uc-breadcrumbs-list {\n  margin: 0;\n  padding: 0;\n  display: flex;\n  flex-wrap: wrap;\n}\n#uc_breadcrumbs_widget_elementor_cea0e68 .uc-breadcrumbs-list li {\n  display: flex;\n  align-items: center;\n  list-style-type: none;\n}\n#uc_breadcrumbs_widget_elementor_cea0e68 .uc-item-title {\n    position: relative;\n    display: inline-flex;\n    justify-content: center;\n    align-items: center;\n}\n#uc_breadcrumbs_widget_elementor_cea0e68 .uc-item-title-inner{\n  display: flex;\n  align-items: center;\n}\n\n\n\n\n\n\n\n<\/style>\n\n\n    \t\n            <div id=\"uc_breadcrumbs_widget_elementor_cea0e68\" class=\"uc-breadcrumbs\">\n            <ul class=\"uc-breadcrumbs-list default\">\n                                                            <li class=\"uc-breadcrumb-item\">\n                            <a href=\"https:\/\/www.sdhuataibattery.com\/es\/\" class=\"uc-item-title\">\n                              <span class=\"uc-item-title-inner\">\n                                                                                                Inicio\n                              <\/span>\n                            <\/a>\n                                                    <\/li>              \t\t    \n                                                <\/ul>\n        <\/div>\n    \n<!-- end Breadcrumbs -->\t\t\t\t<\/div>\n\t\t\t\t<\/div>\n\t\t\t\t\t<\/div>\n\t\t\t\t<\/div>\n\t\t<div class=\"elementor-element elementor-element-7bd54bc e-flex e-con-boxed e-con e-parent\" data-id=\"7bd54bc\" data-element_type=\"container\" data-e-type=\"container\" data-settings=\"{&quot;background_background&quot;:&quot;classic&quot;}\">\n\t\t\t\t\t<div class=\"e-con-inner\">\n\t\t\t\t<div class=\"elementor-element elementor-element-26f50cc elementor-widget elementor-widget-heading\" data-id=\"26f50cc\" data-element_type=\"widget\" data-e-type=\"widget\" data-widget_type=\"heading.default\">\n\t\t\t\t<div class=\"elementor-widget-container\">\n\t\t\t\t\t<h1 class=\"elementor-heading-title elementor-size-default\">Qui\u00e9nes somos<\/h1>\t\t\t\t<\/div>\n\t\t\t\t<\/div>\n\t\t\t\t\t<\/div>\n\t\t\t\t<\/div>\n\t\t<div class=\"elementor-element elementor-element-ff31ecc e-grid e-con-boxed e-con e-parent\" data-id=\"ff31ecc\" data-element_type=\"container\" data-e-type=\"container\" data-settings=\"{&quot;background_background&quot;:&quot;classic&quot;}\">\n\t\t\t\t\t<div class=\"e-con-inner\">\n\t\t\t\t<div class=\"elementor-element elementor-element-0bd611e elementor-widget elementor-widget-video\" data-id=\"0bd611e\" data-element_type=\"widget\" data-e-type=\"widget\" data-settings=\"{&quot;youtube_url&quot;:&quot;https:\\\/\\\/www.youtube.com\\\/watch?v=lGYP3bD8lsg&quot;,&quot;show_image_overlay&quot;:&quot;yes&quot;,&quot;image_overlay&quot;:{&quot;url&quot;:&quot;https:\\\/\\\/www.sdhuataibattery.com\\\/wp-content\\\/uploads\\\/2025\\\/12\\\/gongsi2.jpg&quot;,&quot;id&quot;:4231,&quot;size&quot;:&quot;&quot;,&quot;alt&quot;:&quot;&quot;,&quot;source&quot;:&quot;library&quot;},&quot;lightbox&quot;:&quot;yes&quot;,&quot;video_type&quot;:&quot;youtube&quot;,&quot;controls&quot;:&quot;yes&quot;}\" data-widget_type=\"video.default\">\n\t\t\t\t<div class=\"elementor-widget-container\">\n\t\t\t\t\t\t\t<div class=\"elementor-wrapper elementor-open-lightbox\">\n\t\t\t\t\t\t\t<div class=\"elementor-custom-embed-image-overlay\" data-elementor-open-lightbox=\"yes\" data-elementor-lightbox=\"{&quot;type&quot;:&quot;video&quot;,&quot;videoType&quot;:&quot;youtube&quot;,&quot;url&quot;:&quot;https:\\\/\\\/www.youtube.com\\\/embed\\\/lGYP3bD8lsg?feature=oembed&amp;start&amp;end&amp;wmode=opaque&amp;loop=0&amp;controls=1&amp;mute=0&amp;rel=0&amp;cc_load_policy=0&quot;,&quot;autoplay&quot;:&quot;&quot;,&quot;modalOptions&quot;:{&quot;id&quot;:&quot;elementor-lightbox-0bd611e&quot;,&quot;entranceAnimation&quot;:&quot;&quot;,&quot;entranceAnimation_tablet&quot;:&quot;&quot;,&quot;entranceAnimation_mobile&quot;:&quot;&quot;,&quot;videoAspectRatio&quot;:&quot;169&quot;}}\" data-e-action-hash=\"#elementor-action%3Aaction%3Dlightbox%26settings%3DeyJ0eXBlIjoidmlkZW8iLCJ2aWRlb1R5cGUiOiJ5b3V0dWJlIiwidXJsIjoiaHR0cHM6XC9cL3d3dy55b3V0dWJlLmNvbVwvZW1iZWRcL2xHWVAzYkQ4bHNnP2ZlYXR1cmU9b2VtYmVkJnN0YXJ0JmVuZCZ3bW9kZT1vcGFxdWUmbG9vcD0wJmNvbnRyb2xzPTEmbXV0ZT0wJnJlbD0wJmNjX2xvYWRfcG9saWN5PTAiLCJhdXRvcGxheSI6IiIsIm1vZGFsT3B0aW9ucyI6eyJpZCI6ImVsZW1lbnRvci1saWdodGJveC0wYmQ2MTFlIiwiZW50cmFuY2VBbmltYXRpb24iOiIiLCJlbnRyYW5jZUFuaW1hdGlvbl90YWJsZXQiOiIiLCJlbnRyYW5jZUFuaW1hdGlvbl9tb2JpbGUiOiIiLCJ2aWRlb0FzcGVjdFJhdGlvIjoiMTY5In19\">\n\t\t\t\t\t\t\t\t\t\t\t<img alt=\"\" fetchpriority=\"high\" decoding=\"async\" width=\"1000\" height=\"639\" src=\"https:\/\/www.sdhuataibattery.com\/wp-content\/uploads\/2025\/12\/gongsi2.jpg\" class=\"attachment-full size-full wp-image-4231\" srcset=\"https:\/\/www.sdhuataibattery.com\/wp-content\/uploads\/2025\/12\/gongsi2.jpg 1000w, https:\/\/www.sdhuataibattery.com\/wp-content\/uploads\/2025\/12\/gongsi2-300x192.jpg 300w, https:\/\/www.sdhuataibattery.com\/wp-content\/uploads\/2025\/12\/gongsi2-768x491.jpg 768w, https:\/\/www.sdhuataibattery.com\/wp-content\/uploads\/2025\/12\/gongsi2-18x12.jpg 18w, https:\/\/www.sdhuataibattery.com\/wp-content\/uploads\/2025\/12\/gongsi2-600x383.jpg 600w\" sizes=\"(max-width: 1000px) 100vw, 1000px\" \/>\t\t\t\t\t\t\t\t\t\t\t\t\t\t\t\t<div class=\"elementor-custom-embed-play\" role=\"button\" aria-label=\"\u041f\u0440\u043e\u0438\u0433\u0440\u0430\u0442\u044c \u0432\u0438\u0434\u0435\u043e\" tabindex=\"0\" data-no-translation-aria-label=\"\">\n\t\t\t\t\t\t\t<svg aria-hidden=\"true\" class=\"e-font-icon-svg e-eicon-play\" viewbox=\"0 0 1000 1000\" xmlns=\"http:\/\/www.w3.org\/2000\/svg\"><path d=\"M838 162C746 71 633 25 500 25 371 25 258 71 163 162 71 254 25 367 25 500 25 633 71 746 163 837 254 929 367 979 500 979 633 979 746 933 838 837 929 746 975 633 975 500 975 367 929 254 838 162M808 192C892 279 933 379 933 500 933 621 892 725 808 808 725 892 621 938 500 938 379 938 279 896 196 808 113 725 67 621 67 500 67 379 108 279 196 192 279 108 383 62 500 62 621 62 721 108 808 192M438 392V642L642 517 438 392Z\"><\/path><\/svg>\t\t\t\t\t\t<\/div>\n\t\t\t\t\t\t\t\t\t<\/div>\n\t\t\t\t\t<\/div>\n\t\t\t\t\t\t<\/div>\n\t\t\t\t<\/div>\n\t\t<div class=\"elementor-element elementor-element-ce319bf e-con-full e-flex e-con e-child\" data-id=\"ce319bf\" data-element_type=\"container\" data-e-type=\"container\" data-settings=\"{&quot;background_background&quot;:&quot;classic&quot;}\">\n\t\t\t\t<div class=\"elementor-element elementor-element-006b3fd elementor-widget elementor-widget-ucaddon_square_icon_box\" data-id=\"006b3fd\" data-element_type=\"widget\" data-e-type=\"widget\" data-widget_type=\"ucaddon_square_icon_box.default\">\n\t\t\t\t<div class=\"elementor-widget-container\">\n\t\t\t\t\t\n<!-- start Icon Box -->\n\n<style>\/* widget: Icon Box *\/\n\n#uc_square_icon_box_elementor_006b3fd * { \n\tbox-sizing: border-box; \n}\n\n#uc_square_icon_box_elementor_006b3fd{\n  font-family: inherit;\n  position:relative;\n}\n#uc_square_icon_box_elementor_006b3fd svg{\n  width:1em;\n  height:1em;\n}\n#uc_square_icon_box_elementor_006b3fd .blox-boxed-small-square-icon-box-icon{\n\tposition:relative;\n    display:flex;\n    justify-content:center;\n    align-items:center;\n    transform:rotate(0deg);\n    z-index:2;\n}\n#uc_square_icon_box_elementor_006b3fd .ue-icon {\n  display:inline-block;\n}\n#uc_square_icon_box_elementor_006b3fd .blox-boxed-small-square-icon-box-icon > div{\n\tposition:relative;\n    display:flex;\n    justify-content:center;\n    align-items:center;\n}\n#uc_square_icon_box_elementor_006b3fd .ue-icon-inner{\n    line-height:1em;\n\t} \t\n\n\n#uc_square_icon_box_elementor_006b3fd .ue-icon-inner svg{\n    height:1em;\n    width:1em;\n\t} \t\n\t\n.blox-boxed-small-square-icon-box-heading{\n\tfont-size:21px;\n\t}\n\n\n#uc_square_icon_box_elementor_006b3fd:hover\n{\n  position:relative;\n  z-index:1;\n}\n\n\n#uc_square_icon_box_elementor_006b3fd .ue-title-separator span\n{\n  display:inline-block;\n}\n\n\n\n\n<\/style>\n\n<div class=\"square_icon_box\" id=\"uc_square_icon_box_elementor_006b3fd\">\n  \n         \n                <div  class=\"blox-boxed-small-square-icon-box-heading\">Bater\u00eda de nueva energ\u00eda Huatai<\/div>\n         \n  \t\t             <div class=\"ue-title-separator\">\n               <span><\/span>\n             <\/div>\n          \n  \n                <div class=\"blox-boxed-small-square-icon-box-content\">\n        \t<p>Shandong Linyi Huatai New Energy Battery Co., Ltd.\u00a0was established in May 1993.We are\u00a0currently one of the\u00a0<a href=\"https:\/\/www.sdhuataibattery.com\/es\/fabricante-de-pilas-alcalinas-en-china\/\">principales fabricantes de pilas alcalinas<\/a>\u00a0y\u00a0<a href=\"https:\/\/www.sdhuataibattery.com\/es\/fabricante-de-pilas-de-litio-en-china\/\">lithium battery manufacturers\u00a0in China<\/a> y el\u00a0<a href=\"https:\/\/www.sdhuataibattery.com\/es\/zinc-carbon-heavy-duty-dry-cell-battery-factory-in-china\/\">mayor fabricante&amp;f\u00e1brica mundial de bater\u00edas de zinc-carbono para cargas pesadas<\/a>.\u00a0Our\u00a0products are produced with HUATAI,Power Flash and KINGCELL brand and customer's private label, supplied 6 billion annual output by\u00a0<a href=\"https:\/\/www.sdhuataibattery.com\/es\/produccion-inteligente\/\">L\u00edneas de producci\u00f3n automatizadas de alta velocidad HIBAR<\/a>, ofreciendo\u00a0<a href=\"https:\/\/www.sdhuataibattery.com\/es\/oem-private-label-fabricante-de-pilas-en-china\/\">Soluciones OEM<\/a>\u00a0para pilas de zinc-carb\u00f3n, alcalinas y de litio en todo el mundo.<\/p>\n        <\/div>\n          \n  \t\t        \n          \n  \t\t\n  \t\t  \n<\/div>\n<!-- end Icon Box -->\t\t\t\t<\/div>\n\t\t\t\t<\/div>\n\t\t\t\t<\/div>\n\t\t\t\t\t<\/div>\n\t\t\t\t<\/div>\n\t\t<div class=\"elementor-element elementor-element-04a8237 e-grid e-con-boxed e-con e-parent\" data-id=\"04a8237\" data-element_type=\"container\" data-e-type=\"container\" data-settings=\"{&quot;background_background&quot;:&quot;classic&quot;}\">\n\t\t\t\t\t<div class=\"e-con-inner\">\n\t\t\t\t<div class=\"elementor-element elementor-element-ead71bb elementor-widget elementor-widget-text-editor\" data-id=\"ead71bb\" data-element_type=\"widget\" data-e-type=\"widget\" data-widget_type=\"text-editor.default\">\n\t\t\t\t<div class=\"elementor-widget-container\">\n\t\t\t\t\t\t\t\t\t<p>Nuestra empresa fabrica una amplia gama de pilas adecuadas para diversos dispositivos electr\u00f3nicos, como juguetes, mandos a distancia y linternas. Estamos especializados en <a href=\"https:\/\/www.sdhuataibattery.com\/es\/zinc-carbon-heavy-duty-dry-cell-battery-factory-in-china\/\">pilas de zinc-carbono<\/a>, <a href=\"https:\/\/www.sdhuataibattery.com\/es\/fabricante-de-pilas-alcalinas-en-china\/\">pilas alcalinas<\/a>pilas de bot\u00f3n, pilas alcalinas Hi-Volt,<a href=\"https:\/\/www.sdhuataibattery.com\/es\/fabricante-de-pilas-de-litio-en-china\/\">bater\u00edas de litio<\/a> etc, y tambi\u00e9n suministramos <a href=\"https:\/\/www.sdhuataibattery.com\/es\/oem-private-label-fabricante-de-pilas-en-china\/\">Servicio OEM&amp;ODM de marca propia<\/a>. Los principales modelos de pilas son R20, R14, R6, R03, 6F22, LR20, LR14, LR6, LR03, 6LR61, 27A, 23A, serie CR, serie AG, pilas zinc-aire, etc. Actualmente operamos m\u00e1s de 40 l\u00edneas de producci\u00f3n y siete instalaciones de producci\u00f3n de componentes de bater\u00edas. Nuestras l\u00edneas de ultraprecisi\u00f3n de alta velocidad pueden producir pilas a 800 piezas\/min. Todos nuestros productos de pilas alcalinas son producidos por <a href=\"https:\/\/www.sdhuataibattery.com\/es\/produccion-inteligente\/\">L\u00edneas HIBAR canadienses l\u00edderes en el mundo<\/a>, la l\u00ednea de producci\u00f3n de alta precisi\u00f3n m\u00e1s avanzada del mundo, que con materias primas cuidadosamente seleccionadas. Nuestro volumen de producci\u00f3n anual supera los 3600 millones de piezas.<\/p>\t\t\t\t\t\t\t\t<\/div>\n\t\t\t\t<\/div>\n\t\t<div class=\"elementor-element elementor-element-c75f5be e-con-full e-flex e-con e-child\" data-id=\"c75f5be\" data-element_type=\"container\" data-e-type=\"container\">\n\t\t\t\t<div class=\"elementor-element elementor-element-1947117 elementor-widget elementor-widget-video\" data-id=\"1947117\" data-element_type=\"widget\" data-e-type=\"widget\" data-settings=\"{&quot;youtube_url&quot;:&quot;https:\\\/\\\/www.youtube.com\\\/watch?v=lkFWCGZy98c&quot;,&quot;show_image_overlay&quot;:&quot;yes&quot;,&quot;image_overlay&quot;:{&quot;url&quot;:&quot;https:\\\/\\\/www.sdhuataibattery.com\\\/wp-content\\\/uploads\\\/2025\\\/12\\\/gongsi-1.jpg&quot;,&quot;id&quot;:4315,&quot;size&quot;:&quot;&quot;,&quot;alt&quot;:&quot;&quot;,&quot;source&quot;:&quot;library&quot;},&quot;video_type&quot;:&quot;youtube&quot;,&quot;controls&quot;:&quot;yes&quot;}\" data-widget_type=\"video.default\">\n\t\t\t\t<div class=\"elementor-widget-container\">\n\t\t\t\t\t\t\t<div class=\"elementor-wrapper elementor-open-inline\">\n\t\t\t<div class=\"elementor-video\"><\/div>\t\t\t\t<div class=\"elementor-custom-embed-image-overlay\" style=\"background-image: url(https:\/\/www.sdhuataibattery.com\/wp-content\/uploads\/2025\/12\/gongsi-1.jpg);\">\n\t\t\t\t\t\t\t\t\t\t\t\t\t\t\t\t<div class=\"elementor-custom-embed-play\" role=\"button\" aria-label=\"\u041f\u0440\u043e\u0438\u0433\u0440\u0430\u0442\u044c \u0432\u0438\u0434\u0435\u043e\" tabindex=\"0\" data-no-translation-aria-label=\"\">\n\t\t\t\t\t\t\t<svg aria-hidden=\"true\" class=\"e-font-icon-svg e-eicon-play\" viewbox=\"0 0 1000 1000\" xmlns=\"http:\/\/www.w3.org\/2000\/svg\"><path d=\"M838 162C746 71 633 25 500 25 371 25 258 71 163 162 71 254 25 367 25 500 25 633 71 746 163 837 254 929 367 979 500 979 633 979 746 933 838 837 929 746 975 633 975 500 975 367 929 254 838 162M808 192C892 279 933 379 933 500 933 621 892 725 808 808 725 892 621 938 500 938 379 938 279 896 196 808 113 725 67 621 67 500 67 379 108 279 196 192 279 108 383 62 500 62 621 62 721 108 808 192M438 392V642L642 517 438 392Z\"><\/path><\/svg>\t\t\t\t\t\t<\/div>\n\t\t\t\t\t\t\t\t\t<\/div>\n\t\t\t\t\t<\/div>\n\t\t\t\t\t\t<\/div>\n\t\t\t\t<\/div>\n\t\t\t\t<\/div>\n\t\t\t\t\t<\/div>\n\t\t\t\t<\/div>\n\t\t<div class=\"elementor-element elementor-element-3c91c90 e-grid e-con-boxed e-con e-parent\" data-id=\"3c91c90\" data-element_type=\"container\" data-e-type=\"container\">\n\t\t\t\t\t<div class=\"e-con-inner\">\n\t\t<div class=\"elementor-element elementor-element-b28ec08 e-con-full e-flex e-con e-child\" data-id=\"b28ec08\" data-element_type=\"container\" data-e-type=\"container\" data-settings=\"{&quot;background_background&quot;:&quot;classic&quot;}\">\n\t\t\t\t<div class=\"elementor-element elementor-element-c3ce9ef elementor-widget elementor-widget-video\" data-id=\"c3ce9ef\" data-element_type=\"widget\" data-e-type=\"widget\" data-settings=\"{&quot;youtube_url&quot;:&quot;https:\\\/\\\/www.youtube.com\\\/watch?v=aKLfnNrtUHg&quot;,&quot;show_image_overlay&quot;:&quot;yes&quot;,&quot;image_overlay&quot;:{&quot;url&quot;:&quot;https:\\\/\\\/www.sdhuataibattery.com\\\/wp-content\\\/uploads\\\/2025\\\/12\\\/gongsi3.jpg&quot;,&quot;id&quot;:4341,&quot;size&quot;:&quot;&quot;,&quot;alt&quot;:&quot;&quot;,&quot;source&quot;:&quot;library&quot;},&quot;video_type&quot;:&quot;youtube&quot;,&quot;controls&quot;:&quot;yes&quot;}\" data-widget_type=\"video.default\">\n\t\t\t\t<div class=\"elementor-widget-container\">\n\t\t\t\t\t\t\t<div class=\"elementor-wrapper elementor-open-inline\">\n\t\t\t<div class=\"elementor-video\"><\/div>\t\t\t\t<div class=\"elementor-custom-embed-image-overlay\" style=\"background-image: url(https:\/\/www.sdhuataibattery.com\/wp-content\/uploads\/2025\/12\/gongsi3.jpg);\">\n\t\t\t\t\t\t\t\t\t\t\t\t\t\t\t\t<div class=\"elementor-custom-embed-play\" role=\"button\" aria-label=\"\u041f\u0440\u043e\u0438\u0433\u0440\u0430\u0442\u044c \u0432\u0438\u0434\u0435\u043e\" tabindex=\"0\" data-no-translation-aria-label=\"\">\n\t\t\t\t\t\t\t<svg aria-hidden=\"true\" class=\"e-font-icon-svg e-eicon-play\" viewbox=\"0 0 1000 1000\" xmlns=\"http:\/\/www.w3.org\/2000\/svg\"><path d=\"M838 162C746 71 633 25 500 25 371 25 258 71 163 162 71 254 25 367 25 500 25 633 71 746 163 837 254 929 367 979 500 979 633 979 746 933 838 837 929 746 975 633 975 500 975 367 929 254 838 162M808 192C892 279 933 379 933 500 933 621 892 725 808 808 725 892 621 938 500 938 379 938 279 896 196 808 113 725 67 621 67 500 67 379 108 279 196 192 279 108 383 62 500 62 621 62 721 108 808 192M438 392V642L642 517 438 392Z\"><\/path><\/svg>\t\t\t\t\t\t<\/div>\n\t\t\t\t\t\t\t\t\t<\/div>\n\t\t\t\t\t<\/div>\n\t\t\t\t\t\t<\/div>\n\t\t\t\t<\/div>\n\t\t\t\t<\/div>\n\t\t\t\t<div class=\"elementor-element elementor-element-5c049b9 elementor-widget elementor-widget-text-editor\" data-id=\"5c049b9\" data-element_type=\"widget\" data-e-type=\"widget\" data-widget_type=\"text-editor.default\">\n\t\t\t\t<div class=\"elementor-widget-container\">\n\t\t\t\t\t\t\t\t\t<p>Our company is qualified with ISO9001 and ISO14001 and is BSCI certified. All of our products meet European environmental standards. Our i<a href=\"https:\/\/www.sdhuataibattery.com\/es\/rd-capacidad\/\">ndustry-leading battery technology research center<\/a> is a powerhouse in innovation. To control quality at the source, we self-supply some of the core battery components. <br \/>Nuestra excelente calidad y rendimiento nos han granjeado una excelente reputaci\u00f3n en el sector. Con m\u00e1s de 31 a\u00f1os de experiencia en fabricaci\u00f3n, actualmente exportamos a m\u00e1s de 80 pa\u00edses. Gracias a las ventajas de nuestra gran escala de producci\u00f3n, nuestros clientes tienen siempre garantizada la mejor relaci\u00f3n calidad-precio. Muchas marcas y proveedores de bater\u00edas de renombre subcontratan actualmente su producci\u00f3n con nosotros.\u00a0<\/p>\t\t\t\t\t\t\t\t<\/div>\n\t\t\t\t<\/div>\n\t\t\t\t\t<\/div>\n\t\t\t\t<\/div>\n\t\t<div class=\"elementor-element elementor-element-960bf52 e-flex e-con-boxed e-con e-parent\" data-id=\"960bf52\" data-element_type=\"container\" data-e-type=\"container\" data-settings=\"{&quot;background_background&quot;:&quot;classic&quot;}\">\n\t\t\t\t\t<div class=\"e-con-inner\">\n\t\t\t\t<div class=\"elementor-element elementor-element-0554c0a elementor-widget elementor-widget-text-editor\" data-id=\"0554c0a\" data-element_type=\"widget\" data-e-type=\"widget\" data-widget_type=\"text-editor.default\">\n\t\t\t\t<div class=\"elementor-widget-container\">\n\t\t\t\t\t\t\t\t\t<p>\"El cliente primero, el servicio ante todo\" es nuestra filosof\u00eda de servicio. Nos esforzamos mucho por optimizar nuestro servicio de cumplimiento de pedidos para satisfacer a cada cliente. Adem\u00e1s, nos comprometemos a <a href=\"https:\/\/www.sdhuataibattery.com\/es\/distribuidor\/\">establecer relaciones duraderas<\/a> con nuestros clientes.<\/p>\t\t\t\t\t\t\t\t<\/div>\n\t\t\t\t<\/div>\n\t\t\t\t\t<\/div>\n\t\t\t\t<\/div>\n\t\t<div class=\"elementor-element elementor-element-6f88d4e e-flex e-con-boxed e-con e-parent\" data-id=\"6f88d4e\" data-element_type=\"container\" data-e-type=\"container\" data-settings=\"{&quot;background_background&quot;:&quot;classic&quot;}\">\n\t\t\t\t\t<div class=\"e-con-inner\">\n\t\t<div class=\"elementor-element elementor-element-33361fd e-grid e-con-full e-con e-child\" data-id=\"33361fd\" data-element_type=\"container\" data-e-type=\"container\">\n\t\t\t\t<div class=\"elementor-element elementor-element-dd1a7a9 elementor-widget elementor-widget-text-editor\" data-id=\"dd1a7a9\" data-element_type=\"widget\" data-e-type=\"widget\" data-widget_type=\"text-editor.default\">\n\t\t\t\t<div class=\"elementor-widget-container\">\n\t\t\t\t\t\t\t\t\t<p>Una lista de precios gratuita adaptada a sus necesidades espec\u00edficas.<\/p>\t\t\t\t\t\t\t\t<\/div>\n\t\t\t\t<\/div>\n\t\t\t\t<div class=\"elementor-element elementor-element-9419627 elementor-widget elementor-widget-ucaddon_color_overlay_button\" data-id=\"9419627\" data-element_type=\"widget\" data-e-type=\"widget\" data-widget_type=\"ucaddon_color_overlay_button.default\">\n\t\t\t\t<div class=\"elementor-widget-container\">\n\t\t\t\t\t\n<!-- start Overlay Button -->\n<style>\/* widget: Overlay Button *\/\n\n#uc_color_overlay_button_elementor_9419627 a.color-overlay-link\n{\n  display:inline-block;\n  position:relative;\n  text-decoration:none;\n  overflow:hidden;\n}\n\n#uc_color_overlay_button_elementor_9419627 a span.ue-color-overlay\n{\n  display:block;\n  position:absolute;\n  top:0px;\n  right:0px;\n}\n\n#uc_color_overlay_button_elementor_9419627 a .ue-btn-txt\n{\n  position:relative;\n  display: flex;\n  align-items: center;\n  flex-direction: row;\n}\n#uc_color_overlay_button_elementor_9419627 a .ue-btn-txt svg\n{\n  width:1em;\n  height:1em;\n}\n\n<\/style>\n\n<div id=\"uc_color_overlay_button_elementor_9419627\" class=\"color-overlay-button\">\n  <a href=\"\/es\/contacto\/\" class=\"color-overlay-link\" >\n    <span class=\"ue-color-overlay\"><\/span>\n    <span class=\"ue-btn-txt\">CONTACTO <\/span>\n  <\/a>\n<\/div>\n<!-- end Overlay Button -->\t\t\t\t<\/div>\n\t\t\t\t<\/div>\n\t\t\t\t<\/div>\n\t\t\t\t\t<\/div>\n\t\t\t\t<\/div>\n\t\t\t\t<\/div>","protected":false},"excerpt":{"rendered":"<p>Home &gt; Blog &gt; Parent Category &gt; Category &gt; Page Title About US Huatai New Energy Battery Shandong Linyi Huatai New Energy Battery Co., Ltd.\u00a0was established in May 1993.We are\u00a0currently one of the\u00a0leading alkaline battery manufacturers\u00a0and\u00a0lithium battery manufacturers\u00a0in China and the\u00a0world\u2019s largest heavy duty zinc-carbon batteries manufacturer&amp;factory.\u00a0Our\u00a0products are produced with HUATAI,Power Flash and KINGCELL brand&#8230;<\/p>","protected":false},"author":1,"featured_media":0,"parent":0,"menu_order":0,"comment_status":"closed","ping_status":"closed","template":"","meta":{"_seopress_robots_primary_cat":"","_seopress_titles_title":"","_seopress_titles_desc":"","_seopress_robots_index":"","_uag_custom_page_level_css":"","_kad_blocks_custom_css":"","_kad_blocks_head_custom_js":"","_kad_blocks_body_custom_js":"","_kad_blocks_footer_custom_js":"","_kad_post_transparent":"","_kad_post_title":"hide","_kad_post_layout":"fullwidth","_kad_post_sidebar_id":"","_kad_post_content_style":"unboxed","_kad_post_vertical_padding":"hide","_kad_post_feature":"hide","_kad_post_feature_position":"","_kad_post_header":false,"_kad_post_footer":false,"_kad_post_classname":"","footnotes":""},"class_list":["post-4175","page","type-page","status-publish","hentry"],"taxonomy_info":[],"featured_image_src_large":false,"author_info":{"display_name":"htbattery@huataibattery.com","author_link":"https:\/\/www.sdhuataibattery.com\/es\/author\/jinxing6611gmail-com\/"},"comment_info":0,"uagb_featured_image_src":{"full":false,"thumbnail":false,"medium":false,"medium_large":false,"large":false,"1536x1536":false,"2048x2048":false,"trp-custom-language-flag":false,"woocommerce_thumbnail":false,"woocommerce_single":false,"woocommerce_gallery_thumbnail":false},"uagb_author_info":{"display_name":"htbattery@huataibattery.com","author_link":"https:\/\/www.sdhuataibattery.com\/es\/author\/jinxing6611gmail-com\/"},"uagb_comment_info":0,"uagb_excerpt":"Home &gt; Blog &gt; Parent Category &gt; Category &gt; Page Title About US Huatai New Energy Battery Shandong Linyi Huatai New Energy Battery Co., Ltd.\u00a0was established in May 1993.We are\u00a0currently one of the\u00a0leading alkaline battery manufacturers\u00a0and\u00a0lithium battery manufacturers\u00a0in China and the\u00a0world\u2019s largest heavy duty zinc-carbon batteries manufacturer&amp;factory.\u00a0Our\u00a0products are produced with HUATAI,Power Flash and KINGCELL brand...","_links":{"self":[{"href":"https:\/\/www.sdhuataibattery.com\/es\/wp-json\/wp\/v2\/pages\/4175","targetHints":{"allow":["GET"]}}],"collection":[{"href":"https:\/\/www.sdhuataibattery.com\/es\/wp-json\/wp\/v2\/pages"}],"about":[{"href":"https:\/\/www.sdhuataibattery.com\/es\/wp-json\/wp\/v2\/types\/page"}],"author":[{"embeddable":true,"href":"https:\/\/www.sdhuataibattery.com\/es\/wp-json\/wp\/v2\/users\/1"}],"replies":[{"embeddable":true,"href":"https:\/\/www.sdhuataibattery.com\/es\/wp-json\/wp\/v2\/comments?post=4175"}],"version-history":[{"count":0,"href":"https:\/\/www.sdhuataibattery.com\/es\/wp-json\/wp\/v2\/pages\/4175\/revisions"}],"wp:attachment":[{"href":"https:\/\/www.sdhuataibattery.com\/es\/wp-json\/wp\/v2\/media?parent=4175"}],"curies":[{"name":"wp","href":"https:\/\/api.w.org\/{rel}","templated":true}]}}