{"id":4750,"date":"2025-12-19T06:23:14","date_gmt":"2025-12-19T06:23:14","guid":{"rendered":"https:\/\/www.sdhuataibattery.com\/?page_id=4750"},"modified":"2026-03-06T01:48:28","modified_gmt":"2026-03-06T01:48:28","slug":"produccion-inteligente","status":"publish","type":"page","link":"https:\/\/www.sdhuataibattery.com\/es\/smart-production\/","title":{"rendered":"Producci\u00f3n inteligente"},"content":{"rendered":"<div data-elementor-type=\"wp-page\" data-elementor-id=\"4750\" class=\"elementor elementor-4750\" data-elementor-post-type=\"page\">\n\t\t\t\t<div class=\"elementor-element elementor-element-c11645d e-flex e-con-boxed e-con e-parent\" data-id=\"c11645d\" data-element_type=\"container\" data-e-type=\"container\">\n\t\t\t\t\t<div class=\"e-con-inner\">\n\t\t\t\t<div class=\"elementor-element elementor-element-138a335 elementor-widget elementor-widget-ucaddon_breadcrumbs_widget\" data-id=\"138a335\" data-element_type=\"widget\" data-e-type=\"widget\" data-widget_type=\"ucaddon_breadcrumbs_widget.default\">\n\t\t\t\t<div class=\"elementor-widget-container\">\n\t\t\t\t\t\n<!-- start Breadcrumbs -->\n\t\t<link id='font-awesome-css' href='https:\/\/www.sdhuataibattery.com\/wp-content\/plugins\/unlimited-elements-for-elementor-premium\/assets_libraries\/font-awesome6\/fontawesome-all.min.css' type='text\/css' rel='stylesheet' >\n\t\t<link id='font-awesome-4-shim-css' href='https:\/\/www.sdhuataibattery.com\/wp-content\/plugins\/unlimited-elements-for-elementor-premium\/assets_libraries\/font-awesome6\/fontawesome-v4-shims.min.css' type='text\/css' rel='stylesheet' >\n\n<style>\/* widget: Breadcrumbs *\/\n\n#uc_breadcrumbs_widget_elementor_138a335 .uc-breadcrumbs-list {\n  margin: 0;\n  padding: 0;\n  display: flex;\n  flex-wrap: wrap;\n}\n#uc_breadcrumbs_widget_elementor_138a335 .uc-breadcrumbs-list li {\n  display: flex;\n  align-items: center;\n  list-style-type: none;\n}\n#uc_breadcrumbs_widget_elementor_138a335 .uc-item-title {\n    position: relative;\n    display: inline-flex;\n    justify-content: center;\n    align-items: center;\n}\n#uc_breadcrumbs_widget_elementor_138a335 .uc-item-title-inner{\n  display: flex;\n  align-items: center;\n}\n\n\n\n\n\n\n\n<\/style>\n\n\n    \t\n            <div id=\"uc_breadcrumbs_widget_elementor_138a335\" class=\"uc-breadcrumbs\">\n            <ul class=\"uc-breadcrumbs-list default\">\n                                                            <li class=\"uc-breadcrumb-item\">\n                            <a href=\"https:\/\/www.sdhuataibattery.com\/es\/\" class=\"uc-item-title\">\n                              <span class=\"uc-item-title-inner\">\n                                                                                                Inicio\n                              <\/span>\n                            <\/a>\n                                                    <\/li>              \t\t    \n                                                <\/ul>\n        <\/div>\n    \n<!-- end Breadcrumbs -->\t\t\t\t<\/div>\n\t\t\t\t<\/div>\n\t\t\t\t\t<\/div>\n\t\t\t\t<\/div>\n\t\t<div class=\"elementor-element elementor-element-f13dc6d e-flex e-con-boxed e-con e-parent\" data-id=\"f13dc6d\" data-element_type=\"container\" data-e-type=\"container\">\n\t\t\t\t\t<div class=\"e-con-inner\">\n\t\t\t\t<div class=\"elementor-element elementor-element-4d17e7a elementor-widget elementor-widget-heading\" data-id=\"4d17e7a\" data-element_type=\"widget\" data-e-type=\"widget\" data-widget_type=\"heading.default\">\n\t\t\t\t<div class=\"elementor-widget-container\">\n\t\t\t\t\t<h2 class=\"elementor-heading-title elementor-size-default\">Producci\u00f3n inteligente<\/h2>\t\t\t\t<\/div>\n\t\t\t\t<\/div>\n\t\t\t\t<div class=\"elementor-element elementor-element-3e16032 elementor-widget elementor-widget-ucaddon_square_icon_box\" data-id=\"3e16032\" data-element_type=\"widget\" data-e-type=\"widget\" data-widget_type=\"ucaddon_square_icon_box.default\">\n\t\t\t\t<div class=\"elementor-widget-container\">\n\t\t\t\t\t\n<!-- start Icon Box -->\n\n<style>\/* widget: Icon Box *\/\n\n#uc_square_icon_box_elementor_3e16032 * { \n\tbox-sizing: border-box; \n}\n\n#uc_square_icon_box_elementor_3e16032{\n  font-family: inherit;\n  position:relative;\n}\n#uc_square_icon_box_elementor_3e16032 svg{\n  width:1em;\n  height:1em;\n}\n#uc_square_icon_box_elementor_3e16032 .blox-boxed-small-square-icon-box-icon{\n\tposition:relative;\n    display:flex;\n    justify-content:center;\n    align-items:center;\n    transform:rotate(0deg);\n    z-index:2;\n}\n#uc_square_icon_box_elementor_3e16032 .ue-icon {\n  display:inline-block;\n}\n#uc_square_icon_box_elementor_3e16032 .blox-boxed-small-square-icon-box-icon > div{\n\tposition:relative;\n    display:flex;\n    justify-content:center;\n    align-items:center;\n}\n#uc_square_icon_box_elementor_3e16032 .ue-icon-inner{\n    line-height:1em;\n\t} \t\n\n\n#uc_square_icon_box_elementor_3e16032 .ue-icon-inner svg{\n    height:1em;\n    width:1em;\n\t} \t\n\t\n.blox-boxed-small-square-icon-box-heading{\n\tfont-size:21px;\n\t}\n\n\n#uc_square_icon_box_elementor_3e16032:hover\n{\n  position:relative;\n  z-index:1;\n}\n\n\n#uc_square_icon_box_elementor_3e16032 .ue-title-separator span\n{\n  display:inline-block;\n}\n\n\n\n\n<\/style>\n\n<div class=\"square_icon_box\" id=\"uc_square_icon_box_elementor_3e16032\">\n  \n         \n                <div  class=\"blox-boxed-small-square-icon-box-heading\">Taller de automatizaci\u00f3n inteligente de alto nivel<\/div>\n         \n  \t\t             <div class=\"ue-title-separator\">\n               <span><\/span>\n             <\/div>\n          \n  \n                <div class=\"blox-boxed-small-square-icon-box-content\">\n        \t<p>Como proyecto de l\u00ednea de producci\u00f3n inteligente no tripulada de nueva generaci\u00f3n de la empresa, <a href=\"https:\/\/www.sdhuataibattery.com\/es\/acerca-de\/\">Bater\u00eda Huatai<\/a> L\u00ednea de producci\u00f3n inteligente adopta la l\u00ednea de producci\u00f3n canadiense HIBAR del mundo para lograr la producci\u00f3n industrial inteligente.Nuestra f\u00e1brica utiliza estas l\u00edneas de producci\u00f3n para producir <a href=\"https:\/\/www.sdhuataibattery.com\/es\/zinc-carbon-heavy-duty-dry-cell-battery-factory-in-china\/\">pilas de zinc-carbono<\/a>, <a href=\"https:\/\/www.sdhuataibattery.com\/es\/fabricante-de-pilas-alcalinas-en-china\/\">pilas alcalinas<\/a>pilas de bot\u00f3n, pilas alcalinas Hi-Volt,<a href=\"https:\/\/www.sdhuataibattery.com\/es\/fabricante-de-pilas-de-litio-en-china\/\">bater\u00edas de litio<\/a> etc, y tambi\u00e9n suministramos <a href=\"https:\/\/www.sdhuataibattery.com\/es\/oem-private-label-fabricante-de-pilas-en-china\/\">Servicio OEM&amp;ODM de marca propia<\/a> para nuestros clientes de todo el mundo.<\/p>\n        <\/div>\n          \n  \t\t        \n          \n  \t\t\n  \t\t  \n<\/div>\n<!-- end Icon Box -->\t\t\t\t<\/div>\n\t\t\t\t<\/div>\n\t\t\t\t<div class=\"elementor-element elementor-element-f17a78c elementor-widget elementor-widget-image\" data-id=\"f17a78c\" data-element_type=\"widget\" data-e-type=\"widget\" data-widget_type=\"image.default\">\n\t\t\t\t<div class=\"elementor-widget-container\">\n\t\t\t\t\t\t\t\t\t\t\t\t\t\t\t<img alt=\"\" decoding=\"async\" width=\"1255\" height=\"245\" src=\"https:\/\/www.sdhuataibattery.com\/wp-content\/uploads\/2025\/12\/\u9ad8\u6807\u51c6\u667a\u80fd\u81ea\u52a8\u5316\u8f66\u95f4.jpg\" class=\"attachment-full size-full wp-image-4766\" srcset=\"https:\/\/www.sdhuataibattery.com\/wp-content\/uploads\/2025\/12\/\u9ad8\u6807\u51c6\u667a\u80fd\u81ea\u52a8\u5316\u8f66\u95f4.jpg 1255w, https:\/\/www.sdhuataibattery.com\/wp-content\/uploads\/2025\/12\/\u9ad8\u6807\u51c6\u667a\u80fd\u81ea\u52a8\u5316\u8f66\u95f4-300x59.jpg 300w, https:\/\/www.sdhuataibattery.com\/wp-content\/uploads\/2025\/12\/\u9ad8\u6807\u51c6\u667a\u80fd\u81ea\u52a8\u5316\u8f66\u95f4-1024x200.jpg 1024w, https:\/\/www.sdhuataibattery.com\/wp-content\/uploads\/2025\/12\/\u9ad8\u6807\u51c6\u667a\u80fd\u81ea\u52a8\u5316\u8f66\u95f4-768x150.jpg 768w, https:\/\/www.sdhuataibattery.com\/wp-content\/uploads\/2025\/12\/\u9ad8\u6807\u51c6\u667a\u80fd\u81ea\u52a8\u5316\u8f66\u95f4-18x4.jpg 18w, https:\/\/www.sdhuataibattery.com\/wp-content\/uploads\/2025\/12\/\u9ad8\u6807\u51c6\u667a\u80fd\u81ea\u52a8\u5316\u8f66\u95f4-600x117.jpg 600w\" sizes=\"(max-width: 1255px) 100vw, 1255px\" \/>\t\t\t\t\t\t\t\t\t\t\t\t\t\t\t<\/div>\n\t\t\t\t<\/div>\n\t\t\t\t<div class=\"elementor-element elementor-element-59e6061 elementor-widget elementor-widget-ucaddon_square_icon_box\" data-id=\"59e6061\" data-element_type=\"widget\" data-e-type=\"widget\" data-widget_type=\"ucaddon_square_icon_box.default\">\n\t\t\t\t<div class=\"elementor-widget-container\">\n\t\t\t\t\t\n<!-- start Icon Box -->\n\n<style>\/* widget: Icon Box *\/\n\n#uc_square_icon_box_elementor_59e6061 * { \n\tbox-sizing: border-box; \n}\n\n#uc_square_icon_box_elementor_59e6061{\n  font-family: inherit;\n  position:relative;\n}\n#uc_square_icon_box_elementor_59e6061 svg{\n  width:1em;\n  height:1em;\n}\n#uc_square_icon_box_elementor_59e6061 .blox-boxed-small-square-icon-box-icon{\n\tposition:relative;\n    display:flex;\n    justify-content:center;\n    align-items:center;\n    transform:rotate(0deg);\n    z-index:2;\n}\n#uc_square_icon_box_elementor_59e6061 .ue-icon {\n  display:inline-block;\n}\n#uc_square_icon_box_elementor_59e6061 .blox-boxed-small-square-icon-box-icon > div{\n\tposition:relative;\n    display:flex;\n    justify-content:center;\n    align-items:center;\n}\n#uc_square_icon_box_elementor_59e6061 .ue-icon-inner{\n    line-height:1em;\n\t} \t\n\n\n#uc_square_icon_box_elementor_59e6061 .ue-icon-inner svg{\n    height:1em;\n    width:1em;\n\t} \t\n\t\n.blox-boxed-small-square-icon-box-heading{\n\tfont-size:21px;\n\t}\n\n\n#uc_square_icon_box_elementor_59e6061:hover\n{\n  position:relative;\n  z-index:1;\n}\n\n\n#uc_square_icon_box_elementor_59e6061 .ue-title-separator span\n{\n  display:inline-block;\n}\n\n\n\n\n<\/style>\n\n<div class=\"square_icon_box\" id=\"uc_square_icon_box_elementor_59e6061\">\n  \n         \n                <div  class=\"blox-boxed-small-square-icon-box-heading\">Instalaciones de ensayo<\/div>\n         \n  \t\t             <div class=\"ue-title-separator\">\n               <span><\/span>\n             <\/div>\n          \n  \n                <div class=\"blox-boxed-small-square-icon-box-content\">\n        \t<p>La empresa cuenta con un estricto sistema de inspecci\u00f3n de calidad, compuesto por departamentos como laboratorios, salas de pruebas y salas de descarga. Equipada con instalaciones inteligentes de detecci\u00f3n de descarga de bater\u00edas, cuenta con equipos de detecci\u00f3n de bater\u00edas destructivas, como la caja de alta temperatura, la caja de alta temperatura y alta humedad, y la caja de ciclos de alta y baja temperatura. Todos los tipos de equipos experimentales, de laboratorio y de detecci\u00f3n son completos, y los m\u00e9todos de detecci\u00f3n son perfectos. La tecnolog\u00eda de detecci\u00f3n es la primera, proporcionando una fuerte garant\u00eda para la producci\u00f3n de bater\u00edas de alta calidad. La empresa ha aprobado el sistema de gesti\u00f3n de calidad ISO 9001:2015 y el sistema de gesti\u00f3n medioambiental ISO 14001:2015. <a href=\"https:\/\/www.sdhuataibattery.com\/es\/certificate\/\">certificaci\u00f3n<\/a>!<\/p>\n        <\/div>\n          \n  \t\t        \n          \n  \t\t\n  \t\t  \n<\/div>\n<!-- end Icon Box -->\t\t\t\t<\/div>\n\t\t\t\t<\/div>\n\t\t\t\t<div class=\"elementor-element elementor-element-65ea813 elementor-widget elementor-widget-image\" data-id=\"65ea813\" data-element_type=\"widget\" data-e-type=\"widget\" data-widget_type=\"image.default\">\n\t\t\t\t<div class=\"elementor-widget-container\">\n\t\t\t\t\t\t\t\t\t\t\t\t\t\t\t<img alt=\"\" loading=\"lazy\" decoding=\"async\" width=\"1255\" height=\"276\" src=\"https:\/\/www.sdhuataibattery.com\/wp-content\/uploads\/2025\/12\/\u68c0\u6d4b\u8bbe\u65bd.jpg\" class=\"attachment-full size-full wp-image-4770\" srcset=\"https:\/\/www.sdhuataibattery.com\/wp-content\/uploads\/2025\/12\/\u68c0\u6d4b\u8bbe\u65bd.jpg 1255w, https:\/\/www.sdhuataibattery.com\/wp-content\/uploads\/2025\/12\/\u68c0\u6d4b\u8bbe\u65bd-300x66.jpg 300w, https:\/\/www.sdhuataibattery.com\/wp-content\/uploads\/2025\/12\/\u68c0\u6d4b\u8bbe\u65bd-1024x225.jpg 1024w, https:\/\/www.sdhuataibattery.com\/wp-content\/uploads\/2025\/12\/\u68c0\u6d4b\u8bbe\u65bd-768x169.jpg 768w, https:\/\/www.sdhuataibattery.com\/wp-content\/uploads\/2025\/12\/\u68c0\u6d4b\u8bbe\u65bd-18x4.jpg 18w, https:\/\/www.sdhuataibattery.com\/wp-content\/uploads\/2025\/12\/\u68c0\u6d4b\u8bbe\u65bd-600x132.jpg 600w\" sizes=\"(max-width: 1255px) 100vw, 1255px\" \/>\t\t\t\t\t\t\t\t\t\t\t\t\t\t\t<\/div>\n\t\t\t\t<\/div>\n\t\t\t\t\t<\/div>\n\t\t\t\t<\/div>\n\t\t\t\t<\/div>","protected":false},"excerpt":{"rendered":"<p>Home &gt; Blog &gt; Parent Category &gt; Category &gt; Page Title Smart Production High standard intelligent automation workshop As the company&#8217;s next-generation unmanned intelligent production line project, Huatai Battery Intelligent Production Line adopts the world&#8217;s Canadian HIBAR production line to achieve industrial intelligent production.Our factory uses these production lines to produce zinc-carbon batteries, alkaline batteries,&#8230;<\/p>","protected":false},"author":1,"featured_media":0,"parent":0,"menu_order":0,"comment_status":"closed","ping_status":"closed","template":"","meta":{"_seopress_robots_primary_cat":"","_seopress_titles_title":"","_seopress_titles_desc":"","_seopress_robots_index":"","_uag_custom_page_level_css":"","_kad_blocks_custom_css":"","_kad_blocks_head_custom_js":"","_kad_blocks_body_custom_js":"","_kad_blocks_footer_custom_js":"","_kad_post_transparent":"","_kad_post_title":"hide","_kad_post_layout":"fullwidth","_kad_post_sidebar_id":"","_kad_post_content_style":"unboxed","_kad_post_vertical_padding":"hide","_kad_post_feature":"hide","_kad_post_feature_position":"","_kad_post_header":false,"_kad_post_footer":false,"_kad_post_classname":"","footnotes":""},"class_list":["post-4750","page","type-page","status-publish","hentry"],"taxonomy_info":[],"featured_image_src_large":false,"author_info":{"display_name":"htbattery@huataibattery.com","author_link":"https:\/\/www.sdhuataibattery.com\/es\/author\/jinxing6611gmail-com\/"},"comment_info":0,"uagb_featured_image_src":{"full":false,"thumbnail":false,"medium":false,"medium_large":false,"large":false,"1536x1536":false,"2048x2048":false,"trp-custom-language-flag":false,"woocommerce_thumbnail":false,"woocommerce_single":false,"woocommerce_gallery_thumbnail":false},"uagb_author_info":{"display_name":"htbattery@huataibattery.com","author_link":"https:\/\/www.sdhuataibattery.com\/es\/author\/jinxing6611gmail-com\/"},"uagb_comment_info":0,"uagb_excerpt":"Home &gt; Blog &gt; Parent Category &gt; Category &gt; Page Title Smart Production High standard intelligent automation workshop As the company&#8217;s next-generation unmanned intelligent production line project, Huatai Battery Intelligent Production Line adopts the world&#8217;s Canadian HIBAR production line to achieve industrial intelligent production.Our factory uses these production lines to produce zinc-carbon batteries, alkaline batteries,...","_links":{"self":[{"href":"https:\/\/www.sdhuataibattery.com\/es\/wp-json\/wp\/v2\/pages\/4750","targetHints":{"allow":["GET"]}}],"collection":[{"href":"https:\/\/www.sdhuataibattery.com\/es\/wp-json\/wp\/v2\/pages"}],"about":[{"href":"https:\/\/www.sdhuataibattery.com\/es\/wp-json\/wp\/v2\/types\/page"}],"author":[{"embeddable":true,"href":"https:\/\/www.sdhuataibattery.com\/es\/wp-json\/wp\/v2\/users\/1"}],"replies":[{"embeddable":true,"href":"https:\/\/www.sdhuataibattery.com\/es\/wp-json\/wp\/v2\/comments?post=4750"}],"version-history":[{"count":0,"href":"https:\/\/www.sdhuataibattery.com\/es\/wp-json\/wp\/v2\/pages\/4750\/revisions"}],"wp:attachment":[{"href":"https:\/\/www.sdhuataibattery.com\/es\/wp-json\/wp\/v2\/media?parent=4750"}],"curies":[{"name":"wp","href":"https:\/\/api.w.org\/{rel}","templated":true}]}}