{"id":4782,"date":"2025-12-22T00:55:56","date_gmt":"2025-12-22T00:55:56","guid":{"rendered":"https:\/\/www.sdhuataibattery.com\/?page_id=4782"},"modified":"2026-04-12T03:13:53","modified_gmt":"2026-04-12T03:13:53","slug":"cooperacion","status":"publish","type":"page","link":"https:\/\/www.sdhuataibattery.com\/es\/cooperation\/","title":{"rendered":"Cooperaci\u00f3n"},"content":{"rendered":"<div data-elementor-type=\"wp-page\" data-elementor-id=\"4782\" class=\"elementor elementor-4782\" data-elementor-post-type=\"page\">\n\t\t\t\t<div class=\"elementor-element elementor-element-97e82f7 e-flex e-con-boxed e-con e-parent\" data-id=\"97e82f7\" data-element_type=\"container\" data-e-type=\"container\">\n\t\t\t\t\t<div class=\"e-con-inner\">\n\t\t\t\t<div class=\"elementor-element elementor-element-fb6c679 elementor-widget elementor-widget-theme-post-title elementor-page-title elementor-widget-heading\" data-id=\"fb6c679\" data-element_type=\"widget\" data-e-type=\"widget\" data-widget_type=\"theme-post-title.default\">\n\t\t\t\t<div class=\"elementor-widget-container\">\n\t\t\t\t\t<h6 class=\"elementor-heading-title elementor-size-default\">Home&gt;&gt;Cooperation<\/h6>\t\t\t\t<\/div>\n\t\t\t\t<\/div>\n\t\t\t\t\t<\/div>\n\t\t\t\t<\/div>\n\t\t<div class=\"elementor-element elementor-element-76e51d7 e-flex e-con-boxed e-con e-parent\" data-id=\"76e51d7\" data-element_type=\"container\" data-e-type=\"container\">\n\t\t\t\t\t<div class=\"e-con-inner\">\n\t\t\t\t<div class=\"elementor-element elementor-element-527415c elementor-widget elementor-widget-heading\" data-id=\"527415c\" data-element_type=\"widget\" data-e-type=\"widget\" data-widget_type=\"heading.default\">\n\t\t\t\t<div class=\"elementor-widget-container\">\n\t\t\t\t\t<h1 class=\"elementor-heading-title elementor-size-default\">Colaboraci\u00f3n de marca\n<\/h1>\t\t\t\t<\/div>\n\t\t\t\t<\/div>\n\t\t\t\t\t<\/div>\n\t\t\t\t<\/div>\n\t\t<div class=\"elementor-element elementor-element-e195594 e-grid e-con-boxed e-con e-parent\" data-id=\"e195594\" data-element_type=\"container\" data-e-type=\"container\">\n\t\t\t\t\t<div class=\"e-con-inner\">\n\t\t\t\t<div class=\"elementor-element elementor-element-21dba58 elementor-position-top elementor-widget elementor-widget-image-box\" data-id=\"21dba58\" data-element_type=\"widget\" data-e-type=\"widget\" data-widget_type=\"image-box.default\">\n\t\t\t\t<div class=\"elementor-widget-container\">\n\t\t\t\t\t<div class=\"elementor-image-box-wrapper\"><figure class=\"elementor-image-box-img\"><img alt=\"\" fetchpriority=\"high\" decoding=\"async\" width=\"900\" height=\"600\" src=\"https:\/\/www.sdhuataibattery.com\/wp-content\/uploads\/2025\/12\/\u5728\u5fb7\u56fd\u67cf\u6797\u4e0eTEKSAN\u96c6\u56e2\u8fdb\u884c\u56fd\u9645\u4e1a\u52a1\u5408\u4f5c\u6d3d\u8c08.jpg\" class=\"elementor-animation-shrink attachment-full size-full wp-image-4802\" srcset=\"https:\/\/www.sdhuataibattery.com\/wp-content\/uploads\/2025\/12\/\u5728\u5fb7\u56fd\u67cf\u6797\u4e0eTEKSAN\u96c6\u56e2\u8fdb\u884c\u56fd\u9645\u4e1a\u52a1\u5408\u4f5c\u6d3d\u8c08.jpg 900w, https:\/\/www.sdhuataibattery.com\/wp-content\/uploads\/2025\/12\/\u5728\u5fb7\u56fd\u67cf\u6797\u4e0eTEKSAN\u96c6\u56e2\u8fdb\u884c\u56fd\u9645\u4e1a\u52a1\u5408\u4f5c\u6d3d\u8c08-300x200.jpg 300w, https:\/\/www.sdhuataibattery.com\/wp-content\/uploads\/2025\/12\/\u5728\u5fb7\u56fd\u67cf\u6797\u4e0eTEKSAN\u96c6\u56e2\u8fdb\u884c\u56fd\u9645\u4e1a\u52a1\u5408\u4f5c\u6d3d\u8c08-768x512.jpg 768w, https:\/\/www.sdhuataibattery.com\/wp-content\/uploads\/2025\/12\/\u5728\u5fb7\u56fd\u67cf\u6797\u4e0eTEKSAN\u96c6\u56e2\u8fdb\u884c\u56fd\u9645\u4e1a\u52a1\u5408\u4f5c\u6d3d\u8c08-18x12.jpg 18w, https:\/\/www.sdhuataibattery.com\/wp-content\/uploads\/2025\/12\/\u5728\u5fb7\u56fd\u67cf\u6797\u4e0eTEKSAN\u96c6\u56e2\u8fdb\u884c\u56fd\u9645\u4e1a\u52a1\u5408\u4f5c\u6d3d\u8c08-600x400.jpg 600w\" sizes=\"(max-width: 900px) 100vw, 900px\" \/><\/figure><div class=\"elementor-image-box-content\"><div class=\"elementor-image-box-title\">Negociaciones de cooperaci\u00f3n empresarial internacional con el Grupo TEKSAN en Berl\u00edn (Alemania)<\/div><\/div><\/div>\t\t\t\t<\/div>\n\t\t\t\t<\/div>\n\t\t\t\t<div class=\"elementor-element elementor-element-88a4f3e elementor-position-top elementor-widget elementor-widget-image-box\" data-id=\"88a4f3e\" data-element_type=\"widget\" data-e-type=\"widget\" data-widget_type=\"image-box.default\">\n\t\t\t\t<div class=\"elementor-widget-container\">\n\t\t\t\t\t<div class=\"elementor-image-box-wrapper\"><figure class=\"elementor-image-box-img\"><img alt=\"\" decoding=\"async\" width=\"900\" height=\"600\" src=\"https:\/\/www.sdhuataibattery.com\/wp-content\/uploads\/2025\/12\/\u5728130\u5c4a\u5e7f\u4ea4\u4f1a\u4e0eIHQ-IMPORT-GMBH\u516c\u53f8\u603b\u76d1-Frank-Guschermohle\u8fdb\u884c\u56fd\u9645\u4e1a\u52a1\u5408\u4f5c\u6d3d\u8c08.jpg\" class=\"elementor-animation-shrink attachment-full size-full wp-image-4806\" srcset=\"https:\/\/www.sdhuataibattery.com\/wp-content\/uploads\/2025\/12\/\u5728130\u5c4a\u5e7f\u4ea4\u4f1a\u4e0eIHQ-IMPORT-GMBH\u516c\u53f8\u603b\u76d1-Frank-Guschermohle\u8fdb\u884c\u56fd\u9645\u4e1a\u52a1\u5408\u4f5c\u6d3d\u8c08.jpg 900w, https:\/\/www.sdhuataibattery.com\/wp-content\/uploads\/2025\/12\/\u5728130\u5c4a\u5e7f\u4ea4\u4f1a\u4e0eIHQ-IMPORT-GMBH\u516c\u53f8\u603b\u76d1-Frank-Guschermohle\u8fdb\u884c\u56fd\u9645\u4e1a\u52a1\u5408\u4f5c\u6d3d\u8c08-300x200.jpg 300w, https:\/\/www.sdhuataibattery.com\/wp-content\/uploads\/2025\/12\/\u5728130\u5c4a\u5e7f\u4ea4\u4f1a\u4e0eIHQ-IMPORT-GMBH\u516c\u53f8\u603b\u76d1-Frank-Guschermohle\u8fdb\u884c\u56fd\u9645\u4e1a\u52a1\u5408\u4f5c\u6d3d\u8c08-768x512.jpg 768w, https:\/\/www.sdhuataibattery.com\/wp-content\/uploads\/2025\/12\/\u5728130\u5c4a\u5e7f\u4ea4\u4f1a\u4e0eIHQ-IMPORT-GMBH\u516c\u53f8\u603b\u76d1-Frank-Guschermohle\u8fdb\u884c\u56fd\u9645\u4e1a\u52a1\u5408\u4f5c\u6d3d\u8c08-18x12.jpg 18w, https:\/\/www.sdhuataibattery.com\/wp-content\/uploads\/2025\/12\/\u5728130\u5c4a\u5e7f\u4ea4\u4f1a\u4e0eIHQ-IMPORT-GMBH\u516c\u53f8\u603b\u76d1-Frank-Guschermohle\u8fdb\u884c\u56fd\u9645\u4e1a\u52a1\u5408\u4f5c\u6d3d\u8c08-600x400.jpg 600w\" sizes=\"(max-width: 900px) 100vw, 900px\" \/><\/figure><div class=\"elementor-image-box-content\"><div class=\"elementor-image-box-title\">Negociaciones de cooperaci\u00f3n empresarial internacional con Frank Guscherm \u00f6 hle, Director de IHQ Import GMBH, en la 130\u00aa Feria de Cant\u00f3n<\/div><\/div><\/div>\t\t\t\t<\/div>\n\t\t\t\t<\/div>\n\t\t\t\t<div class=\"elementor-element elementor-element-8c1662e elementor-position-top elementor-widget elementor-widget-image-box\" data-id=\"8c1662e\" data-element_type=\"widget\" data-e-type=\"widget\" data-widget_type=\"image-box.default\">\n\t\t\t\t<div class=\"elementor-widget-container\">\n\t\t\t\t\t<div class=\"elementor-image-box-wrapper\"><figure class=\"elementor-image-box-img\"><img alt=\"\" decoding=\"async\" width=\"900\" height=\"600\" src=\"https:\/\/www.sdhuataibattery.com\/wp-content\/uploads\/2025\/12\/\u4e0e\u52a0\u62ff\u5927\u8457\u540d\u7535\u6c60\u4e13\u5bb6Klaus\u56e2\u961f\u7b7e\u7f72\u6280\u672f\u5408\u4f5c\u4e66.jpg\" class=\"elementor-animation-shrink attachment-full size-full wp-image-4810\" srcset=\"https:\/\/www.sdhuataibattery.com\/wp-content\/uploads\/2025\/12\/\u4e0e\u52a0\u62ff\u5927\u8457\u540d\u7535\u6c60\u4e13\u5bb6Klaus\u56e2\u961f\u7b7e\u7f72\u6280\u672f\u5408\u4f5c\u4e66.jpg 900w, https:\/\/www.sdhuataibattery.com\/wp-content\/uploads\/2025\/12\/\u4e0e\u52a0\u62ff\u5927\u8457\u540d\u7535\u6c60\u4e13\u5bb6Klaus\u56e2\u961f\u7b7e\u7f72\u6280\u672f\u5408\u4f5c\u4e66-300x200.jpg 300w, https:\/\/www.sdhuataibattery.com\/wp-content\/uploads\/2025\/12\/\u4e0e\u52a0\u62ff\u5927\u8457\u540d\u7535\u6c60\u4e13\u5bb6Klaus\u56e2\u961f\u7b7e\u7f72\u6280\u672f\u5408\u4f5c\u4e66-768x512.jpg 768w, https:\/\/www.sdhuataibattery.com\/wp-content\/uploads\/2025\/12\/\u4e0e\u52a0\u62ff\u5927\u8457\u540d\u7535\u6c60\u4e13\u5bb6Klaus\u56e2\u961f\u7b7e\u7f72\u6280\u672f\u5408\u4f5c\u4e66-18x12.jpg 18w, https:\/\/www.sdhuataibattery.com\/wp-content\/uploads\/2025\/12\/\u4e0e\u52a0\u62ff\u5927\u8457\u540d\u7535\u6c60\u4e13\u5bb6Klaus\u56e2\u961f\u7b7e\u7f72\u6280\u672f\u5408\u4f5c\u4e66-600x400.jpg 600w\" sizes=\"(max-width: 900px) 100vw, 900px\" \/><\/figure><div class=\"elementor-image-box-content\"><div class=\"elementor-image-box-title\">Firmado un acuerdo de cooperaci\u00f3n t\u00e9cnica con el equipo de Klaus, un reputado experto canadiense en bater\u00edas<\/div><\/div><\/div>\t\t\t\t<\/div>\n\t\t\t\t<\/div>\n\t\t\t\t<div class=\"elementor-element elementor-element-bf87e45 elementor-position-top elementor-widget elementor-widget-image-box\" data-id=\"bf87e45\" data-element_type=\"widget\" data-e-type=\"widget\" data-widget_type=\"image-box.default\">\n\t\t\t\t<div class=\"elementor-widget-container\">\n\t\t\t\t\t<div class=\"elementor-image-box-wrapper\"><figure class=\"elementor-image-box-img\"><img alt=\"\" loading=\"lazy\" decoding=\"async\" width=\"900\" height=\"600\" src=\"https:\/\/www.sdhuataibattery.com\/wp-content\/uploads\/2025\/12\/\u9999\u6e2f\u677e\u67cf\u96c6\u56e2\u3001\u5e7f\u897f\u6842\u67f3\u96c6\u56e2\u4e0e\u534e\u592a\u96c6\u56e2\u8fdb\u884c\u4ea7\u4e1a\u94fe\u5408\u4f5c\u4ea4\u6d41.jpg\" class=\"elementor-animation-shrink attachment-full size-full wp-image-4814\" srcset=\"https:\/\/www.sdhuataibattery.com\/wp-content\/uploads\/2025\/12\/\u9999\u6e2f\u677e\u67cf\u96c6\u56e2\u3001\u5e7f\u897f\u6842\u67f3\u96c6\u56e2\u4e0e\u534e\u592a\u96c6\u56e2\u8fdb\u884c\u4ea7\u4e1a\u94fe\u5408\u4f5c\u4ea4\u6d41.jpg 900w, https:\/\/www.sdhuataibattery.com\/wp-content\/uploads\/2025\/12\/\u9999\u6e2f\u677e\u67cf\u96c6\u56e2\u3001\u5e7f\u897f\u6842\u67f3\u96c6\u56e2\u4e0e\u534e\u592a\u96c6\u56e2\u8fdb\u884c\u4ea7\u4e1a\u94fe\u5408\u4f5c\u4ea4\u6d41-300x200.jpg 300w, https:\/\/www.sdhuataibattery.com\/wp-content\/uploads\/2025\/12\/\u9999\u6e2f\u677e\u67cf\u96c6\u56e2\u3001\u5e7f\u897f\u6842\u67f3\u96c6\u56e2\u4e0e\u534e\u592a\u96c6\u56e2\u8fdb\u884c\u4ea7\u4e1a\u94fe\u5408\u4f5c\u4ea4\u6d41-768x512.jpg 768w, https:\/\/www.sdhuataibattery.com\/wp-content\/uploads\/2025\/12\/\u9999\u6e2f\u677e\u67cf\u96c6\u56e2\u3001\u5e7f\u897f\u6842\u67f3\u96c6\u56e2\u4e0e\u534e\u592a\u96c6\u56e2\u8fdb\u884c\u4ea7\u4e1a\u94fe\u5408\u4f5c\u4ea4\u6d41-18x12.jpg 18w, https:\/\/www.sdhuataibattery.com\/wp-content\/uploads\/2025\/12\/\u9999\u6e2f\u677e\u67cf\u96c6\u56e2\u3001\u5e7f\u897f\u6842\u67f3\u96c6\u56e2\u4e0e\u534e\u592a\u96c6\u56e2\u8fdb\u884c\u4ea7\u4e1a\u94fe\u5408\u4f5c\u4ea4\u6d41-600x400.jpg 600w\" sizes=\"(max-width: 900px) 100vw, 900px\" \/><\/figure><div class=\"elementor-image-box-content\"><div class=\"elementor-image-box-title\">Hong Kong Songbai Group, Guangxi Guiliu Group y Huatai Group participan en la cooperaci\u00f3n y el intercambio en la cadena industrial<\/div><\/div><\/div>\t\t\t\t<\/div>\n\t\t\t\t<\/div>\n\t\t\t\t<div class=\"elementor-element elementor-element-50c9c4c elementor-position-top elementor-widget elementor-widget-image-box\" data-id=\"50c9c4c\" data-element_type=\"widget\" data-e-type=\"widget\" data-widget_type=\"image-box.default\">\n\t\t\t\t<div class=\"elementor-widget-container\">\n\t\t\t\t\t<div class=\"elementor-image-box-wrapper\"><figure class=\"elementor-image-box-img\"><img alt=\"\" loading=\"lazy\" decoding=\"async\" width=\"900\" height=\"600\" src=\"https:\/\/www.sdhuataibattery.com\/wp-content\/uploads\/2025\/12\/\u82cf\u5dde\u5927\u5b66\u6559\u6388\u3001\u56fd\u5bb6\u7535\u6c60\u6807\u59d4\u4f1a\u4e3b\u4efb\u9a6c\u6263\u7965\u4e0e\u534e\u592a\u96c6\u56e2\u5c31\u56fd\u5bb6\u5f3a\u5236\u6807\u51c6\u8fdb\u884c\u5b66\u672f\u4ea4\u6d41.jpg\" class=\"elementor-animation-shrink attachment-full size-full wp-image-4815\" srcset=\"https:\/\/www.sdhuataibattery.com\/wp-content\/uploads\/2025\/12\/\u82cf\u5dde\u5927\u5b66\u6559\u6388\u3001\u56fd\u5bb6\u7535\u6c60\u6807\u59d4\u4f1a\u4e3b\u4efb\u9a6c\u6263\u7965\u4e0e\u534e\u592a\u96c6\u56e2\u5c31\u56fd\u5bb6\u5f3a\u5236\u6807\u51c6\u8fdb\u884c\u5b66\u672f\u4ea4\u6d41.jpg 900w, https:\/\/www.sdhuataibattery.com\/wp-content\/uploads\/2025\/12\/\u82cf\u5dde\u5927\u5b66\u6559\u6388\u3001\u56fd\u5bb6\u7535\u6c60\u6807\u59d4\u4f1a\u4e3b\u4efb\u9a6c\u6263\u7965\u4e0e\u534e\u592a\u96c6\u56e2\u5c31\u56fd\u5bb6\u5f3a\u5236\u6807\u51c6\u8fdb\u884c\u5b66\u672f\u4ea4\u6d41-300x200.jpg 300w, https:\/\/www.sdhuataibattery.com\/wp-content\/uploads\/2025\/12\/\u82cf\u5dde\u5927\u5b66\u6559\u6388\u3001\u56fd\u5bb6\u7535\u6c60\u6807\u59d4\u4f1a\u4e3b\u4efb\u9a6c\u6263\u7965\u4e0e\u534e\u592a\u96c6\u56e2\u5c31\u56fd\u5bb6\u5f3a\u5236\u6807\u51c6\u8fdb\u884c\u5b66\u672f\u4ea4\u6d41-768x512.jpg 768w, https:\/\/www.sdhuataibattery.com\/wp-content\/uploads\/2025\/12\/\u82cf\u5dde\u5927\u5b66\u6559\u6388\u3001\u56fd\u5bb6\u7535\u6c60\u6807\u59d4\u4f1a\u4e3b\u4efb\u9a6c\u6263\u7965\u4e0e\u534e\u592a\u96c6\u56e2\u5c31\u56fd\u5bb6\u5f3a\u5236\u6807\u51c6\u8fdb\u884c\u5b66\u672f\u4ea4\u6d41-18x12.jpg 18w, https:\/\/www.sdhuataibattery.com\/wp-content\/uploads\/2025\/12\/\u82cf\u5dde\u5927\u5b66\u6559\u6388\u3001\u56fd\u5bb6\u7535\u6c60\u6807\u59d4\u4f1a\u4e3b\u4efb\u9a6c\u6263\u7965\u4e0e\u534e\u592a\u96c6\u56e2\u5c31\u56fd\u5bb6\u5f3a\u5236\u6807\u51c6\u8fdb\u884c\u5b66\u672f\u4ea4\u6d41-600x400.jpg 600w\" sizes=\"(max-width: 900px) 100vw, 900px\" \/><\/figure><div class=\"elementor-image-box-content\"><div class=\"elementor-image-box-title\">El profesor Ma Kuixiang, de la Universidad de Soochow y Director del Comit\u00e9 Nacional de Normas sobre Bater\u00edas, mantuvo intercambios acad\u00e9micos con el Grupo Huatai sobre las normas nacionales obligatorias.<\/div><\/div><\/div>\t\t\t\t<\/div>\n\t\t\t\t<\/div>\n\t\t\t\t<div class=\"elementor-element elementor-element-747b7f9 elementor-position-top elementor-widget elementor-widget-image-box\" data-id=\"747b7f9\" data-element_type=\"widget\" data-e-type=\"widget\" data-widget_type=\"image-box.default\">\n\t\t\t\t<div class=\"elementor-widget-container\">\n\t\t\t\t\t<div class=\"elementor-image-box-wrapper\"><figure class=\"elementor-image-box-img\"><img alt=\"\" loading=\"lazy\" decoding=\"async\" width=\"900\" height=\"600\" src=\"https:\/\/www.sdhuataibattery.com\/wp-content\/uploads\/2025\/12\/\u8463\u4e8b\u957f\u738b\u6587\u5347\u5728\u591a\u4f26\u591a\u4e0e\u52a0\u62ff\u5927\u6d77\u9738\u603b\u88c1IAIN\u8fbe\u6210\u8bbe\u5907\u5f15\u8fdb\u6218\u7565\u534f\u8bae.jpg\" class=\"elementor-animation-shrink attachment-full size-full wp-image-4816\" srcset=\"https:\/\/www.sdhuataibattery.com\/wp-content\/uploads\/2025\/12\/\u8463\u4e8b\u957f\u738b\u6587\u5347\u5728\u591a\u4f26\u591a\u4e0e\u52a0\u62ff\u5927\u6d77\u9738\u603b\u88c1IAIN\u8fbe\u6210\u8bbe\u5907\u5f15\u8fdb\u6218\u7565\u534f\u8bae.jpg 900w, https:\/\/www.sdhuataibattery.com\/wp-content\/uploads\/2025\/12\/\u8463\u4e8b\u957f\u738b\u6587\u5347\u5728\u591a\u4f26\u591a\u4e0e\u52a0\u62ff\u5927\u6d77\u9738\u603b\u88c1IAIN\u8fbe\u6210\u8bbe\u5907\u5f15\u8fdb\u6218\u7565\u534f\u8bae-300x200.jpg 300w, https:\/\/www.sdhuataibattery.com\/wp-content\/uploads\/2025\/12\/\u8463\u4e8b\u957f\u738b\u6587\u5347\u5728\u591a\u4f26\u591a\u4e0e\u52a0\u62ff\u5927\u6d77\u9738\u603b\u88c1IAIN\u8fbe\u6210\u8bbe\u5907\u5f15\u8fdb\u6218\u7565\u534f\u8bae-768x512.jpg 768w, https:\/\/www.sdhuataibattery.com\/wp-content\/uploads\/2025\/12\/\u8463\u4e8b\u957f\u738b\u6587\u5347\u5728\u591a\u4f26\u591a\u4e0e\u52a0\u62ff\u5927\u6d77\u9738\u603b\u88c1IAIN\u8fbe\u6210\u8bbe\u5907\u5f15\u8fdb\u6218\u7565\u534f\u8bae-18x12.jpg 18w, https:\/\/www.sdhuataibattery.com\/wp-content\/uploads\/2025\/12\/\u8463\u4e8b\u957f\u738b\u6587\u5347\u5728\u591a\u4f26\u591a\u4e0e\u52a0\u62ff\u5927\u6d77\u9738\u603b\u88c1IAIN\u8fbe\u6210\u8bbe\u5907\u5f15\u8fdb\u6218\u7565\u534f\u8bae-600x400.jpg 600w\" sizes=\"(max-width: 900px) 100vw, 900px\" \/><\/figure><div class=\"elementor-image-box-content\"><div class=\"elementor-image-box-title\">El Presidente Wang Wensheng lleg\u00f3 a un acuerdo estrat\u00e9gico de introducci\u00f3n de equipos con IAIN, el Presidente de Haiba canadiense, en Toronto<\/div><\/div><\/div>\t\t\t\t<\/div>\n\t\t\t\t<\/div>\n\t\t\t\t\t<\/div>\n\t\t\t\t<\/div>\n\t\t\t\t<\/div>","protected":false},"excerpt":{"rendered":"<p>Brand Collaboration International business cooperation negotiations with TEKSAN Group in Berlin, Germany International business cooperation negotiations with Frank Guscherm \u00f6 hle, Director of IHQ Import GMBH, at the 130th Canton Fair Signed a technical cooperation agreement with Klaus&#8217; team, a renowned Canadian battery expert Hong Kong Songbai Group, Guangxi Guiliu Group, and Huatai Group engage&#8230;<\/p>","protected":false},"author":1,"featured_media":0,"parent":0,"menu_order":0,"comment_status":"closed","ping_status":"closed","template":"","meta":{"_seopress_robots_primary_cat":"","_seopress_titles_title":"","_seopress_titles_desc":"","_seopress_robots_index":"","_uag_custom_page_level_css":"","_kad_blocks_custom_css":"","_kad_blocks_head_custom_js":"","_kad_blocks_body_custom_js":"","_kad_blocks_footer_custom_js":"","_kad_post_transparent":"","_kad_post_title":"hide","_kad_post_layout":"fullwidth","_kad_post_sidebar_id":"","_kad_post_content_style":"unboxed","_kad_post_vertical_padding":"hide","_kad_post_feature":"hide","_kad_post_feature_position":"","_kad_post_header":false,"_kad_post_footer":false,"_kad_post_classname":"","footnotes":""},"class_list":["post-4782","page","type-page","status-publish","hentry"],"taxonomy_info":[],"featured_image_src_large":false,"author_info":{"display_name":"htbattery@huataibattery.com","author_link":"https:\/\/www.sdhuataibattery.com\/es\/author\/jinxing6611gmail-com\/"},"comment_info":0,"uagb_featured_image_src":{"full":false,"thumbnail":false,"medium":false,"medium_large":false,"large":false,"1536x1536":false,"2048x2048":false,"trp-custom-language-flag":false,"woocommerce_thumbnail":false,"woocommerce_single":false,"woocommerce_gallery_thumbnail":false},"uagb_author_info":{"display_name":"htbattery@huataibattery.com","author_link":"https:\/\/www.sdhuataibattery.com\/es\/author\/jinxing6611gmail-com\/"},"uagb_comment_info":0,"uagb_excerpt":"Brand Collaboration International business cooperation negotiations with TEKSAN Group in Berlin, Germany International business cooperation negotiations with Frank Guscherm \u00f6 hle, Director of IHQ Import GMBH, at the 130th Canton Fair Signed a technical cooperation agreement with Klaus&#8217; team, a renowned Canadian battery expert Hong Kong Songbai Group, Guangxi Guiliu Group, and Huatai Group engage...","_links":{"self":[{"href":"https:\/\/www.sdhuataibattery.com\/es\/wp-json\/wp\/v2\/pages\/4782","targetHints":{"allow":["GET"]}}],"collection":[{"href":"https:\/\/www.sdhuataibattery.com\/es\/wp-json\/wp\/v2\/pages"}],"about":[{"href":"https:\/\/www.sdhuataibattery.com\/es\/wp-json\/wp\/v2\/types\/page"}],"author":[{"embeddable":true,"href":"https:\/\/www.sdhuataibattery.com\/es\/wp-json\/wp\/v2\/users\/1"}],"replies":[{"embeddable":true,"href":"https:\/\/www.sdhuataibattery.com\/es\/wp-json\/wp\/v2\/comments?post=4782"}],"version-history":[{"count":3,"href":"https:\/\/www.sdhuataibattery.com\/es\/wp-json\/wp\/v2\/pages\/4782\/revisions"}],"predecessor-version":[{"id":8835,"href":"https:\/\/www.sdhuataibattery.com\/es\/wp-json\/wp\/v2\/pages\/4782\/revisions\/8835"}],"wp:attachment":[{"href":"https:\/\/www.sdhuataibattery.com\/es\/wp-json\/wp\/v2\/media?parent=4782"}],"curies":[{"name":"wp","href":"https:\/\/api.w.org\/{rel}","templated":true}]}}