{"id":4989,"date":"2025-12-22T02:26:46","date_gmt":"2025-12-22T02:26:46","guid":{"rendered":"https:\/\/www.sdhuataibattery.com\/?page_id=4989"},"modified":"2026-04-12T03:07:25","modified_gmt":"2026-04-12T03:07:25","slug":"taller-de-produccion-2","status":"publish","type":"page","link":"https:\/\/www.sdhuataibattery.com\/es\/production-workshop-2\/","title":{"rendered":"Taller de producci\u00f3n"},"content":{"rendered":"<div data-elementor-type=\"wp-page\" data-elementor-id=\"4989\" class=\"elementor elementor-4989\" data-elementor-post-type=\"page\">\n\t\t\t\t<div class=\"elementor-element elementor-element-2c50401 e-flex e-con-boxed e-con e-parent\" data-id=\"2c50401\" data-element_type=\"container\" data-e-type=\"container\">\n\t\t\t\t\t<div class=\"e-con-inner\">\n\t\t\t\t<div class=\"elementor-element elementor-element-362e034 elementor-widget elementor-widget-theme-post-title elementor-page-title elementor-widget-heading\" data-id=\"362e034\" data-element_type=\"widget\" data-e-type=\"widget\" data-widget_type=\"theme-post-title.default\">\n\t\t\t\t<div class=\"elementor-widget-container\">\n\t\t\t\t\t<h6 class=\"elementor-heading-title elementor-size-default\">Home&gt;&gt;Production workshop<\/h6>\t\t\t\t<\/div>\n\t\t\t\t<\/div>\n\t\t\t\t\t<\/div>\n\t\t\t\t<\/div>\n\t\t<div class=\"elementor-element elementor-element-5d6e865 e-flex e-con-boxed e-con e-parent\" data-id=\"5d6e865\" data-element_type=\"container\" data-e-type=\"container\">\n\t\t\t\t\t<div class=\"e-con-inner\">\n\t\t\t\t<div class=\"elementor-element elementor-element-f59dc54 elementor-widget elementor-widget-heading\" data-id=\"f59dc54\" data-element_type=\"widget\" data-e-type=\"widget\" data-widget_type=\"heading.default\">\n\t\t\t\t<div class=\"elementor-widget-container\">\n\t\t\t\t\t<h2 class=\"elementor-heading-title elementor-size-default\">Taller de producci\u00f3n\n<\/h2>\t\t\t\t<\/div>\n\t\t\t\t<\/div>\n\t\t\t\t<div class=\"elementor-element elementor-element-f1a79b3 elementor-widget elementor-widget-image-gallery\" data-id=\"f1a79b3\" data-element_type=\"widget\" data-e-type=\"widget\" data-widget_type=\"image-gallery.default\">\n\t\t\t\t<div class=\"elementor-widget-container\">\n\t\t\t\t\t\t\t<div class=\"elementor-image-gallery\">\n\t\t\t<div id='gallery-2' class='gallery galleryid-4989 gallery-columns-4 gallery-size-full'><figure class='gallery-item'>\n\t\t\t<div class='gallery-icon landscape'>\n\t\t\t\t<a data-elementor-open-lightbox=\"yes\" data-elementor-lightbox-slideshow=\"f1a79b3\" data-elementor-lightbox-title=\"\u751f\u4ea7\u8f66\u95f41\" data-e-action-hash=\"#elementor-action%3Aaction%3Dlightbox%26settings%3DeyJpZCI6NDk1NSwidXJsIjoiaHR0cHM6XC9cL3d3dy5zZGh1YXRhaWJhdHRlcnkuY29tXC93cC1jb250ZW50XC91cGxvYWRzXC8yMDI1XC8xMlwvXHU3NTFmXHU0ZWE3XHU4ZjY2XHU5NWY0MS5qcGciLCJzbGlkZXNob3ciOiJmMWE3OWIzIn0%3D\" href='https:\/\/www.sdhuataibattery.com\/wp-content\/uploads\/2025\/12\/\u751f\u4ea7\u8f66\u95f41.jpg'><img fetchpriority=\"high\" decoding=\"async\" width=\"900\" height=\"600\" src=\"https:\/\/www.sdhuataibattery.com\/wp-content\/uploads\/2025\/12\/\u751f\u4ea7\u8f66\u95f41.jpg\" class=\"attachment-full size-full\" alt=\"\" srcset=\"https:\/\/www.sdhuataibattery.com\/wp-content\/uploads\/2025\/12\/\u751f\u4ea7\u8f66\u95f41.jpg 900w, https:\/\/www.sdhuataibattery.com\/wp-content\/uploads\/2025\/12\/\u751f\u4ea7\u8f66\u95f41-300x200.jpg 300w, https:\/\/www.sdhuataibattery.com\/wp-content\/uploads\/2025\/12\/\u751f\u4ea7\u8f66\u95f41-768x512.jpg 768w, https:\/\/www.sdhuataibattery.com\/wp-content\/uploads\/2025\/12\/\u751f\u4ea7\u8f66\u95f41-18x12.jpg 18w, https:\/\/www.sdhuataibattery.com\/wp-content\/uploads\/2025\/12\/\u751f\u4ea7\u8f66\u95f41-600x400.jpg 600w\" sizes=\"(max-width: 900px) 100vw, 900px\" \/><\/a>\n\t\t\t<\/div><\/figure><figure class='gallery-item'>\n\t\t\t<div class='gallery-icon landscape'>\n\t\t\t\t<a data-elementor-open-lightbox=\"yes\" data-elementor-lightbox-slideshow=\"f1a79b3\" data-elementor-lightbox-title=\"\u751f\u4ea7\u8f66\u95f42\" data-e-action-hash=\"#elementor-action%3Aaction%3Dlightbox%26settings%3DeyJpZCI6NDk1NiwidXJsIjoiaHR0cHM6XC9cL3d3dy5zZGh1YXRhaWJhdHRlcnkuY29tXC93cC1jb250ZW50XC91cGxvYWRzXC8yMDI1XC8xMlwvXHU3NTFmXHU0ZWE3XHU4ZjY2XHU5NWY0Mi5qcGciLCJzbGlkZXNob3ciOiJmMWE3OWIzIn0%3D\" href='https:\/\/www.sdhuataibattery.com\/wp-content\/uploads\/2025\/12\/\u751f\u4ea7\u8f66\u95f42.jpg'><img decoding=\"async\" width=\"900\" height=\"600\" src=\"https:\/\/www.sdhuataibattery.com\/wp-content\/uploads\/2025\/12\/\u751f\u4ea7\u8f66\u95f42.jpg\" class=\"attachment-full size-full\" alt=\"\" srcset=\"https:\/\/www.sdhuataibattery.com\/wp-content\/uploads\/2025\/12\/\u751f\u4ea7\u8f66\u95f42.jpg 900w, https:\/\/www.sdhuataibattery.com\/wp-content\/uploads\/2025\/12\/\u751f\u4ea7\u8f66\u95f42-300x200.jpg 300w, https:\/\/www.sdhuataibattery.com\/wp-content\/uploads\/2025\/12\/\u751f\u4ea7\u8f66\u95f42-768x512.jpg 768w, https:\/\/www.sdhuataibattery.com\/wp-content\/uploads\/2025\/12\/\u751f\u4ea7\u8f66\u95f42-18x12.jpg 18w, https:\/\/www.sdhuataibattery.com\/wp-content\/uploads\/2025\/12\/\u751f\u4ea7\u8f66\u95f42-600x400.jpg 600w\" sizes=\"(max-width: 900px) 100vw, 900px\" \/><\/a>\n\t\t\t<\/div><\/figure><figure class='gallery-item'>\n\t\t\t<div class='gallery-icon landscape'>\n\t\t\t\t<a data-elementor-open-lightbox=\"yes\" data-elementor-lightbox-slideshow=\"f1a79b3\" data-elementor-lightbox-title=\"\u751f\u4ea7\u8f66\u95f43\" data-e-action-hash=\"#elementor-action%3Aaction%3Dlightbox%26settings%3DeyJpZCI6NDk1NywidXJsIjoiaHR0cHM6XC9cL3d3dy5zZGh1YXRhaWJhdHRlcnkuY29tXC93cC1jb250ZW50XC91cGxvYWRzXC8yMDI1XC8xMlwvXHU3NTFmXHU0ZWE3XHU4ZjY2XHU5NWY0My5qcGciLCJzbGlkZXNob3ciOiJmMWE3OWIzIn0%3D\" href='https:\/\/www.sdhuataibattery.com\/wp-content\/uploads\/2025\/12\/\u751f\u4ea7\u8f66\u95f43.jpg'><img decoding=\"async\" width=\"900\" height=\"600\" src=\"https:\/\/www.sdhuataibattery.com\/wp-content\/uploads\/2025\/12\/\u751f\u4ea7\u8f66\u95f43.jpg\" class=\"attachment-full size-full\" alt=\"\" srcset=\"https:\/\/www.sdhuataibattery.com\/wp-content\/uploads\/2025\/12\/\u751f\u4ea7\u8f66\u95f43.jpg 900w, https:\/\/www.sdhuataibattery.com\/wp-content\/uploads\/2025\/12\/\u751f\u4ea7\u8f66\u95f43-300x200.jpg 300w, https:\/\/www.sdhuataibattery.com\/wp-content\/uploads\/2025\/12\/\u751f\u4ea7\u8f66\u95f43-768x512.jpg 768w, https:\/\/www.sdhuataibattery.com\/wp-content\/uploads\/2025\/12\/\u751f\u4ea7\u8f66\u95f43-18x12.jpg 18w, https:\/\/www.sdhuataibattery.com\/wp-content\/uploads\/2025\/12\/\u751f\u4ea7\u8f66\u95f43-600x400.jpg 600w\" sizes=\"(max-width: 900px) 100vw, 900px\" \/><\/a>\n\t\t\t<\/div><\/figure><figure class='gallery-item'>\n\t\t\t<div class='gallery-icon landscape'>\n\t\t\t\t<a data-elementor-open-lightbox=\"yes\" data-elementor-lightbox-slideshow=\"f1a79b3\" data-elementor-lightbox-title=\"Huatai Battery Canadian HIBAR Automated Production Lines\" data-e-action-hash=\"#elementor-action%3Aaction%3Dlightbox%26settings%3DeyJpZCI6NDk1OCwidXJsIjoiaHR0cHM6XC9cL3d3dy5zZGh1YXRhaWJhdHRlcnkuY29tXC93cC1jb250ZW50XC91cGxvYWRzXC8yMDI1XC8xMlwvXHU3NTFmXHU0ZWE3XHU4ZjY2XHU5NWY0NC5qcGciLCJzbGlkZXNob3ciOiJmMWE3OWIzIn0%3D\" data-elementor-lightbox-description=\"Huatai Battery Canadian HIBAR Automated Production Lines\" href='https:\/\/www.sdhuataibattery.com\/wp-content\/uploads\/2025\/12\/\u751f\u4ea7\u8f66\u95f44.jpg'><img loading=\"lazy\" decoding=\"async\" width=\"900\" height=\"600\" src=\"https:\/\/www.sdhuataibattery.com\/wp-content\/uploads\/2025\/12\/\u751f\u4ea7\u8f66\u95f44.jpg\" class=\"attachment-full size-full\" alt=\"Huatai Battery L\u00edneas de producci\u00f3n automatizadas canadienses HIBAR\" aria-describedby=\"gallery-2-4958\" srcset=\"https:\/\/www.sdhuataibattery.com\/wp-content\/uploads\/2025\/12\/\u751f\u4ea7\u8f66\u95f44.jpg 900w, https:\/\/www.sdhuataibattery.com\/wp-content\/uploads\/2025\/12\/\u751f\u4ea7\u8f66\u95f44-300x200.jpg 300w, https:\/\/www.sdhuataibattery.com\/wp-content\/uploads\/2025\/12\/\u751f\u4ea7\u8f66\u95f44-768x512.jpg 768w, https:\/\/www.sdhuataibattery.com\/wp-content\/uploads\/2025\/12\/\u751f\u4ea7\u8f66\u95f44-18x12.jpg 18w, https:\/\/www.sdhuataibattery.com\/wp-content\/uploads\/2025\/12\/\u751f\u4ea7\u8f66\u95f44-600x400.jpg 600w\" sizes=\"(max-width: 900px) 100vw, 900px\" \/><\/a>\n\t\t\t<\/div>\n\t\t\t\t<figcaption class='wp-caption-text gallery-caption' id='gallery-2-4958'>\n\t\t\t\tHuatai Battery L\u00edneas de producci\u00f3n automatizadas canadienses HIBAR\n\t\t\t\t<\/figcaption><\/figure><figure class='gallery-item'>\n\t\t\t<div class='gallery-icon landscape'>\n\t\t\t\t<a data-elementor-open-lightbox=\"yes\" data-elementor-lightbox-slideshow=\"f1a79b3\" data-elementor-lightbox-title=\"\u751f\u4ea7\u8f66\u95f45\" data-e-action-hash=\"#elementor-action%3Aaction%3Dlightbox%26settings%3DeyJpZCI6NDk1OSwidXJsIjoiaHR0cHM6XC9cL3d3dy5zZGh1YXRhaWJhdHRlcnkuY29tXC93cC1jb250ZW50XC91cGxvYWRzXC8yMDI1XC8xMlwvXHU3NTFmXHU0ZWE3XHU4ZjY2XHU5NWY0NS5qcGciLCJzbGlkZXNob3ciOiJmMWE3OWIzIn0%3D\" data-elementor-lightbox-description=\"Huatai Battery Canadian HIBAR Automated Production Lines\" href='https:\/\/www.sdhuataibattery.com\/wp-content\/uploads\/2025\/12\/\u751f\u4ea7\u8f66\u95f45.jpg'><img loading=\"lazy\" decoding=\"async\" width=\"900\" height=\"600\" src=\"https:\/\/www.sdhuataibattery.com\/wp-content\/uploads\/2025\/12\/\u751f\u4ea7\u8f66\u95f45.jpg\" class=\"attachment-full size-full\" alt=\"\" srcset=\"https:\/\/www.sdhuataibattery.com\/wp-content\/uploads\/2025\/12\/\u751f\u4ea7\u8f66\u95f45.jpg 900w, https:\/\/www.sdhuataibattery.com\/wp-content\/uploads\/2025\/12\/\u751f\u4ea7\u8f66\u95f45-300x200.jpg 300w, https:\/\/www.sdhuataibattery.com\/wp-content\/uploads\/2025\/12\/\u751f\u4ea7\u8f66\u95f45-768x512.jpg 768w, https:\/\/www.sdhuataibattery.com\/wp-content\/uploads\/2025\/12\/\u751f\u4ea7\u8f66\u95f45-18x12.jpg 18w, https:\/\/www.sdhuataibattery.com\/wp-content\/uploads\/2025\/12\/\u751f\u4ea7\u8f66\u95f45-600x400.jpg 600w\" sizes=\"(max-width: 900px) 100vw, 900px\" \/><\/a>\n\t\t\t<\/div><\/figure><figure class='gallery-item'>\n\t\t\t<div class='gallery-icon landscape'>\n\t\t\t\t<a data-elementor-open-lightbox=\"yes\" data-elementor-lightbox-slideshow=\"f1a79b3\" data-elementor-lightbox-title=\"\u751f\u4ea7\u8f66\u95f46\" data-e-action-hash=\"#elementor-action%3Aaction%3Dlightbox%26settings%3DeyJpZCI6NDk2MCwidXJsIjoiaHR0cHM6XC9cL3d3dy5zZGh1YXRhaWJhdHRlcnkuY29tXC93cC1jb250ZW50XC91cGxvYWRzXC8yMDI1XC8xMlwvXHU3NTFmXHU0ZWE3XHU4ZjY2XHU5NWY0Ni5qcGciLCJzbGlkZXNob3ciOiJmMWE3OWIzIn0%3D\" data-elementor-lightbox-description=\"Huatai Battery Canadian HIBAR Automated Production Lines\" href='https:\/\/www.sdhuataibattery.com\/wp-content\/uploads\/2025\/12\/\u751f\u4ea7\u8f66\u95f46.jpg'><img loading=\"lazy\" decoding=\"async\" width=\"900\" height=\"600\" src=\"https:\/\/www.sdhuataibattery.com\/wp-content\/uploads\/2025\/12\/\u751f\u4ea7\u8f66\u95f46.jpg\" class=\"attachment-full size-full\" alt=\"\" srcset=\"https:\/\/www.sdhuataibattery.com\/wp-content\/uploads\/2025\/12\/\u751f\u4ea7\u8f66\u95f46.jpg 900w, https:\/\/www.sdhuataibattery.com\/wp-content\/uploads\/2025\/12\/\u751f\u4ea7\u8f66\u95f46-300x200.jpg 300w, https:\/\/www.sdhuataibattery.com\/wp-content\/uploads\/2025\/12\/\u751f\u4ea7\u8f66\u95f46-768x512.jpg 768w, https:\/\/www.sdhuataibattery.com\/wp-content\/uploads\/2025\/12\/\u751f\u4ea7\u8f66\u95f46-18x12.jpg 18w, https:\/\/www.sdhuataibattery.com\/wp-content\/uploads\/2025\/12\/\u751f\u4ea7\u8f66\u95f46-600x400.jpg 600w\" sizes=\"(max-width: 900px) 100vw, 900px\" \/><\/a>\n\t\t\t<\/div><\/figure><figure class='gallery-item'>\n\t\t\t<div class='gallery-icon landscape'>\n\t\t\t\t<a data-elementor-open-lightbox=\"yes\" data-elementor-lightbox-slideshow=\"f1a79b3\" data-elementor-lightbox-title=\"\u751f\u4ea7\u8f66\u95f47\" data-e-action-hash=\"#elementor-action%3Aaction%3Dlightbox%26settings%3DeyJpZCI6NDk2MSwidXJsIjoiaHR0cHM6XC9cL3d3dy5zZGh1YXRhaWJhdHRlcnkuY29tXC93cC1jb250ZW50XC91cGxvYWRzXC8yMDI1XC8xMlwvXHU3NTFmXHU0ZWE3XHU4ZjY2XHU5NWY0Ny5qcGciLCJzbGlkZXNob3ciOiJmMWE3OWIzIn0%3D\" data-elementor-lightbox-description=\"Huatai Battery Canadian HIBAR Automated Production Lines\" href='https:\/\/www.sdhuataibattery.com\/wp-content\/uploads\/2025\/12\/\u751f\u4ea7\u8f66\u95f47.jpg'><img loading=\"lazy\" decoding=\"async\" width=\"900\" height=\"600\" src=\"https:\/\/www.sdhuataibattery.com\/wp-content\/uploads\/2025\/12\/\u751f\u4ea7\u8f66\u95f47.jpg\" class=\"attachment-full size-full\" alt=\"\" srcset=\"https:\/\/www.sdhuataibattery.com\/wp-content\/uploads\/2025\/12\/\u751f\u4ea7\u8f66\u95f47.jpg 900w, https:\/\/www.sdhuataibattery.com\/wp-content\/uploads\/2025\/12\/\u751f\u4ea7\u8f66\u95f47-300x200.jpg 300w, https:\/\/www.sdhuataibattery.com\/wp-content\/uploads\/2025\/12\/\u751f\u4ea7\u8f66\u95f47-768x512.jpg 768w, https:\/\/www.sdhuataibattery.com\/wp-content\/uploads\/2025\/12\/\u751f\u4ea7\u8f66\u95f47-18x12.jpg 18w, https:\/\/www.sdhuataibattery.com\/wp-content\/uploads\/2025\/12\/\u751f\u4ea7\u8f66\u95f47-600x400.jpg 600w\" sizes=\"(max-width: 900px) 100vw, 900px\" \/><\/a>\n\t\t\t<\/div><\/figure><figure class='gallery-item'>\n\t\t\t<div class='gallery-icon landscape'>\n\t\t\t\t<a data-elementor-open-lightbox=\"yes\" data-elementor-lightbox-slideshow=\"f1a79b3\" data-elementor-lightbox-title=\"Huatai Battery Automated Production Lines\" data-e-action-hash=\"#elementor-action%3Aaction%3Dlightbox%26settings%3DeyJpZCI6NDk2MiwidXJsIjoiaHR0cHM6XC9cL3d3dy5zZGh1YXRhaWJhdHRlcnkuY29tXC93cC1jb250ZW50XC91cGxvYWRzXC8yMDI1XC8xMlwvXHU3NTFmXHU0ZWE3XHU4ZjY2XHU5NWY0OC5qcGciLCJzbGlkZXNob3ciOiJmMWE3OWIzIn0%3D\" data-elementor-lightbox-description=\"Huatai Battery Automated Production Lines\" href='https:\/\/www.sdhuataibattery.com\/wp-content\/uploads\/2025\/12\/\u751f\u4ea7\u8f66\u95f48.jpg'><img loading=\"lazy\" decoding=\"async\" width=\"900\" height=\"600\" src=\"https:\/\/www.sdhuataibattery.com\/wp-content\/uploads\/2025\/12\/\u751f\u4ea7\u8f66\u95f48.jpg\" class=\"attachment-full size-full\" alt=\"L\u00edneas de producci\u00f3n automatizadas de Huatai Battery\" aria-describedby=\"gallery-2-4962\" srcset=\"https:\/\/www.sdhuataibattery.com\/wp-content\/uploads\/2025\/12\/\u751f\u4ea7\u8f66\u95f48.jpg 900w, https:\/\/www.sdhuataibattery.com\/wp-content\/uploads\/2025\/12\/\u751f\u4ea7\u8f66\u95f48-300x200.jpg 300w, https:\/\/www.sdhuataibattery.com\/wp-content\/uploads\/2025\/12\/\u751f\u4ea7\u8f66\u95f48-768x512.jpg 768w, https:\/\/www.sdhuataibattery.com\/wp-content\/uploads\/2025\/12\/\u751f\u4ea7\u8f66\u95f48-18x12.jpg 18w, https:\/\/www.sdhuataibattery.com\/wp-content\/uploads\/2025\/12\/\u751f\u4ea7\u8f66\u95f48-600x400.jpg 600w\" sizes=\"(max-width: 900px) 100vw, 900px\" \/><\/a>\n\t\t\t<\/div>\n\t\t\t\t<figcaption class='wp-caption-text gallery-caption' id='gallery-2-4962'>\n\t\t\t\tL\u00edneas de producci\u00f3n automatizadas de Huatai Battery\n\t\t\t\t<\/figcaption><\/figure>\n\t\t<\/div>\n\t\t<\/div>\n\t\t\t\t\t\t<\/div>\n\t\t\t\t<\/div>\n\t\t\t\t\t<\/div>\n\t\t\t\t<\/div>\n\t\t\t\t<\/div>","protected":false},"excerpt":{"rendered":"<p>Production workshop Huatai Battery Canadian HIBAR Automated Production Lines Huatai Battery Automated Production Lines<\/p>","protected":false},"author":1,"featured_media":0,"parent":0,"menu_order":0,"comment_status":"closed","ping_status":"closed","template":"","meta":{"_seopress_robots_primary_cat":"","_seopress_titles_title":"","_seopress_titles_desc":"","_seopress_robots_index":"","_uag_custom_page_level_css":"","_kad_blocks_custom_css":"","_kad_blocks_head_custom_js":"","_kad_blocks_body_custom_js":"","_kad_blocks_footer_custom_js":"","_kad_post_transparent":"","_kad_post_title":"hide","_kad_post_layout":"fullwidth","_kad_post_sidebar_id":"","_kad_post_content_style":"unboxed","_kad_post_vertical_padding":"hide","_kad_post_feature":"hide","_kad_post_feature_position":"","_kad_post_header":false,"_kad_post_footer":false,"_kad_post_classname":"","footnotes":""},"class_list":["post-4989","page","type-page","status-publish","hentry"],"yoast_head":"<!-- This site is optimized with the Yoast SEO plugin v27.4 - https:\/\/yoast.com\/product\/yoast-seo-wordpress\/ -->\n<title>Production workshop - Shandong Huatai New Energy Battery Co.,Ltd.<\/title>\n<meta name=\"robots\" content=\"index, follow, max-snippet:-1, max-image-preview:large, max-video-preview:-1\" \/>\n<link rel=\"canonical\" href=\"https:\/\/www.sdhuataibattery.com\/es\/taller-de-produccion-2\/\" \/>\n<meta property=\"og:locale\" content=\"es_ES\" \/>\n<meta property=\"og:type\" content=\"article\" \/>\n<meta property=\"og:title\" content=\"Production workshop - Shandong Huatai New Energy Battery Co.,Ltd.\" \/>\n<meta property=\"og:description\" content=\"Production workshop Huatai Battery Canadian HIBAR Automated Production Lines Huatai Battery Automated Production Lines\" \/>\n<meta property=\"og:url\" content=\"https:\/\/www.sdhuataibattery.com\/es\/taller-de-produccion-2\/\" \/>\n<meta property=\"og:site_name\" content=\"Shandong Huatai New Energy Battery Co.,Ltd.\" \/>\n<meta property=\"article:modified_time\" content=\"2026-04-12T03:07:25+00:00\" \/>\n<meta name=\"twitter:card\" content=\"summary_large_image\" \/>\n<script type=\"application\/ld+json\" class=\"yoast-schema-graph\">{\"@context\":\"https:\\\/\\\/schema.org\",\"@graph\":[{\"@type\":\"WebPage\",\"@id\":\"https:\\\/\\\/www.sdhuataibattery.com\\\/production-workshop-2\\\/\",\"url\":\"https:\\\/\\\/www.sdhuataibattery.com\\\/production-workshop-2\\\/\",\"name\":\"Production workshop - Shandong Huatai New Energy Battery Co.,Ltd.\",\"isPartOf\":{\"@id\":\"https:\\\/\\\/www.sdhuataibattery.com\\\/#website\"},\"datePublished\":\"2025-12-22T02:26:46+00:00\",\"dateModified\":\"2026-04-12T03:07:25+00:00\",\"breadcrumb\":{\"@id\":\"https:\\\/\\\/www.sdhuataibattery.com\\\/production-workshop-2\\\/#breadcrumb\"},\"inLanguage\":\"es\",\"potentialAction\":[{\"@type\":\"ReadAction\",\"target\":[\"https:\\\/\\\/www.sdhuataibattery.com\\\/production-workshop-2\\\/\"]}]},{\"@type\":\"BreadcrumbList\",\"@id\":\"https:\\\/\\\/www.sdhuataibattery.com\\\/production-workshop-2\\\/#breadcrumb\",\"itemListElement\":[{\"@type\":\"ListItem\",\"position\":1,\"name\":\"\u9996\u9875\",\"item\":\"https:\\\/\\\/www.sdhuataibattery.com\\\/\"},{\"@type\":\"ListItem\",\"position\":2,\"name\":\"Production workshop\"}]},{\"@type\":\"WebSite\",\"@id\":\"https:\\\/\\\/www.sdhuataibattery.com\\\/#website\",\"url\":\"https:\\\/\\\/www.sdhuataibattery.com\\\/\",\"name\":\"Shandong Huatai New Energy Battery Co.,Ltd.\",\"description\":\"Carbon-Zinc battery manufacturer,Dry Alkaline primary battery factory&amp;supplier,Button Cell battery,Sodium-Ion battery,Lithium car battery,Rechargeable battery\",\"publisher\":{\"@id\":\"https:\\\/\\\/www.sdhuataibattery.com\\\/#organization\"},\"potentialAction\":[{\"@type\":\"SearchAction\",\"target\":{\"@type\":\"EntryPoint\",\"urlTemplate\":\"https:\\\/\\\/www.sdhuataibattery.com\\\/?s={search_term_string}\"},\"query-input\":{\"@type\":\"PropertyValueSpecification\",\"valueRequired\":true,\"valueName\":\"search_term_string\"}}],\"inLanguage\":\"es\"},{\"@type\":\"Organization\",\"@id\":\"https:\\\/\\\/www.sdhuataibattery.com\\\/#organization\",\"name\":\"Shandong Huatai New Energy Battery Co.,Ltd.\",\"url\":\"https:\\\/\\\/www.sdhuataibattery.com\\\/\",\"logo\":{\"@type\":\"ImageObject\",\"inLanguage\":\"es\",\"@id\":\"https:\\\/\\\/www.sdhuataibattery.com\\\/#\\\/schema\\\/logo\\\/image\\\/\",\"url\":\"https:\\\/\\\/www.sdhuataibattery.com\\\/wp-content\\\/uploads\\\/2025\\\/12\\\/logo.png\",\"contentUrl\":\"https:\\\/\\\/www.sdhuataibattery.com\\\/wp-content\\\/uploads\\\/2025\\\/12\\\/logo.png\",\"width\":246,\"height\":53,\"caption\":\"Shandong Huatai New Energy Battery Co.,Ltd.\"},\"image\":{\"@id\":\"https:\\\/\\\/www.sdhuataibattery.com\\\/#\\\/schema\\\/logo\\\/image\\\/\"}}]}<\/script>\n<!-- \/ Yoast SEO plugin. -->","yoast_head_json":{"title":"Production workshop - Shandong Huatai New Energy Battery Co.,Ltd.","robots":{"index":"index","follow":"follow","max-snippet":"max-snippet:-1","max-image-preview":"max-image-preview:large","max-video-preview":"max-video-preview:-1"},"canonical":"https:\/\/www.sdhuataibattery.com\/es\/taller-de-produccion-2\/","og_locale":"es_ES","og_type":"article","og_title":"Production workshop - Shandong Huatai New Energy Battery Co.,Ltd.","og_description":"Production workshop Huatai Battery Canadian HIBAR Automated Production Lines Huatai Battery Automated Production Lines","og_url":"https:\/\/www.sdhuataibattery.com\/es\/taller-de-produccion-2\/","og_site_name":"Shandong Huatai New Energy Battery Co.,Ltd.","article_modified_time":"2026-04-12T03:07:25+00:00","twitter_card":"summary_large_image","schema":{"@context":"https:\/\/schema.org","@graph":[{"@type":"WebPage","@id":"https:\/\/www.sdhuataibattery.com\/production-workshop-2\/","url":"https:\/\/www.sdhuataibattery.com\/production-workshop-2\/","name":"Production workshop - Shandong Huatai New Energy Battery Co.,Ltd.","isPartOf":{"@id":"https:\/\/www.sdhuataibattery.com\/#website"},"datePublished":"2025-12-22T02:26:46+00:00","dateModified":"2026-04-12T03:07:25+00:00","breadcrumb":{"@id":"https:\/\/www.sdhuataibattery.com\/production-workshop-2\/#breadcrumb"},"inLanguage":"es","potentialAction":[{"@type":"ReadAction","target":["https:\/\/www.sdhuataibattery.com\/production-workshop-2\/"]}]},{"@type":"BreadcrumbList","@id":"https:\/\/www.sdhuataibattery.com\/production-workshop-2\/#breadcrumb","itemListElement":[{"@type":"ListItem","position":1,"name":"\u9996\u9875","item":"https:\/\/www.sdhuataibattery.com\/"},{"@type":"ListItem","position":2,"name":"Production workshop"}]},{"@type":"WebSite","@id":"https:\/\/www.sdhuataibattery.com\/#website","url":"https:\/\/www.sdhuataibattery.com\/","name":"Shandong Huatai New Energy Battery S.L.","description":"Fabricante de pilas de carbono-zinc,F\u00e1brica y proveedor de pilas alcalinas secas,Pila de bot\u00f3n,Pila de i\u00f3n sodio,Bater\u00eda de litio para coche,Bater\u00eda recargable","publisher":{"@id":"https:\/\/www.sdhuataibattery.com\/#organization"},"potentialAction":[{"@type":"SearchAction","target":{"@type":"EntryPoint","urlTemplate":"https:\/\/www.sdhuataibattery.com\/?s={search_term_string}"},"query-input":{"@type":"PropertyValueSpecification","valueRequired":true,"valueName":"search_term_string"}}],"inLanguage":"es"},{"@type":"Organization","@id":"https:\/\/www.sdhuataibattery.com\/#organization","name":"Shandong Huatai New Energy Battery S.L.","url":"https:\/\/www.sdhuataibattery.com\/","logo":{"@type":"ImageObject","inLanguage":"es","@id":"https:\/\/www.sdhuataibattery.com\/#\/schema\/logo\/image\/","url":"https:\/\/www.sdhuataibattery.com\/wp-content\/uploads\/2025\/12\/logo.png","contentUrl":"https:\/\/www.sdhuataibattery.com\/wp-content\/uploads\/2025\/12\/logo.png","width":246,"height":53,"caption":"Shandong Huatai New Energy Battery Co.,Ltd."},"image":{"@id":"https:\/\/www.sdhuataibattery.com\/#\/schema\/logo\/image\/"}}]}},"taxonomy_info":[],"featured_image_src_large":false,"author_info":{"display_name":"htbattery@huataibattery.com","author_link":"https:\/\/www.sdhuataibattery.com\/es\/author\/jinxing6611gmail-com\/"},"comment_info":0,"uagb_featured_image_src":{"full":false,"thumbnail":false,"medium":false,"medium_large":false,"large":false,"1536x1536":false,"2048x2048":false,"trp-custom-language-flag":false,"woocommerce_thumbnail":false,"woocommerce_single":false,"woocommerce_gallery_thumbnail":false},"uagb_author_info":{"display_name":"htbattery@huataibattery.com","author_link":"https:\/\/www.sdhuataibattery.com\/es\/author\/jinxing6611gmail-com\/"},"uagb_comment_info":0,"uagb_excerpt":"Production workshop Huatai Battery Canadian HIBAR Automated Production Lines Huatai Battery Automated Production Lines","_links":{"self":[{"href":"https:\/\/www.sdhuataibattery.com\/es\/wp-json\/wp\/v2\/pages\/4989","targetHints":{"allow":["GET"]}}],"collection":[{"href":"https:\/\/www.sdhuataibattery.com\/es\/wp-json\/wp\/v2\/pages"}],"about":[{"href":"https:\/\/www.sdhuataibattery.com\/es\/wp-json\/wp\/v2\/types\/page"}],"author":[{"embeddable":true,"href":"https:\/\/www.sdhuataibattery.com\/es\/wp-json\/wp\/v2\/users\/1"}],"replies":[{"embeddable":true,"href":"https:\/\/www.sdhuataibattery.com\/es\/wp-json\/wp\/v2\/comments?post=4989"}],"version-history":[{"count":6,"href":"https:\/\/www.sdhuataibattery.com\/es\/wp-json\/wp\/v2\/pages\/4989\/revisions"}],"predecessor-version":[{"id":8817,"href":"https:\/\/www.sdhuataibattery.com\/es\/wp-json\/wp\/v2\/pages\/4989\/revisions\/8817"}],"wp:attachment":[{"href":"https:\/\/www.sdhuataibattery.com\/es\/wp-json\/wp\/v2\/media?parent=4989"}],"curies":[{"name":"wp","href":"https:\/\/api.w.org\/{rel}","templated":true}]}}