{"id":3432,"date":"2025-12-07T07:45:43","date_gmt":"2025-12-07T07:45:43","guid":{"rendered":"https:\/\/www.sdhuataibattery.com\/?post_type=product&#038;p=3432"},"modified":"2026-04-06T05:29:29","modified_gmt":"2026-04-06T05:29:29","slug":"lr14-c-1-5v-2pcs-card","status":"publish","type":"product","link":"https:\/\/www.sdhuataibattery.com\/es\/producto\/lr14-c-1-5v-2pcs-tarjeta\/","title":{"rendered":"PILA DE IONES DE SODIO H6-70-S"},"content":{"rendered":"<h1><strong><a href=\"https:\/\/www.sdhuataibattery.com\/es\/fabricante-de-pilas-de-litio-en-china\/\">PILA DE IONES DE SODIO H6-70-S<\/a><\/strong><\/h1>\n<p><a href=\"https:\/\/www.sdhuataibattery.com\/es\/acerca-de\/\">Shandong Linyi Huatai New Energy Battery Co.<\/a> fue fundada en mayo de 1993, pero la historia de nuestra f\u00e1brica se remonta a la creaci\u00f3n de la F\u00e1brica de Bater\u00edas de Linyi en 1956. <a href=\"https:\/\/www.sdhuataibattery.com\/es\/fabricante-de-pilas-alcalinas-en-china\/\">principales fabricantes de pilas alcalinas<\/a>\u00a0y\u00a0<a href=\"https:\/\/www.sdhuataibattery.com\/es\/fabricante-de-pilas-de-litio-en-china\/\">fabricantes de bater\u00edas de litio<\/a>\u00a0en China y la\u00a0<a href=\"https:\/\/www.sdhuataibattery.com\/es\/zinc-carbon-heavy-duty-dry-cell-battery-factory-in-china\/\">mayor fabricante y f\u00e1brica del mundo de bater\u00edas de zinc-carbono para cargas pesadas<\/a>. Nuestros productos se fabrican con las marcas HUATAI, Power Flash y KINGCELL, as\u00ed como con la marca propia del cliente, con una producci\u00f3n anual de 6.000 millones de euros.\u00a0<a href=\"https:\/\/www.sdhuataibattery.com\/es\/produccion-inteligente\/\">L\u00edneas de producci\u00f3n automatizadas de alta velocidad HIBAR<\/a>, ofreciendo\u00a0<a href=\"https:\/\/www.sdhuataibattery.com\/es\/oem-private-label-fabricante-de-pilas-en-china\/\">Soluciones OEM<\/a>\u00a0para pilas de zinc-carbono, alcalinas y de litio en todo el mundo. <a href=\"https:\/\/www.sdhuataibattery.com\/es\/categoria\/noticias\/\">Secci\u00f3n de noticias<\/a>que cubre los \u00faltimos <a href=\"https:\/\/www.sdhuataibattery.com\/es\/categoria\/noticias\/empresa\/\">Noticias de empresa<\/a>\u00a0y<a href=\"https:\/\/www.sdhuataibattery.com\/es\/categoria\/noticias\/industria\/\">\u00a0Noticias del sector<\/a>Tambi\u00e9n suministramos <a href=\"https:\/\/www.sdhuataibattery.com\/es\/categoria-producto\/producto\/\">Servicio integral de cat\u00e1logo de productos<\/a>\u00a0para nuestros clientes.<\/p>\n<p>Los mercados mundiales de la energ\u00eda se enfrentan a una volatilidad sin precedentes en 2026, <strong><b>Bater\u00eda Linyi Huatai<\/b><\/strong>\u00a0presenta su vanguardista <strong><b>Bater\u00eda de iones de sodio (Na-ion)<\/b><\/strong>\u00a0soluci\u00f3n. Dise\u00f1ada como la alternativa definitiva al i\u00f3n-litio, nuestra tecnolog\u00eda de sodio ofrece un rendimiento superior a bajas temperaturas, mayor seguridad y una cadena de suministro estable, lo que la convierte en la opci\u00f3n ideal para veh\u00edculos el\u00e9ctricos de dos ruedas, almacenamiento de energ\u00eda solar y energ\u00eda de reserva industrial.<\/p>\n<h2><strong><b>Principales caracter\u00edsticas y ventajas:<\/b><\/strong><\/h2>\n<p><strong><b>Excepcional rendimiento a bajas temperaturas:<\/b><\/strong>\u00a0Mantiene m\u00e1s de <strong><b>90% retenci\u00f3n de capacidad a -20\u00b0C<\/b><\/strong>superando con creces a las bater\u00edas LFP tradicionales en los duros climas invernales.<\/p>\n<p><strong><b>Perfil de seguridad superior:<\/b><\/strong>\u00a0Gran estabilidad t\u00e9rmica y menor riesgo de embalamiento t\u00e9rmico. Nuestras c\u00e9lulas de sodio pueden transportarse a <strong><b>0V (cero voltios)<\/b><\/strong>reduciendo dr\u00e1sticamente los riesgos y costes log\u00edsticos.<\/p>\n<p><strong><b>Rentabilidad y estabilidad del suministro:<\/b><\/strong>\u00a0Aprovechar los abundantes recursos de sodio para desvincular su negocio de los vol\u00e1tiles mercados del litio y el cobalto.<\/p>\n<p><strong><b>Capacidad de carga r\u00e1pida:<\/b><\/strong>\u00a0Admite <strong><b>carga de alta velocidad (4C+)<\/b><\/strong>, alcanzando 80% SOC en s\u00f3lo 15 minutos para mantener su flota o sistema en movimiento.<\/p>\n<p><strong><b>Ecol\u00f3gico y sostenible:<\/b><\/strong>\u00a0Reducci\u00f3n de la huella medioambiental con materias primas no t\u00f3xicas, que apoyan sus objetivos ESG y de neutralidad de carbono.<\/p>\n<h2><strong><b>Especificaciones t\u00e9cnicas:<\/b><\/strong><\/h2>\n<table>\n<tbody>\n<tr>\n<td>Caracter\u00edstica<\/td>\n<td>Especificaci\u00f3n<\/td>\n<\/tr>\n<tr>\n<td><strong><b>Tipo de c\u00e9lula<\/b><\/strong><\/td>\n<td>Iones de sodio (carbono duro \/ \u00f3xido estratificado)<\/td>\n<\/tr>\n<tr>\n<td><strong><b>Ciclo de vida<\/b><\/strong><\/td>\n<td>3.000+ ciclos @ 80% DOD<\/td>\n<\/tr>\n<tr>\n<td><strong><b>Temperatura de funcionamiento<\/b><\/strong><\/td>\n<td>-40\u00b0C a +60\u00b0C<\/td>\n<\/tr>\n<tr>\n<td><strong><b>Densidad energ\u00e9tica<\/b><\/strong><\/td>\n<td>140-160 Wh\/kg<\/td>\n<\/tr>\n<tr>\n<td><strong><b>Aplicaciones<\/b><\/strong><\/td>\n<td>LEV, estaciones base de telecomunicaciones, SAI, almacenamiento en red<\/td>\n<\/tr>\n<\/tbody>\n<\/table>\n<p><strong><b> <img alt=\"\" fetchpriority=\"high\" decoding=\"async\" class=\"alignnone size-full wp-image-5253\" src=\"https:\/\/www.sdhuataibattery.com\/wp-content\/uploads\/2025\/12\/SODIUM-ION-BATTERY01.jpg\" width=\"1200\" height=\"254\" srcset=\"https:\/\/www.sdhuataibattery.com\/wp-content\/uploads\/2025\/12\/SODIUM-ION-BATTERY01.jpg 1200w, https:\/\/www.sdhuataibattery.com\/wp-content\/uploads\/2025\/12\/SODIUM-ION-BATTERY01-300x64.jpg 300w, https:\/\/www.sdhuataibattery.com\/wp-content\/uploads\/2025\/12\/SODIUM-ION-BATTERY01-1024x217.jpg 1024w, https:\/\/www.sdhuataibattery.com\/wp-content\/uploads\/2025\/12\/SODIUM-ION-BATTERY01-768x163.jpg 768w, https:\/\/www.sdhuataibattery.com\/wp-content\/uploads\/2025\/12\/SODIUM-ION-BATTERY01-18x4.jpg 18w, https:\/\/www.sdhuataibattery.com\/wp-content\/uploads\/2025\/12\/SODIUM-ION-BATTERY01-600x127.jpg 600w\" sizes=\"(max-width: 1200px) 100vw, 1200px\" \/><\/b><\/strong><\/p>\n<p><img alt=\"\" decoding=\"async\" class=\"alignnone size-full wp-image-5254\" src=\"https:\/\/www.sdhuataibattery.com\/wp-content\/uploads\/2025\/12\/SODIUM-ION-BATTERY02.jpg\" width=\"1200\" height=\"517\" srcset=\"https:\/\/www.sdhuataibattery.com\/wp-content\/uploads\/2025\/12\/SODIUM-ION-BATTERY02.jpg 1200w, https:\/\/www.sdhuataibattery.com\/wp-content\/uploads\/2025\/12\/SODIUM-ION-BATTERY02-300x129.jpg 300w, https:\/\/www.sdhuataibattery.com\/wp-content\/uploads\/2025\/12\/SODIUM-ION-BATTERY02-1024x441.jpg 1024w, https:\/\/www.sdhuataibattery.com\/wp-content\/uploads\/2025\/12\/SODIUM-ION-BATTERY02-768x331.jpg 768w, https:\/\/www.sdhuataibattery.com\/wp-content\/uploads\/2025\/12\/SODIUM-ION-BATTERY02-18x8.jpg 18w, https:\/\/www.sdhuataibattery.com\/wp-content\/uploads\/2025\/12\/SODIUM-ION-BATTERY02-600x259.jpg 600w\" sizes=\"(max-width: 1200px) 100vw, 1200px\" \/><\/p>\n<p><img alt=\"\" decoding=\"async\" class=\"alignnone size-full wp-image-5255\" src=\"https:\/\/www.sdhuataibattery.com\/wp-content\/uploads\/2025\/12\/SODIUM-ION-BATTERY03.jpg\" width=\"1200\" height=\"417\" srcset=\"https:\/\/www.sdhuataibattery.com\/wp-content\/uploads\/2025\/12\/SODIUM-ION-BATTERY03.jpg 1200w, https:\/\/www.sdhuataibattery.com\/wp-content\/uploads\/2025\/12\/SODIUM-ION-BATTERY03-300x104.jpg 300w, https:\/\/www.sdhuataibattery.com\/wp-content\/uploads\/2025\/12\/SODIUM-ION-BATTERY03-1024x356.jpg 1024w, https:\/\/www.sdhuataibattery.com\/wp-content\/uploads\/2025\/12\/SODIUM-ION-BATTERY03-768x267.jpg 768w, https:\/\/www.sdhuataibattery.com\/wp-content\/uploads\/2025\/12\/SODIUM-ION-BATTERY03-18x6.jpg 18w, https:\/\/www.sdhuataibattery.com\/wp-content\/uploads\/2025\/12\/SODIUM-ION-BATTERY03-600x209.jpg 600w\" sizes=\"(max-width: 1200px) 100vw, 1200px\" \/><\/p>","protected":false},"excerpt":{"rendered":"<p>SODIUM-ION BATTERY H6-70-S Shandong Linyi Huatai New Energy Battery Co., Ltd. was established in May 1993,but our factory\u2019s history can date back to the establishment of the Linyi Battery Plant in 1956.We are currently one of the leading alkaline battery manufacturers\u00a0and\u00a0lithium battery manufacturers\u00a0in China and the\u00a0world largest heavy duty zinc-carbon batteries manufacturer&amp;factory.\u00a0Our\u00a0products are produced with&#8230;<\/p>","protected":false},"featured_media":5256,"template":"","meta":{"_seopress_robots_primary_cat":"none","_seopress_titles_title":"Huatai Brand SODIUM-ION BATTERY H6-70-S manufacturer","_seopress_titles_desc":"Linyi Huatai Battery\u00a0introduces its cutting-edge Sodium-ion (Na-ion) Battery\u00a0solution. Engineered as the ultimate alternative to lithium-ion, our sodium technology offers superior low-temperature performance, enhanced safety, and a stable supply chain","_seopress_robots_index":"","_uag_custom_page_level_css":"","_kad_blocks_custom_css":"","_kad_blocks_head_custom_js":"","_kad_blocks_body_custom_js":"","_kad_blocks_footer_custom_js":"","_kad_post_transparent":"default","_kad_post_title":"","_kad_post_layout":"default","_kad_post_sidebar_id":"","_kad_post_content_style":"default","_kad_post_vertical_padding":"default","_kad_post_feature":"","_kad_post_feature_position":"","_kad_post_header":false,"_kad_post_footer":false,"_kad_post_classname":""},"product_brand":[],"product_cat":[70],"product_tag":[],"class_list":{"0":"post-3432","1":"product","2":"type-product","3":"status-publish","4":"has-post-thumbnail","6":"product_cat-sb","8":"first","9":"instock","10":"featured","11":"shipping-taxable","12":"product-type-simple","13":"entry","14":"content-bg","15":"loop-entry"},"taxonomy_info":{"product_cat":[{"value":70,"label":"Sodium-Ion battery"}]},"featured_image_src_large":["https:\/\/www.sdhuataibattery.com\/wp-content\/uploads\/2025\/12\/H6-70-S.jpg",800,800,false],"author_info":[],"comment_info":"","uagb_featured_image_src":{"full":["https:\/\/www.sdhuataibattery.com\/wp-content\/uploads\/2025\/12\/H6-70-S.jpg",800,800,false],"thumbnail":["https:\/\/www.sdhuataibattery.com\/wp-content\/uploads\/2025\/12\/H6-70-S-150x150.jpg",150,150,true],"medium":["https:\/\/www.sdhuataibattery.com\/wp-content\/uploads\/2025\/12\/H6-70-S-300x300.jpg",300,300,true],"medium_large":["https:\/\/www.sdhuataibattery.com\/wp-content\/uploads\/2025\/12\/H6-70-S-768x768.jpg",768,768,true],"large":["https:\/\/www.sdhuataibattery.com\/wp-content\/uploads\/2025\/12\/H6-70-S.jpg",800,800,false],"1536x1536":["https:\/\/www.sdhuataibattery.com\/wp-content\/uploads\/2025\/12\/H6-70-S.jpg",800,800,false],"2048x2048":["https:\/\/www.sdhuataibattery.com\/wp-content\/uploads\/2025\/12\/H6-70-S.jpg",800,800,false],"trp-custom-language-flag":["https:\/\/www.sdhuataibattery.com\/wp-content\/uploads\/2025\/12\/H6-70-S-12x12.jpg",12,12,true],"woocommerce_thumbnail":["https:\/\/www.sdhuataibattery.com\/wp-content\/uploads\/2025\/12\/H6-70-S-300x300.jpg",300,300,true],"woocommerce_single":["https:\/\/www.sdhuataibattery.com\/wp-content\/uploads\/2025\/12\/H6-70-S-600x600.jpg",600,600,true],"woocommerce_gallery_thumbnail":["https:\/\/www.sdhuataibattery.com\/wp-content\/uploads\/2025\/12\/H6-70-S-100x100.jpg",100,100,true]},"uagb_author_info":{"display_name":"htbattery@huataibattery.com","author_link":"https:\/\/www.sdhuataibattery.com\/es\/author\/"},"uagb_comment_info":0,"uagb_excerpt":"SODIUM-ION BATTERY H6-70-S Shandong Linyi Huatai New Energy Battery Co., Ltd. was established in May 1993,but our factory\u2019s history can date back to the establishment of the Linyi Battery Plant in 1956.We are currently one of the leading alkaline battery manufacturers\u00a0and\u00a0lithium battery manufacturers\u00a0in China and the\u00a0world largest heavy duty zinc-carbon batteries manufacturer&amp;factory.\u00a0Our\u00a0products are produced with...","_links":{"self":[{"href":"https:\/\/www.sdhuataibattery.com\/es\/wp-json\/wp\/v2\/product\/3432","targetHints":{"allow":["GET"]}}],"collection":[{"href":"https:\/\/www.sdhuataibattery.com\/es\/wp-json\/wp\/v2\/product"}],"about":[{"href":"https:\/\/www.sdhuataibattery.com\/es\/wp-json\/wp\/v2\/types\/product"}],"wp:featuredmedia":[{"embeddable":true,"href":"https:\/\/www.sdhuataibattery.com\/es\/wp-json\/wp\/v2\/media\/5256"}],"wp:attachment":[{"href":"https:\/\/www.sdhuataibattery.com\/es\/wp-json\/wp\/v2\/media?parent=3432"}],"wp:term":[{"taxonomy":"product_brand","embeddable":true,"href":"https:\/\/www.sdhuataibattery.com\/es\/wp-json\/wp\/v2\/product_brand?post=3432"},{"taxonomy":"product_cat","embeddable":true,"href":"https:\/\/www.sdhuataibattery.com\/es\/wp-json\/wp\/v2\/product_cat?post=3432"},{"taxonomy":"product_tag","embeddable":true,"href":"https:\/\/www.sdhuataibattery.com\/es\/wp-json\/wp\/v2\/product_tag?post=3432"}],"curies":[{"name":"wp","href":"https:\/\/api.w.org\/{rel}","templated":true}]}}