{"id":5331,"date":"2025-12-30T21:57:16","date_gmt":"2025-12-30T21:57:16","guid":{"rendered":"https:\/\/www.sdhuataibattery.com\/?post_type=product&#038;p=5331"},"modified":"2026-04-06T05:46:01","modified_gmt":"2026-04-06T05:46:01","slug":"6f22-9v-1pcs-shrink","status":"publish","type":"product","link":"https:\/\/www.sdhuataibattery.com\/es\/producto\/6f22-9v-1pcs-retractil\/","title":{"rendered":"Super Calidad Zinc-Carbono Serie bater\u00eda 6F22 9V 1PCS\/SHRINK"},"content":{"rendered":"<h1><strong><a href=\"https:\/\/www.sdhuataibattery.com\/es\/zinc-carbon-heavy-duty-dry-cell-battery-factory-in-china\/\">Super Calidad Zinc-Carbono Serie bater\u00eda 6F22 9V 1PCS\/SHRINK<\/a><\/strong><\/h1>\n<p><a href=\"https:\/\/www.sdhuataibattery.com\/es\/acerca-de\/\">Shandong Linyi Huatai New Energy Battery Co.<\/a> fue fundada en mayo de 1993, pero la historia de nuestra f\u00e1brica se remonta a la creaci\u00f3n de la F\u00e1brica de Bater\u00edas de Linyi en 1956. <a href=\"https:\/\/www.sdhuataibattery.com\/es\/fabricante-de-pilas-alcalinas-en-china\/\">principales fabricantes de pilas alcalinas<\/a>\u00a0y\u00a0<a href=\"https:\/\/www.sdhuataibattery.com\/es\/fabricante-de-pilas-de-litio-en-china\/\">fabricantes de bater\u00edas de litio<\/a>\u00a0en China y la\u00a0<a href=\"https:\/\/www.sdhuataibattery.com\/es\/zinc-carbon-heavy-duty-dry-cell-battery-factory-in-china\/\">mayor fabricante y f\u00e1brica del mundo de bater\u00edas de zinc-carbono para cargas pesadas<\/a>. Nuestros productos se fabrican con las marcas HUATAI, Power Flash y KINGCELL, as\u00ed como con la marca propia del cliente, con una producci\u00f3n anual de 6.000 millones de euros.\u00a0<a href=\"https:\/\/www.sdhuataibattery.com\/es\/produccion-inteligente\/\">L\u00edneas de producci\u00f3n automatizadas de alta velocidad HIBAR<\/a>, ofreciendo\u00a0<a href=\"https:\/\/www.sdhuataibattery.com\/es\/oem-private-label-fabricante-de-pilas-en-china\/\">Soluciones OEM<\/a>\u00a0para pilas de zinc-carbono, alcalinas y de litio en todo el mundo. <a href=\"https:\/\/www.sdhuataibattery.com\/es\/categoria\/noticias\/\">Secci\u00f3n de noticias<\/a>que cubre los \u00faltimos <a href=\"https:\/\/www.sdhuataibattery.com\/es\/categoria\/noticias\/empresa\/\">Noticias de empresa<\/a>\u00a0y<a href=\"https:\/\/www.sdhuataibattery.com\/es\/categoria\/noticias\/industria\/\">\u00a0Noticias del sector<\/a>Tambi\u00e9n suministramos <a href=\"https:\/\/www.sdhuataibattery.com\/es\/categoria-producto\/producto\/\">Servicio integral de cat\u00e1logo de productos<\/a>\u00a0para nuestros clientes.<\/p>\n<p>Para aparatos de uso cotidiano que requieren poca energ\u00eda pero constante, <strong><b>Serie Super Heavy Duty (Zinc-Carbono) de Linyi Huatai<\/b><\/strong>\u00a0es la soluci\u00f3n energ\u00e9tica m\u00e1s rentable del mundo. Dise\u00f1adas para mercados de gran volumen y consumidores preocupados por el precio, nuestras pilas de zinc-carbono ofrecen una alternativa estable y ecol\u00f3gica para uso dom\u00e9stico general. Dado que los costes log\u00edsticos mundiales fluct\u00faan, Huatai proporciona la escala de fabricaci\u00f3n necesaria para mantener sus estantes abastecidos con <strong><b>energ\u00eda asequible y fiable.<\/b><\/strong><\/p>\n<table class=\"ck-table-resized\" border=\"1\" width=\"100%\" cellspacing=\"0\" cellpadding=\"0\">\n<tbody>\n<tr>\n<td height=\"30\"><strong>Tipo<\/strong><\/td>\n<td height=\"30\"><strong>Chaqueta<\/strong><\/td>\n<td height=\"30\"><strong>Paquete<\/strong><\/td>\n<td height=\"30\"><strong>Caja interior(uds)<\/strong><\/td>\n<td height=\"30\"><strong>CTN(piezas)<\/strong><\/td>\n<td height=\"30\"><strong>Medidas (cm)<\/strong><\/td>\n<td height=\"30\"><strong>G.W(kgs)<\/strong><\/td>\n<\/tr>\n<tr>\n<td height=\"30\">R6S UM-3 AA<\/td>\n<td height=\"30\">PVC<\/td>\n<td height=\"30\">2 piezas\/retracci\u00f3n<\/td>\n<td height=\"30\">40<\/td>\n<td height=\"30\">720<\/td>\n<td height=\"30\">29.5\u00d718.0x16.0<\/td>\n<td height=\"30\">10.0<\/td>\n<\/tr>\n<tr>\n<td height=\"30\">R6S UM-3 AA<\/td>\n<td height=\"30\">PVC<\/td>\n<td height=\"30\">4 piezas\/retr\u00e1ctil<\/td>\n<td height=\"30\">40<\/td>\n<td height=\"30\">720<\/td>\n<td height=\"30\">29.5\u00d718.0x16.0<\/td>\n<td height=\"30\">10.0<\/td>\n<\/tr>\n<tr>\n<td height=\"30\">R03 UM-4 AAA<\/td>\n<td height=\"30\">PVC<\/td>\n<td height=\"30\">2 piezas\/retracci\u00f3n<\/td>\n<td height=\"30\">40<\/td>\n<td height=\"30\">720<\/td>\n<td height=\"30\">22.5&#215;13.5&#215;14.4<\/td>\n<td height=\"30\">5.5<\/td>\n<\/tr>\n<tr>\n<td height=\"30\">R03 UM-4 AAA<\/td>\n<td height=\"30\">PVC<\/td>\n<td height=\"30\">4 piezas\/retr\u00e1ctil<\/td>\n<td height=\"30\">40<\/td>\n<td height=\"30\">720<\/td>\n<td height=\"30\">22.5&#215;13.5&#215;14.4<\/td>\n<td height=\"30\">5.5<\/td>\n<\/tr>\n<tr>\n<td height=\"30\">R20S UM-1 D<\/td>\n<td height=\"30\">PVC<\/td>\n<td height=\"30\">2 piezas\/retracci\u00f3n<\/td>\n<td height=\"30\">12\/24<\/td>\n<td height=\"30\">288<\/td>\n<td height=\"30\">42.0\u00d728.0x20.0<\/td>\n<td height=\"30\">25.0<\/td>\n<\/tr>\n<tr>\n<td height=\"30\">R14S UM-2 C<\/td>\n<td height=\"30\">PVC<\/td>\n<td height=\"30\">2 piezas\/retracci\u00f3n<\/td>\n<td height=\"30\">24<\/td>\n<td height=\"30\">288<\/td>\n<td height=\"30\">32.2&#215;21.6&#215;16.8<\/td>\n<td height=\"30\">13.0<\/td>\n<\/tr>\n<tr>\n<td height=\"30\">6F22 9V<\/td>\n<td height=\"30\">Metal<\/td>\n<td height=\"30\">1 unidad\/retracci\u00f3n<\/td>\n<td height=\"30\">10<\/td>\n<td height=\"30\">500<\/td>\n<td height=\"30\">27.6&#215;25.6&#215;19.5<\/td>\n<td height=\"30\">19.0<\/td>\n<\/tr>\n<\/tbody>\n<\/table>\n<p><img alt=\"\" fetchpriority=\"high\" decoding=\"async\" class=\"alignnone size-full wp-image-3431\" src=\"https:\/\/www.sdhuataibattery.com\/wp-content\/uploads\/2025\/12\/6LR619V1.jpg\" width=\"1460\" height=\"516\" srcset=\"https:\/\/www.sdhuataibattery.com\/wp-content\/uploads\/2025\/12\/6LR619V1.jpg 1460w, https:\/\/www.sdhuataibattery.com\/wp-content\/uploads\/2025\/12\/6LR619V1-300x106.jpg 300w, https:\/\/www.sdhuataibattery.com\/wp-content\/uploads\/2025\/12\/6LR619V1-1024x362.jpg 1024w, https:\/\/www.sdhuataibattery.com\/wp-content\/uploads\/2025\/12\/6LR619V1-768x271.jpg 768w, https:\/\/www.sdhuataibattery.com\/wp-content\/uploads\/2025\/12\/6LR619V1-18x6.jpg 18w, https:\/\/www.sdhuataibattery.com\/wp-content\/uploads\/2025\/12\/6LR619V1-600x212.jpg 600w\" sizes=\"(max-width: 1460px) 100vw, 1460px\" \/><\/p>\n<h2><strong><b>\u00bfPor qu\u00e9 elegir Huatai Super Heavy Duty?<\/b><\/strong><\/h2>\n<p><strong><b>El Campe\u00f3n del Valor:<\/b><\/strong>\u00a0Dise\u00f1ada para ofrecer el menor coste por hora para dispositivos de bajo consumo, lo que la convierte en la mejor opci\u00f3n para los sectores mayorista y minorista sensibles a los precios.<\/p>\n<p><strong><b>Construcci\u00f3n a prueba de fugas:<\/b><\/strong>\u00a0Mejorada con una cubierta met\u00e1lica de alta calidad y tecnolog\u00eda de sellado avanzada para garantizar que la bater\u00eda no tenga fugas durante toda su vida \u00fatil.<\/p>\n<p><strong><b>Descarga de energ\u00eda estable:<\/b><\/strong>\u00a0Contiene una f\u00f3rmula de cloruro de zinc de gran pureza que proporciona un voltaje constante para dispositivos como relojes de pared, mandos a distancia y juguetes sencillos.<\/p>\n<p><strong><b>Conciencia medioambiental:<\/b><\/strong>\u00a0Nuestra f\u00f3rmula 0% Mercurio y 0% Cadmio garantiza el cumplimiento de las normas medioambientales mundiales, ofreciendo una huella m\u00e1s \"verde\" para la energ\u00eda desechable.<\/p>\n<p><strong><b>Frescura garantizada:<\/b><\/strong>\u00a0Una vida \u00fatil de 3 a\u00f1os garantiza que su inventario se mantenga activo y listo para el consumidor, incluso despu\u00e9s de un env\u00edo de larga distancia.<\/p>\n<h2><strong><b>Aplicaciones vers\u00e1tiles de bajo drenaje:<\/b><\/strong><\/h2>\n<table>\n<tbody>\n<tr>\n<td>Talla<\/td>\n<td>Perfecto para<\/td>\n<\/tr>\n<tr>\n<td><strong><b>R6P (AA)<\/b><\/strong><\/td>\n<td>Relojes de pared, mandos a distancia de TV, ratones inal\u00e1mbricos (est\u00e1ndar), juguetes sencillos<\/td>\n<\/tr>\n<tr>\n<td><strong><b>R03P (AAA)<\/b><\/strong><\/td>\n<td>Calculadoras, radios peque\u00f1as, relojes digitales, linternas LED<\/td>\n<\/tr>\n<tr>\n<td><strong><b>R14P (C) \/ R20P (D)<\/b><\/strong><\/td>\n<td>Estufas de gas, calentadores de agua, radios tradicionales<\/td>\n<\/tr>\n<tr>\n<td><strong><b>6F22 (9V)<\/b><\/strong><\/td>\n<td>Mult\u00edmetros b\u00e1sicos, alarmas, radios port\u00e1tiles<\/td>\n<\/tr>\n<\/tbody>\n<\/table>\n<h2><strong><b>La ventaja de fabricar en Huatai<\/b><\/strong><\/h2>\n<p>Con sede en Linyi, Shandong, <a href=\"https:\/\/www.sdhuataibattery.com\/es\/presentacion-de-la-empresa\/\"><strong><b>Shandong <\/b><\/strong><strong><b>Bater\u00eda Linyi Huatai <\/b><\/strong><strong><b>Co.,Ltd <\/b><\/strong><\/a>es uno de los mayores fabricantes de bater\u00edas de zinc-carbono del mundo. Nuestra <strong><b>Super Heavy Duty<\/b><\/strong>\u00a0es el resultado de m\u00e1s de 30 a\u00f1os de optimizaci\u00f3n de procesos, lo que nos permite ofrecer <strong><b>precios al por mayor sin competencia<\/b><\/strong>\u00a0y una enorme capacidad de producci\u00f3n. Tanto si busca <strong><b>Marca Huatai<\/b><\/strong>\u00a0o <strong><b>soluciones OEM de marca blanca<\/b><\/strong>Ofrecemos la estabilidad log\u00edstica y la garant\u00eda de calidad necesarias para prosperar en el entorno comercial mundial de 2026.<\/p>\n<p><strong><b>Llamamiento a la acci\u00f3n:<\/b><\/strong>\u00a0<strong><b>Maximice sus m\u00e1rgenes con Huatai.<\/b><\/strong>\u00a0Ofrecemos embalaje flexible (retr\u00e1ctil\/en bl\u00edster) y asistencia para env\u00edos internacionales. P\u00f3ngase en contacto con nuestro equipo de ventas hoy mismo para obtener la \u00faltima lista de precios al por mayor y muestras OEM.<\/p>\n<p>[<a href=\"https:\/\/www.sdhuataibattery.com\/es\/contacto\/\">Enlace: Solicitar precios por volumen<\/a>]<\/p>","protected":false},"excerpt":{"rendered":"<p>Super Quality Zinc-Carbon Series battery 6F22 9V 1PCS\/SHRINK Shandong Linyi Huatai New Energy Battery Co., Ltd. was established in May 1993,but our factory\u2019s history can date back to the establishment of the Linyi Battery Plant in 1956.We are currently one of the leading alkaline battery manufacturers\u00a0and\u00a0lithium battery manufacturers\u00a0in China and the\u00a0world largest heavy duty zinc-carbon&#8230;<\/p>","protected":false},"featured_media":5334,"template":"","meta":{"_seopress_robots_primary_cat":"none","_seopress_titles_title":"Super Quality Zinc-Carbon Series battery 6F22 9V 1PCS\/SHRINK","_seopress_titles_desc":"Stable Energy Discharge:\u00a0Features a high-purity zinc-chloride formula that provides steady voltage for devices like wall clocks, remote controls, and simple toys.","_seopress_robots_index":"","_uag_custom_page_level_css":"","_kad_blocks_custom_css":"","_kad_blocks_head_custom_js":"","_kad_blocks_body_custom_js":"","_kad_blocks_footer_custom_js":"","_kad_post_transparent":"default","_kad_post_title":"","_kad_post_layout":"default","_kad_post_sidebar_id":"","_kad_post_content_style":"default","_kad_post_vertical_padding":"default","_kad_post_feature":"","_kad_post_feature_position":"","_kad_post_header":false,"_kad_post_footer":false,"_kad_post_classname":""},"product_brand":[],"product_cat":[84],"product_tag":[],"class_list":{"0":"post-5331","1":"product","2":"type-product","3":"status-publish","4":"has-post-thumbnail","6":"product_cat-sq","8":"first","9":"instock","10":"featured","11":"shipping-taxable","12":"product-type-simple","13":"entry","14":"content-bg","15":"loop-entry"},"taxonomy_info":{"product_cat":[{"value":84,"label":"Super Quality"}]},"featured_image_src_large":["https:\/\/www.sdhuataibattery.com\/wp-content\/uploads\/2025\/12\/zc6F22-9V-1PCSSHRINK.jpg",750,750,false],"author_info":[],"comment_info":"","uagb_featured_image_src":{"full":["https:\/\/www.sdhuataibattery.com\/wp-content\/uploads\/2025\/12\/zc6F22-9V-1PCSSHRINK.jpg",750,750,false],"thumbnail":["https:\/\/www.sdhuataibattery.com\/wp-content\/uploads\/2025\/12\/zc6F22-9V-1PCSSHRINK-150x150.jpg",150,150,true],"medium":["https:\/\/www.sdhuataibattery.com\/wp-content\/uploads\/2025\/12\/zc6F22-9V-1PCSSHRINK-300x300.jpg",300,300,true],"medium_large":["https:\/\/www.sdhuataibattery.com\/wp-content\/uploads\/2025\/12\/zc6F22-9V-1PCSSHRINK.jpg",750,750,false],"large":["https:\/\/www.sdhuataibattery.com\/wp-content\/uploads\/2025\/12\/zc6F22-9V-1PCSSHRINK.jpg",750,750,false],"1536x1536":["https:\/\/www.sdhuataibattery.com\/wp-content\/uploads\/2025\/12\/zc6F22-9V-1PCSSHRINK.jpg",750,750,false],"2048x2048":["https:\/\/www.sdhuataibattery.com\/wp-content\/uploads\/2025\/12\/zc6F22-9V-1PCSSHRINK.jpg",750,750,false],"trp-custom-language-flag":["https:\/\/www.sdhuataibattery.com\/wp-content\/uploads\/2025\/12\/zc6F22-9V-1PCSSHRINK-12x12.jpg",12,12,true],"woocommerce_thumbnail":["https:\/\/www.sdhuataibattery.com\/wp-content\/uploads\/2025\/12\/zc6F22-9V-1PCSSHRINK-300x300.jpg",300,300,true],"woocommerce_single":["https:\/\/www.sdhuataibattery.com\/wp-content\/uploads\/2025\/12\/zc6F22-9V-1PCSSHRINK-600x600.jpg",600,600,true],"woocommerce_gallery_thumbnail":["https:\/\/www.sdhuataibattery.com\/wp-content\/uploads\/2025\/12\/zc6F22-9V-1PCSSHRINK-100x100.jpg",100,100,true]},"uagb_author_info":{"display_name":"htbattery@huataibattery.com","author_link":"https:\/\/www.sdhuataibattery.com\/es\/author\/"},"uagb_comment_info":0,"uagb_excerpt":"Super Quality Zinc-Carbon Series battery 6F22 9V 1PCS\/SHRINK Shandong Linyi Huatai New Energy Battery Co., Ltd. was established in May 1993,but our factory\u2019s history can date back to the establishment of the Linyi Battery Plant in 1956.We are currently one of the leading alkaline battery manufacturers\u00a0and\u00a0lithium battery manufacturers\u00a0in China and the\u00a0world largest heavy duty zinc-carbon...","_links":{"self":[{"href":"https:\/\/www.sdhuataibattery.com\/es\/wp-json\/wp\/v2\/product\/5331","targetHints":{"allow":["GET"]}}],"collection":[{"href":"https:\/\/www.sdhuataibattery.com\/es\/wp-json\/wp\/v2\/product"}],"about":[{"href":"https:\/\/www.sdhuataibattery.com\/es\/wp-json\/wp\/v2\/types\/product"}],"wp:featuredmedia":[{"embeddable":true,"href":"https:\/\/www.sdhuataibattery.com\/es\/wp-json\/wp\/v2\/media\/5334"}],"wp:attachment":[{"href":"https:\/\/www.sdhuataibattery.com\/es\/wp-json\/wp\/v2\/media?parent=5331"}],"wp:term":[{"taxonomy":"product_brand","embeddable":true,"href":"https:\/\/www.sdhuataibattery.com\/es\/wp-json\/wp\/v2\/product_brand?post=5331"},{"taxonomy":"product_cat","embeddable":true,"href":"https:\/\/www.sdhuataibattery.com\/es\/wp-json\/wp\/v2\/product_cat?post=5331"},{"taxonomy":"product_tag","embeddable":true,"href":"https:\/\/www.sdhuataibattery.com\/es\/wp-json\/wp\/v2\/product_tag?post=5331"}],"curies":[{"name":"wp","href":"https:\/\/api.w.org\/{rel}","templated":true}]}}