{"id":5493,"date":"2026-01-01T04:02:12","date_gmt":"2026-01-01T04:02:12","guid":{"rendered":"https:\/\/www.sdhuataibattery.com\/?post_type=product&#038;p=5493"},"modified":"2026-03-04T05:47:31","modified_gmt":"2026-03-04T05:47:31","slug":"lr6-aa-1-5v-2pcs-card-2","status":"publish","type":"product","link":"https:\/\/www.sdhuataibattery.com\/es\/producto\/lr6-aa-1-5v-2pcs-tarjeta-2\/","title":{"rendered":"Super Alcalinas serie LR6 AA 1,5V 2PCS\/Tarjeta"},"content":{"rendered":"<figure class=\"table\">\n<table border=\"1\" width=\"100%\" cellspacing=\"0\" cellpadding=\"0\">\n<tbody>\n<tr>\n<td height=\"30\"><strong>N\u00ba de art\u00edculo<\/strong><\/td>\n<td height=\"30\"><strong>Sistema<\/strong><\/td>\n<td height=\"30\"><strong>Tensi\u00f3n<\/strong><\/td>\n<td height=\"30\"><strong>Peso<\/strong><\/td>\n<td height=\"30\"><strong>Di\u00e1metro<\/strong><\/td>\n<td height=\"30\"><strong>Altura<\/strong><\/td>\n<\/tr>\n<tr>\n<td height=\"30\">AA<\/td>\n<td height=\"30\">0%Hg Alcalino<\/td>\n<td height=\"30\">1.50V<\/td>\n<td height=\"30\">23.2\u00b10.2g<\/td>\n<td height=\"30\">13,7-14,5 mm<\/td>\n<td height=\"30\">49,5-50,5 mm<\/td>\n<\/tr>\n<tr>\n<td height=\"30\">AAA<\/td>\n<td height=\"30\">0%Hg Alcalino<\/td>\n<td height=\"30\">1.50V<\/td>\n<td height=\"30\">11.2\u00b10.2g<\/td>\n<td height=\"30\">9,8-10,5 mm<\/td>\n<td height=\"30\">43,5-44,5 mm<\/td>\n<\/tr>\n<tr>\n<td height=\"30\">C<\/td>\n<td height=\"30\">0%Hg Alcalino<\/td>\n<td height=\"30\">1.50V<\/td>\n<td height=\"30\">70.0\u00b10.5g<\/td>\n<td height=\"30\">24,9-26,2 mm<\/td>\n<td height=\"30\">48,6-50,0 mm<\/td>\n<\/tr>\n<tr>\n<td height=\"30\">D<\/td>\n<td height=\"30\">0%Hg Alcalino<\/td>\n<td height=\"30\">1.50V<\/td>\n<td height=\"30\">140.0\u00b11g<\/td>\n<td height=\"30\">32,3-34,2 mm<\/td>\n<td height=\"30\">59,5-61,5 mm<\/td>\n<\/tr>\n<tr>\n<td height=\"30\">9V<\/td>\n<td height=\"30\">0%Hg Alcalino<\/td>\n<td height=\"30\">9.0V<\/td>\n<td height=\"30\">45.5\u00b10.5g<\/td>\n<td height=\"30\">L(24,5-26,5)mm<br \/>\nAncho (15,5-17,5)mm<\/td>\n<td height=\"30\">46,5-48,5 mm<\/td>\n<\/tr>\n<\/tbody>\n<\/table>\n<\/figure>\n<p>&nbsp;<\/p>\n<figure class=\"table\">\n<table class=\"ck-table-resized\" border=\"1\" width=\"100%\" cellspacing=\"0\" cellpadding=\"0\">\n<colgroup>\n<col width=\"321\" \/>\n<col width=\"6\" \/>\n<col width=\"202\" \/>\n<col width=\"230\" \/>\n<col width=\"237\" \/>\n<col width=\"168\" \/>\n<col width=\"384\" \/> <\/colgroup>\n<tbody>\n<tr>\n<td colspan=\"7\" height=\"30\"><strong>Especificaciones de embalaje<\/strong><\/td>\n<\/tr>\n<tr>\n<td height=\"30\"><strong>Tipo<\/strong><\/td>\n<td height=\"30\"><strong>Chaqueta<\/strong><\/td>\n<td height=\"30\"><strong>Paquete<\/strong><\/td>\n<td height=\"30\"><strong>Caja interior(uds)<\/strong><\/td>\n<td height=\"30\"><strong>CTN(piezas)<\/strong><\/td>\n<td height=\"30\"><strong>Medidas (cm)<\/strong><\/td>\n<td height=\"30\"><strong>G.W(kgs)<\/strong><\/td>\n<\/tr>\n<tr>\n<td height=\"30\">LR6 AM-3 AA<\/td>\n<td height=\"30\">Aluminio<\/td>\n<td height=\"30\">2 unidades\/tarjeta<\/td>\n<td height=\"30\">24<\/td>\n<td height=\"30\">480<\/td>\n<td height=\"30\">52.3&#215;28.3&#215;21.0<\/td>\n<td height=\"30\">13.0<\/td>\n<\/tr>\n<tr>\n<td height=\"30\">LR6 AM-3 AA<\/td>\n<td height=\"30\">Aluminio<\/td>\n<td height=\"30\">4 piezas\/tarjeta<\/td>\n<td height=\"30\">48<\/td>\n<td height=\"30\">960<\/td>\n<td height=\"30\">52.3&#215;28.3&#215;21.0<\/td>\n<td height=\"30\">25.5<\/td>\n<\/tr>\n<tr>\n<td height=\"30\">LR03 AM-4 AAA<\/td>\n<td height=\"30\">Aluminio<\/td>\n<td height=\"30\">2 unidades\/tarjeta<\/td>\n<td height=\"30\">24<\/td>\n<td height=\"30\">480<\/td>\n<td height=\"30\">42.8&#215;28.3&#215;21.0<\/td>\n<td height=\"30\">7.0<\/td>\n<\/tr>\n<tr>\n<td height=\"30\">LR03 AM-4 AAA<\/td>\n<td height=\"30\">Aluminio<\/td>\n<td height=\"30\">4 piezas\/tarjeta<\/td>\n<td height=\"30\">48<\/td>\n<td height=\"30\">960<\/td>\n<td height=\"30\">42.8&#215;28.3&#215;21.0<\/td>\n<td height=\"30\">13.5<\/td>\n<\/tr>\n<tr>\n<td height=\"30\">LR20 AM-1 D<\/td>\n<td height=\"30\">Aluminio<\/td>\n<td height=\"30\">2 unidades\/tarjeta<\/td>\n<td height=\"30\">24<\/td>\n<td height=\"30\">96<\/td>\n<td height=\"30\">33.5&#215;24.5&#215;20.0<\/td>\n<td height=\"30\">14.0<\/td>\n<\/tr>\n<tr>\n<td height=\"30\">LR14 AM-2 C<\/td>\n<td height=\"30\">Aluminio<\/td>\n<td height=\"30\">2 unidades\/tarjeta<\/td>\n<td height=\"30\">24<\/td>\n<td height=\"30\">96<\/td>\n<td height=\"30\">29.5\u00d719.0x20.0<\/td>\n<td height=\"30\">7.5<\/td>\n<\/tr>\n<tr>\n<td height=\"30\">6LR61<\/td>\n<td height=\"30\">Aluminio<\/td>\n<td height=\"30\">1 unidad\/tarjeta<\/td>\n<td height=\"30\">10<\/td>\n<td height=\"30\">240<\/td>\n<td height=\"30\">42.0&#215;28.2&#215;26.7<\/td>\n<td height=\"30\">13.5<\/td>\n<\/tr>\n<\/tbody>\n<\/table>\n<p><img alt=\"\" fetchpriority=\"high\" decoding=\"async\" class=\"alignnone size-full wp-image-3431\" src=\"https:\/\/www.sdhuataibattery.com\/wp-content\/uploads\/2025\/12\/6LR619V1.jpg\" width=\"1460\" height=\"516\" srcset=\"https:\/\/www.sdhuataibattery.com\/wp-content\/uploads\/2025\/12\/6LR619V1.jpg 1460w, https:\/\/www.sdhuataibattery.com\/wp-content\/uploads\/2025\/12\/6LR619V1-300x106.jpg 300w, https:\/\/www.sdhuataibattery.com\/wp-content\/uploads\/2025\/12\/6LR619V1-1024x362.jpg 1024w, https:\/\/www.sdhuataibattery.com\/wp-content\/uploads\/2025\/12\/6LR619V1-768x271.jpg 768w, https:\/\/www.sdhuataibattery.com\/wp-content\/uploads\/2025\/12\/6LR619V1-18x6.jpg 18w, https:\/\/www.sdhuataibattery.com\/wp-content\/uploads\/2025\/12\/6LR619V1-600x212.jpg 600w\" sizes=\"(max-width: 1460px) 100vw, 1460px\" \/><\/p>\n<p><a href=\"https:\/\/www.sdhuataibattery.com\/es\/fabricante-de-pilas-alcalinas-en-china\/\">Super Alcalinas serie LR6 AA 1,5V 2PCS\/Tarjeta<\/a><\/p>\n<p>\u00bfBusca el equilibrio perfecto entre alto rendimiento y rentabilidad? <strong><b>Serie superalcalina de Linyi Huatai<\/b><\/strong>\u00a0es el est\u00e1ndar del sector para obtener energ\u00eda fiable todos los d\u00edas. Dise\u00f1adas para superar a las pilas tradicionales de carbono-zinc hasta en un 50%. <strong><b>De 6 a 10 veces<\/b><\/strong>Nuestra gama superalcalina es la opci\u00f3n preferida de los distribuidores internacionales que buscan soluciones de pilas de consumo de alta calidad y alta rotaci\u00f3n.<\/p>\n<h2><strong><b>Principales caracter\u00edsticas y ventajas:<\/b><\/strong><\/h2>\n<p><strong><b>Salida de tensi\u00f3n constante:<\/b><\/strong>\u00a0Dise\u00f1ada para proporcionar una curva de descarga estable, garantizando que sus dispositivos -desde mandos a distancia hasta relojes de pared- funcionen sin problemas hasta el final.<\/p>\n<p><strong><b>L\u00edder en rentabilidad:<\/b><\/strong>\u00a0La serie \"Super\" ofrece productos alcalinos de alta calidad a un precio competitivo, lo que la convierte en la opci\u00f3n m\u00e1s rentable para uso dom\u00e9stico y de oficina.<\/p>\n<p><strong><b>Tecnolog\u00eda avanzada antifugas:<\/b><\/strong>\u00a0Construido con un sello de doble costura y una robusta carcasa de acero anticorrosi\u00f3n para evitar la acumulaci\u00f3n de presi\u00f3n interna y proteger sus dispositivos.<\/p>\n<p><strong><b>7 a\u00f1os de vida \u00fatil:<\/b><\/strong>\u00a0Nuestra tecnolog\u00eda patentada \"Power Lock\" garantiza que las pilas se mantengan frescas y listas para su uso durante un m\u00e1ximo de <strong><b>7 a\u00f1os<\/b><\/strong>\u00a0en el almac\u00e9n.<\/p>\n<p><strong><b>Qu\u00edmica respetuosa con el medio ambiente:<\/b><\/strong>\u00a0Contiene <strong><b>0% Mercurio y 0% Cadmio<\/b><\/strong>, cumpliendo las estrictas normativas medioambientales de la UE y EE.UU. para la eliminaci\u00f3n segura y la seguridad de los consumidores.<\/p>\n<h2><strong><b>Aplicaciones universales:<\/b><\/strong><\/h2>\n<table>\n<tbody>\n<tr>\n<td>Talla<\/td>\n<td>Ideal para<\/td>\n<\/tr>\n<tr>\n<td><strong><b>LR6 (AA)<\/b><\/strong><\/td>\n<td>Teclados inal\u00e1mbricos, juguetes, linternas, recortadoras<\/td>\n<\/tr>\n<tr>\n<td><strong><b>LR03 (AAA)<\/b><\/strong><\/td>\n<td>Mandos a distancia, calculadoras, relojes, balanzas de cocina<\/td>\n<\/tr>\n<tr>\n<td><strong><b>LR14 (C) \/ LR20 (D)<\/b><\/strong><\/td>\n<td>Hornillos de gas, radios, linternas de camping<\/td>\n<\/tr>\n<tr>\n<td><strong><b>6LF22 (9V)<\/b><\/strong><\/td>\n<td>Detectores de humo, micr\u00f3fonos, instrumentos de prueba<\/td>\n<\/tr>\n<\/tbody>\n<\/table>\n<h2><strong><b>\u00bfPor qu\u00e9 asociarse con Linyi Huatai?<\/b><\/strong><\/h2>\n<p>Con m\u00e1s de 30 a\u00f1os de excelencia en la fabricaci\u00f3n en China,<a href=\"https:\/\/www.sdhuataibattery.com\/es\/\"><strong><b>Shandong<\/b><\/strong><strong><b>\u00a0<\/b><\/strong><strong><b>Linyi Huatai <\/b><\/strong><strong><b>Nueva energ\u00eda <\/b><\/strong><strong><b>Bater\u00eda <\/b><\/strong><strong><b>Co.,Ltd.<\/b><\/strong><\/a>opera una de las l\u00edneas de producci\u00f3n de alcalinos m\u00e1s eficientes del mundo. Nuestra <strong><b>Superalcalino<\/b><\/strong>\u00a0es el resultado de una producci\u00f3n en serie optimizada, que nos permite ofrecer <strong><b>precios al por mayor sin competencia<\/b><\/strong>\u00a0sin sacrificar la fiabilidad que esperan sus clientes. Tanto si necesita <strong><b>Marca Huatai<\/b><\/strong>\u00a0o <a href=\"https:\/\/www.sdhuataibattery.com\/es\/oem-private-label-fabricante-de-pilas-en-china\/\"><strong><b>Embalaje OEM personalizado<\/b><\/strong><\/a>Ofrecemos la escala y la estabilidad que requiere su cadena de suministro.<\/p>\n<p><strong><b>Llamamiento a la acci\u00f3n:<\/b><\/strong>\u00a0<strong><b>Potencie su crecimiento con Huatai Super Alkaline.<\/b><\/strong>\u00a0Actualmente buscamos socios distribuidores en todo el mundo. P\u00f3ngase en contacto con nosotros hoy mismo para obtener presupuestos al por mayor y opciones de personalizaci\u00f3n OEM.<\/p>\n<p>[<a href=\"https:\/\/www.sdhuataibattery.com\/es\/contacto\/\">Enlace: Obtenga un presupuesto al por mayor<\/a>]<\/figure>","protected":false},"excerpt":{"rendered":"<p>Item No System Voltage Weight Diameter Height AA 0%Hg Alkaline 1.50V 23.2\u00b10.2g 13.7-14.5mm 49.5-50.5mm AAA 0%Hg Alkaline 1.50V 11.2\u00b10.2g 9.8-10.5mm 43.5-44.5mm C 0%Hg Alkaline 1.50V 70.0\u00b10.5g 24.9-26.2mm 48.6-50.0mm D 0%Hg Alkaline 1.50V 140.0\u00b11g 32.3-34.2mm 59.5-61.5mm 9V 0%Hg Alkaline 9.0V 45.5\u00b10.5g L(24.5-26.5)mm W(15.5-17.5)mm 46.5-48.5mm &nbsp; Packing Specifications Type Jacket Pack Inner Box(pcs) CTN(pcs) Meas.(cm) G.W(kgs) LR6&#8230;<\/p>","protected":false},"featured_media":3447,"template":"","meta":{"_seopress_robots_primary_cat":"none","_seopress_titles_title":"Super Alkaline series LR6 AA 1.5V 2PCS\/Card","_seopress_titles_desc":"7-Year Shelf Power:\u00a0Our proprietary \"Power Lock\" technology ensures that batteries remain fresh and ready for use for up to 7 years\u00a0in storage.","_seopress_robots_index":"","_uag_custom_page_level_css":"","_kad_blocks_custom_css":"","_kad_blocks_head_custom_js":"","_kad_blocks_body_custom_js":"","_kad_blocks_footer_custom_js":"","_kad_post_transparent":"default","_kad_post_title":"","_kad_post_layout":"default","_kad_post_sidebar_id":"","_kad_post_content_style":"default","_kad_post_vertical_padding":"default","_kad_post_feature":"","_kad_post_feature_position":"","_kad_post_header":false,"_kad_post_footer":false,"_kad_post_classname":""},"product_brand":[],"product_cat":[82],"product_tag":[],"class_list":{"0":"post-5493","1":"product","2":"type-product","3":"status-publish","4":"has-post-thumbnail","6":"product_cat-superalkaline","8":"first","9":"instock","10":"shipping-taxable","11":"product-type-simple","12":"entry","13":"content-bg","14":"loop-entry"},"taxonomy_info":{"product_cat":[{"value":82,"label":"Super Alkaline"}]},"featured_image_src_large":["https:\/\/www.sdhuataibattery.com\/wp-content\/uploads\/2025\/12\/LR6-AA-1.5V-2PCSCard.jpg",710,710,false],"author_info":[],"comment_info":"","uagb_featured_image_src":{"full":["https:\/\/www.sdhuataibattery.com\/wp-content\/uploads\/2025\/12\/LR6-AA-1.5V-2PCSCard.jpg",710,710,false],"thumbnail":["https:\/\/www.sdhuataibattery.com\/wp-content\/uploads\/2025\/12\/LR6-AA-1.5V-2PCSCard-150x150.jpg",150,150,true],"medium":["https:\/\/www.sdhuataibattery.com\/wp-content\/uploads\/2025\/12\/LR6-AA-1.5V-2PCSCard-300x300.jpg",300,300,true],"medium_large":["https:\/\/www.sdhuataibattery.com\/wp-content\/uploads\/2025\/12\/LR6-AA-1.5V-2PCSCard.jpg",710,710,false],"large":["https:\/\/www.sdhuataibattery.com\/wp-content\/uploads\/2025\/12\/LR6-AA-1.5V-2PCSCard.jpg",710,710,false],"1536x1536":["https:\/\/www.sdhuataibattery.com\/wp-content\/uploads\/2025\/12\/LR6-AA-1.5V-2PCSCard.jpg",710,710,false],"2048x2048":["https:\/\/www.sdhuataibattery.com\/wp-content\/uploads\/2025\/12\/LR6-AA-1.5V-2PCSCard.jpg",710,710,false],"trp-custom-language-flag":["https:\/\/www.sdhuataibattery.com\/wp-content\/uploads\/2025\/12\/LR6-AA-1.5V-2PCSCard-12x12.jpg",12,12,true],"woocommerce_thumbnail":["https:\/\/www.sdhuataibattery.com\/wp-content\/uploads\/2025\/12\/LR6-AA-1.5V-2PCSCard-300x300.jpg",300,300,true],"woocommerce_single":["https:\/\/www.sdhuataibattery.com\/wp-content\/uploads\/2025\/12\/LR6-AA-1.5V-2PCSCard-600x600.jpg",600,600,true],"woocommerce_gallery_thumbnail":["https:\/\/www.sdhuataibattery.com\/wp-content\/uploads\/2025\/12\/LR6-AA-1.5V-2PCSCard-100x100.jpg",100,100,true]},"uagb_author_info":{"display_name":"htbattery@huataibattery.com","author_link":"https:\/\/www.sdhuataibattery.com\/es\/author\/"},"uagb_comment_info":0,"uagb_excerpt":"Item No System Voltage Weight Diameter Height AA 0%Hg Alkaline 1.50V 23.2\u00b10.2g 13.7-14.5mm 49.5-50.5mm AAA 0%Hg Alkaline 1.50V 11.2\u00b10.2g 9.8-10.5mm 43.5-44.5mm C 0%Hg Alkaline 1.50V 70.0\u00b10.5g 24.9-26.2mm 48.6-50.0mm D 0%Hg Alkaline 1.50V 140.0\u00b11g 32.3-34.2mm 59.5-61.5mm 9V 0%Hg Alkaline 9.0V 45.5\u00b10.5g L(24.5-26.5)mm W(15.5-17.5)mm 46.5-48.5mm &nbsp; Packing Specifications Type Jacket Pack Inner Box(pcs) CTN(pcs) Meas.(cm) G.W(kgs) LR6...","_links":{"self":[{"href":"https:\/\/www.sdhuataibattery.com\/es\/wp-json\/wp\/v2\/product\/5493","targetHints":{"allow":["GET"]}}],"collection":[{"href":"https:\/\/www.sdhuataibattery.com\/es\/wp-json\/wp\/v2\/product"}],"about":[{"href":"https:\/\/www.sdhuataibattery.com\/es\/wp-json\/wp\/v2\/types\/product"}],"wp:featuredmedia":[{"embeddable":true,"href":"https:\/\/www.sdhuataibattery.com\/es\/wp-json\/wp\/v2\/media\/3447"}],"wp:attachment":[{"href":"https:\/\/www.sdhuataibattery.com\/es\/wp-json\/wp\/v2\/media?parent=5493"}],"wp:term":[{"taxonomy":"product_brand","embeddable":true,"href":"https:\/\/www.sdhuataibattery.com\/es\/wp-json\/wp\/v2\/product_brand?post=5493"},{"taxonomy":"product_cat","embeddable":true,"href":"https:\/\/www.sdhuataibattery.com\/es\/wp-json\/wp\/v2\/product_cat?post=5493"},{"taxonomy":"product_tag","embeddable":true,"href":"https:\/\/www.sdhuataibattery.com\/es\/wp-json\/wp\/v2\/product_tag?post=5493"}],"curies":[{"name":"wp","href":"https:\/\/api.w.org\/{rel}","templated":true}]}}