{"id":3440,"date":"2025-12-07T07:49:28","date_gmt":"2025-12-07T07:49:28","guid":{"rendered":"https:\/\/www.sdhuataibattery.com\/?post_type=product&#038;p=3440"},"modified":"2026-04-06T05:31:33","modified_gmt":"2026-04-06T05:31:33","slug":"lr6-aa-1-5v-4pcs-card","status":"publish","type":"product","link":"https:\/\/www.sdhuataibattery.com\/fr\/product\/lr6-aa-1-5v-4pcs-card\/","title":{"rendered":"BATTERIE SODIUM-ION H8-90-S"},"content":{"rendered":"<h1><strong><a href=\"https:\/\/www.sdhuataibattery.com\/fr\/fabricant-de-piles-au-lithium-en-chine\/\">BATTERIE SODIUM-ION H8-90-S<\/a><\/strong><\/h1>\n<p><a href=\"https:\/\/www.sdhuataibattery.com\/fr\/a-propos-de\/\">Shandong Linyi Huatai New Energy Battery Co, Ltd.<\/a> a \u00e9t\u00e9 cr\u00e9\u00e9e en mai 1993, mais l'histoire de notre usine remonte \u00e0 la cr\u00e9ation de l'usine de batteries de Linyi en 1956. <a href=\"https:\/\/www.sdhuataibattery.com\/fr\/fabricant-de-piles-alcalines-en-chine-2\/\">principaux fabricants de piles alcalines<\/a>\u00a0et\u00a0<a href=\"https:\/\/www.sdhuataibattery.com\/fr\/fabricant-de-piles-au-lithium-en-chine\/\">fabricants de piles au lithium<\/a>\u00a0en Chine et la\u00a0<a href=\"https:\/\/www.sdhuataibattery.com\/fr\/zinc-carbon-heavy-duty-dry-cell-battery-factory-in-china\/\">le plus grand fabricant et usine de batteries zinc-carbone pour charges lourdes au monde<\/a>. Nos produits sont fabriqu\u00e9s sous les marques HUATAI, Power Flash et KINGCELL, ainsi que sous la marque priv\u00e9e du client, et ont une production annuelle de 6 milliards d'euros.\u00a0<a href=\"https:\/\/www.sdhuataibattery.com\/fr\/production-intelligente\/\">Lignes de production automatis\u00e9es \u00e0 grande vitesse HIBAR<\/a>, offrant\u00a0<a href=\"https:\/\/www.sdhuataibattery.com\/fr\/fabricant-de-piles-de-marque-privee-oem-en-chine\/\">Solutions OEM<\/a>\u00a0pour les piles au carbone-zinc, les piles alcalines et les piles au lithium dans le monde entier. <a href=\"https:\/\/www.sdhuataibattery.com\/fr\/categorie\/nouvelles\/\">Section des actualit\u00e9s<\/a>qui couvre les derni\u00e8res <a href=\"https:\/\/www.sdhuataibattery.com\/fr\/categorie\/nouvelles\/entreprise\/\">Nouvelles de l'entreprise<\/a>\u00a0et<a href=\"https:\/\/www.sdhuataibattery.com\/fr\/categorie\/nouvelles\/lindustrie\/\">\u00a0Nouvelles de l'industrie<\/a>Nous fournissons \u00e9galement <a href=\"https:\/\/www.sdhuataibattery.com\/fr\/categorie-produit\/produit\/\">Service de catalogue de produits \u00e0 guichet unique<\/a>\u00a0pour nos clients.<\/p>\n<p>Les march\u00e9s mondiaux de l'\u00e9nergie sont confront\u00e9s \u00e0 une volatilit\u00e9 sans pr\u00e9c\u00e9dent en 2026, <a href=\"https:\/\/www.sdhuataibattery.com\/fr\/a-propos-de\/\"><strong><b>Linyi Huatai Battery<\/b><\/strong><\/a>\u00a0pr\u00e9sente son syst\u00e8me de pointe <strong><b>Batterie sodium-ion (Na-ion)<\/b><\/strong>\u00a0solution. Con\u00e7ue comme l'alternative ultime au lithium-ion, notre technologie au sodium offre des performances sup\u00e9rieures \u00e0 basse temp\u00e9rature, une s\u00e9curit\u00e9 accrue et une cha\u00eene d'approvisionnement stable, ce qui en fait le choix id\u00e9al pour les deux-roues \u00e9lectriques, le stockage de l'\u00e9nergie solaire et l'alimentation de secours dans l'industrie.<\/p>\n<h2><strong><b>Principales caract\u00e9ristiques et avantages :<\/b><\/strong><\/h2>\n<p><strong><b>Performance exceptionnelle \u00e0 basse temp\u00e9rature :<\/b><\/strong>\u00a0Maintient plus de <strong><b>90% r\u00e9tention de capacit\u00e9 \u00e0 -20\u00b0C<\/b><\/strong>Les batteries LFP sont plus performantes que les batteries traditionnelles dans les climats hivernaux rigoureux.<\/p>\n<p><strong><b>Profil de s\u00e9curit\u00e9 sup\u00e9rieur :<\/b><\/strong>\u00a0Stabilit\u00e9 thermique \u00e9lev\u00e9e et risque r\u00e9duit d'emballement thermique. Nos cellules \u00e0 sodium peuvent \u00eatre transport\u00e9es \u00e0 <strong><b>0V (z\u00e9ro volt)<\/b><\/strong>r\u00e9duisant ainsi consid\u00e9rablement les risques et les co\u00fbts logistiques.<\/p>\n<p><strong><b>Rentabilit\u00e9 et stabilit\u00e9 de l'offre :<\/b><\/strong>\u00a0Exploiter les ressources abondantes en sodium pour d\u00e9coupler votre activit\u00e9 des march\u00e9s volatils du lithium et du cobalt.<\/p>\n<p><strong><b>Capacit\u00e9 de charge rapide :<\/b><\/strong>\u00a0Soutien <strong><b>Chargement \u00e0 haut d\u00e9bit (4C+)<\/b><\/strong>Le SOC 80% peut \u00eatre atteint en 15 minutes seulement pour que votre flotte ou votre syst\u00e8me puisse continuer \u00e0 fonctionner.<\/p>\n<p><strong><b>Respectueux de l'environnement et durable :<\/b><\/strong>\u00a0Empreinte environnementale r\u00e9duite gr\u00e2ce \u00e0 des mati\u00e8res premi\u00e8res non toxiques, soutenant vos objectifs ESG et de neutralit\u00e9 carbone.<\/p>\n<h2><strong><b>Sp\u00e9cifications techniques :<\/b><\/strong><\/h2>\n<table>\n<tbody>\n<tr>\n<td>Fonctionnalit\u00e9<\/td>\n<td>Sp\u00e9cifications<\/td>\n<\/tr>\n<tr>\n<td><strong><b>Type de cellule<\/b><\/strong><\/td>\n<td>Sodium-ion (carbone dur \/ oxyde stratifi\u00e9)<\/td>\n<\/tr>\n<tr>\n<td><strong><b>Cycle de vie<\/b><\/strong><\/td>\n<td>3 000+ cycles @ 80% DOD<\/td>\n<\/tr>\n<tr>\n<td><strong><b>Temp\u00e9rature de fonctionnement<\/b><\/strong><\/td>\n<td>-40\u00b0C \u00e0 +60\u00b0C<\/td>\n<\/tr>\n<tr>\n<td><strong><b>Densit\u00e9 \u00e9nerg\u00e9tique<\/b><\/strong><\/td>\n<td>140-160 Wh\/kg<\/td>\n<\/tr>\n<tr>\n<td><strong><b>Applications<\/b><\/strong><\/td>\n<td>LEV, stations de base de t\u00e9l\u00e9communications, ASI, stockage en r\u00e9seau<\/td>\n<\/tr>\n<\/tbody>\n<\/table>\n<p><img alt=\"\" fetchpriority=\"high\" decoding=\"async\" class=\"alignnone size-full wp-image-5253\" src=\"https:\/\/www.sdhuataibattery.com\/wp-content\/uploads\/2025\/12\/SODIUM-ION-BATTERY01.jpg\" width=\"1200\" height=\"254\" srcset=\"https:\/\/www.sdhuataibattery.com\/wp-content\/uploads\/2025\/12\/SODIUM-ION-BATTERY01.jpg 1200w, https:\/\/www.sdhuataibattery.com\/wp-content\/uploads\/2025\/12\/SODIUM-ION-BATTERY01-300x64.jpg 300w, https:\/\/www.sdhuataibattery.com\/wp-content\/uploads\/2025\/12\/SODIUM-ION-BATTERY01-1024x217.jpg 1024w, https:\/\/www.sdhuataibattery.com\/wp-content\/uploads\/2025\/12\/SODIUM-ION-BATTERY01-768x163.jpg 768w, https:\/\/www.sdhuataibattery.com\/wp-content\/uploads\/2025\/12\/SODIUM-ION-BATTERY01-18x4.jpg 18w, https:\/\/www.sdhuataibattery.com\/wp-content\/uploads\/2025\/12\/SODIUM-ION-BATTERY01-600x127.jpg 600w\" sizes=\"(max-width: 1200px) 100vw, 1200px\" \/><\/p>\n<p><img alt=\"\" decoding=\"async\" class=\"alignnone size-full wp-image-5254\" src=\"https:\/\/www.sdhuataibattery.com\/wp-content\/uploads\/2025\/12\/SODIUM-ION-BATTERY02.jpg\" width=\"1200\" height=\"517\" srcset=\"https:\/\/www.sdhuataibattery.com\/wp-content\/uploads\/2025\/12\/SODIUM-ION-BATTERY02.jpg 1200w, https:\/\/www.sdhuataibattery.com\/wp-content\/uploads\/2025\/12\/SODIUM-ION-BATTERY02-300x129.jpg 300w, https:\/\/www.sdhuataibattery.com\/wp-content\/uploads\/2025\/12\/SODIUM-ION-BATTERY02-1024x441.jpg 1024w, https:\/\/www.sdhuataibattery.com\/wp-content\/uploads\/2025\/12\/SODIUM-ION-BATTERY02-768x331.jpg 768w, https:\/\/www.sdhuataibattery.com\/wp-content\/uploads\/2025\/12\/SODIUM-ION-BATTERY02-18x8.jpg 18w, https:\/\/www.sdhuataibattery.com\/wp-content\/uploads\/2025\/12\/SODIUM-ION-BATTERY02-600x259.jpg 600w\" sizes=\"(max-width: 1200px) 100vw, 1200px\" \/><\/p>","protected":false},"excerpt":{"rendered":"<p>SODIUM-ION BATTERY H8-90-S Shandong Linyi Huatai New Energy Battery Co., Ltd. was established in May 1993,but our factory\u2019s history can date back to the establishment of the Linyi Battery Plant in 1956.We are currently one of the leading alkaline battery manufacturers\u00a0and\u00a0lithium battery manufacturers\u00a0in China and the\u00a0world largest heavy duty zinc-carbon batteries manufacturer&amp;factory.\u00a0Our\u00a0products are produced with&#8230;<\/p>","protected":false},"featured_media":5258,"template":"","meta":{"_seopress_robots_primary_cat":"none","_seopress_titles_title":"Manufacturer&factory SODIUM-ION BATTERY H8-90-S","_seopress_titles_desc":"Superior Safety Profile:\u00a0High thermal stability and a lower risk of thermal runaway. Our sodium cells can be transported at 0V (Zero Volts), drastically reducing logistics risks and costs.","_seopress_robots_index":"","_uag_custom_page_level_css":"","_kad_blocks_custom_css":"","_kad_blocks_head_custom_js":"","_kad_blocks_body_custom_js":"","_kad_blocks_footer_custom_js":"","_kad_post_transparent":"default","_kad_post_title":"","_kad_post_layout":"default","_kad_post_sidebar_id":"","_kad_post_content_style":"default","_kad_post_vertical_padding":"default","_kad_post_feature":"","_kad_post_feature_position":"","_kad_post_header":false,"_kad_post_footer":false,"_kad_post_classname":""},"product_brand":[],"product_cat":[70],"product_tag":[],"class_list":{"0":"post-3440","1":"product","2":"type-product","3":"status-publish","4":"has-post-thumbnail","6":"product_cat-sb","8":"first","9":"instock","10":"shipping-taxable","11":"product-type-simple","12":"entry","13":"content-bg","14":"loop-entry"},"taxonomy_info":{"product_cat":[{"value":70,"label":"Sodium-Ion battery"}]},"featured_image_src_large":["https:\/\/www.sdhuataibattery.com\/wp-content\/uploads\/2025\/12\/H8-90-S.jpg",800,800,false],"author_info":[],"comment_info":"","uagb_featured_image_src":{"full":["https:\/\/www.sdhuataibattery.com\/wp-content\/uploads\/2025\/12\/H8-90-S.jpg",800,800,false],"thumbnail":["https:\/\/www.sdhuataibattery.com\/wp-content\/uploads\/2025\/12\/H8-90-S-150x150.jpg",150,150,true],"medium":["https:\/\/www.sdhuataibattery.com\/wp-content\/uploads\/2025\/12\/H8-90-S-300x300.jpg",300,300,true],"medium_large":["https:\/\/www.sdhuataibattery.com\/wp-content\/uploads\/2025\/12\/H8-90-S-768x768.jpg",768,768,true],"large":["https:\/\/www.sdhuataibattery.com\/wp-content\/uploads\/2025\/12\/H8-90-S.jpg",800,800,false],"1536x1536":["https:\/\/www.sdhuataibattery.com\/wp-content\/uploads\/2025\/12\/H8-90-S.jpg",800,800,false],"2048x2048":["https:\/\/www.sdhuataibattery.com\/wp-content\/uploads\/2025\/12\/H8-90-S.jpg",800,800,false],"trp-custom-language-flag":["https:\/\/www.sdhuataibattery.com\/wp-content\/uploads\/2025\/12\/H8-90-S-12x12.jpg",12,12,true],"woocommerce_thumbnail":["https:\/\/www.sdhuataibattery.com\/wp-content\/uploads\/2025\/12\/H8-90-S-300x300.jpg",300,300,true],"woocommerce_single":["https:\/\/www.sdhuataibattery.com\/wp-content\/uploads\/2025\/12\/H8-90-S-600x600.jpg",600,600,true],"woocommerce_gallery_thumbnail":["https:\/\/www.sdhuataibattery.com\/wp-content\/uploads\/2025\/12\/H8-90-S-100x100.jpg",100,100,true]},"uagb_author_info":{"display_name":"htbattery@huataibattery.com","author_link":"https:\/\/www.sdhuataibattery.com\/fr\/author\/"},"uagb_comment_info":0,"uagb_excerpt":"SODIUM-ION BATTERY H8-90-S Shandong Linyi Huatai New Energy Battery Co., Ltd. was established in May 1993,but our factory\u2019s history can date back to the establishment of the Linyi Battery Plant in 1956.We are currently one of the leading alkaline battery manufacturers\u00a0and\u00a0lithium battery manufacturers\u00a0in China and the\u00a0world largest heavy duty zinc-carbon batteries manufacturer&amp;factory.\u00a0Our\u00a0products are produced with...","_links":{"self":[{"href":"https:\/\/www.sdhuataibattery.com\/fr\/wp-json\/wp\/v2\/product\/3440","targetHints":{"allow":["GET"]}}],"collection":[{"href":"https:\/\/www.sdhuataibattery.com\/fr\/wp-json\/wp\/v2\/product"}],"about":[{"href":"https:\/\/www.sdhuataibattery.com\/fr\/wp-json\/wp\/v2\/types\/product"}],"wp:featuredmedia":[{"embeddable":true,"href":"https:\/\/www.sdhuataibattery.com\/fr\/wp-json\/wp\/v2\/media\/5258"}],"wp:attachment":[{"href":"https:\/\/www.sdhuataibattery.com\/fr\/wp-json\/wp\/v2\/media?parent=3440"}],"wp:term":[{"taxonomy":"product_brand","embeddable":true,"href":"https:\/\/www.sdhuataibattery.com\/fr\/wp-json\/wp\/v2\/product_brand?post=3440"},{"taxonomy":"product_cat","embeddable":true,"href":"https:\/\/www.sdhuataibattery.com\/fr\/wp-json\/wp\/v2\/product_cat?post=3440"},{"taxonomy":"product_tag","embeddable":true,"href":"https:\/\/www.sdhuataibattery.com\/fr\/wp-json\/wp\/v2\/product_tag?post=3440"}],"curies":[{"name":"wp","href":"https:\/\/api.w.org\/{rel}","templated":true}]}}