{"id":5586,"date":"2026-01-01T05:07:24","date_gmt":"2026-01-01T05:07:24","guid":{"rendered":"https:\/\/www.sdhuataibattery.com\/?post_type=product&#038;p=5586"},"modified":"2026-04-06T06:31:47","modified_gmt":"2026-04-06T06:31:47","slug":"super-quality-4","status":"publish","type":"product","link":"https:\/\/www.sdhuataibattery.com\/fr\/produit\/super-qualite-4\/","title":{"rendered":"Piles au zinc-carbone de qualit\u00e9 sup\u00e9rieure avec emballage rouge-vert"},"content":{"rendered":"<h1><strong><a href=\"https:\/\/www.sdhuataibattery.com\/fr\/zinc-carbon-heavy-duty-dry-cell-battery-factory-in-china\/\">Piles au zinc-carbone de qualit\u00e9 sup\u00e9rieure avec emballage rouge-vert<\/a><\/strong><\/h1>\n<p><a href=\"https:\/\/www.sdhuataibattery.com\/fr\/a-propos-de\/\">Shandong Linyi Huatai New Energy Battery Co, Ltd.<\/a>\u00a0was established in May 1993,but our factory\u2019s history can date back to the establishment of the Linyi Battery Plant in 1956.We are currently one of the\u00a0<a href=\"https:\/\/www.sdhuataibattery.com\/fr\/fabricant-de-piles-alcalines-en-chine-2\/\">principaux fabricants de piles alcalines<\/a>\u00a0et\u00a0<a href=\"https:\/\/www.sdhuataibattery.com\/fr\/fabricant-de-piles-au-lithium-en-chine\/\">fabricants de piles au lithium<\/a>\u00a0en Chine et la\u00a0<a href=\"https:\/\/www.sdhuataibattery.com\/fr\/zinc-carbon-heavy-duty-dry-cell-battery-factory-in-china\/\">le plus grand fabricant et usine de batteries zinc-carbone pour charges lourdes au monde<\/a>.\u00a0Our\u00a0products are produced with HUATAI,Power Flash and KINGCELL brand and customer\u2019s private label, supplied 6 billion annual output by\u00a0<a href=\"https:\/\/www.sdhuataibattery.com\/fr\/production-intelligente\/\">Lignes de production automatis\u00e9es \u00e0 grande vitesse HIBAR<\/a>, offrant\u00a0<a href=\"https:\/\/www.sdhuataibattery.com\/fr\/fabricant-de-piles-de-marque-privee-oem-en-chine\/\">Solutions OEM<\/a>\u00a0for zinc carbon, alkaline, and lithium batteries worldwide.For more insights, please stay tuned to our\u00a0<a href=\"https:\/\/www.sdhuataibattery.com\/fr\/categorie\/nouvelles\/\">News section<\/a>, which covers the latest\u00a0<a href=\"https:\/\/www.sdhuataibattery.com\/fr\/categorie\/nouvelles\/entreprise\/\">Company News<\/a>\u00a0et<a href=\"https:\/\/www.sdhuataibattery.com\/fr\/categorie\/nouvelles\/lindustrie\/\">\u00a0Industry News<\/a>.We also supply\u00a0<a href=\"https:\/\/www.sdhuataibattery.com\/fr\/categorie-produit\/produit\/\">one-stop Product Catalog service<\/a>\u00a0pour nos clients.<\/p>\n<p><strong><b>Linyi Huatai Battery<\/b><\/strong>\u00a0pr\u00e9sente les <strong><b>Zinc-carbone de qualit\u00e9 sup\u00e9rieure (Zinc-carbone)<\/b><\/strong>\u00a0couvrant tous les mod\u00e8les internationaux : <strong><b>R6P (AA), R03P (AAA), R14P (C), R20P (D), et 6F22 (9V)<\/b><\/strong>. Con\u00e7ues pour \u00eatre fiables et rentables, ces piles sont le choix id\u00e9al pour les appareils \u00e0 faible consommation dans un march\u00e9 2026 ax\u00e9 sur la valeur durable et la stabilit\u00e9 de l'approvisionnement en \u00e9nergie.<\/p>\n<h3><strong><b>Aper\u00e7u du produit<\/b><\/strong><\/h3>\n<p>\u00c0 une \u00e9poque o\u00f9 les co\u00fbts de l'\u00e9nergie fluctuent, <strong><b>S\u00e9rie Super Quality de Linyi Huatai<\/b><\/strong>\u00a0est le \"champion de la valeur\" au niveau mondial. Con\u00e7ues pour fournir une d\u00e9charge stable et coh\u00e9rente aux appareils \u00e9lectroniques \u00e0 faible consommation, nos batteries zinc-carbone offrent le prix par heure le plus comp\u00e9titif du march\u00e9. Que ce soit pour la vente au d\u00e9tail en grande quantit\u00e9 ou pour les OEM industriels, Huatai offre l'\u00e9chelle de fabrication et la constance de la qualit\u00e9 que votre entreprise exige.<\/p>\n<h3><strong><b>Principales caract\u00e9ristiques et avantages :<\/b><\/strong><\/h3>\n<p><strong><b>Gamme compl\u00e8te Disponibilit\u00e9 :<\/b><\/strong>\u00a0Une solution unique pour toutes les tailles standard, qui simplifie votre approvisionnement et votre logistique \u00e0 l'\u00e9chelle mondiale.<\/p>\n<p><strong><b>Technologie d'\u00e9tanch\u00e9it\u00e9 am\u00e9lior\u00e9e :<\/b><\/strong>\u00a0Ils sont dot\u00e9s d'une gaine m\u00e9tallique tr\u00e8s r\u00e9sistante et d'une \u00e9tanch\u00e9it\u00e9 de pr\u00e9cision pour prot\u00e9ger les appareils et prolonger leur dur\u00e9e de vie.<\/p>\n<p><strong><b>Formule \u00e9cologique :<\/b><\/strong>\u00a0Contient <strong><b>0% Mercure et 0% Cadmium<\/b><\/strong>Les produits de cette cat\u00e9gorie sont conformes \u00e0 la directive RoHS, \u00e0 la directive CE et aux directives internationales en mati\u00e8re de protection de l'environnement.<\/p>\n<p><strong><b>Dur\u00e9e de conservation stable de 24 mois :<\/b><\/strong>\u00a0Le scellage exclusif bloque l'\u00e9nergie, garantissant que l'inventaire reste frais pendant plus de deux ans.<\/p>\n<p><strong><b>Des performances fiables :<\/b><\/strong>\u00a0Optimis\u00e9 pour les appareils \u00e0 faible consommation d'\u00e9nergie qui alimentent la vie quotidienne, des capteurs domestiques intelligents aux appareils de cuisine essentiels.<\/p>\n<h3><strong><b>Pourquoi s'associer \u00e0 Linyi Huatai ?<\/b><\/strong><\/h3>\n<p>Avec plus de 30 ans de leadership industriel dans le Shandong, <a href=\"https:\/\/www.sdhuataibattery.com\/fr\/presentation-de-lentreprise\/\"><strong><b>Linyi Huatai Battery<\/b><\/strong>\u00a0<\/a>exploite des lignes de production automatis\u00e9es de classe mondiale. Nous sommes particuli\u00e8rement bien plac\u00e9s pour fournir :<\/p>\n<p><strong><b>Capacit\u00e9 de production massive :<\/b><\/strong>\u00a0Assurer la stabilit\u00e9 de l'approvisionnement lors des changements \u00e9nerg\u00e9tiques mondiaux.<\/p>\n<p><strong><b><a href=\"https:\/\/www.sdhuataibattery.com\/fr\/fabricant-de-piles-de-marque-privee-oem-en-chine\/\">Personnalisation OEM\/ODM<\/a>:<\/b><\/strong>\u00a0Marquage priv\u00e9 flexible et emballage diversifi\u00e9 (r\u00e9tractable, sous blister ou en vrac industriel).<\/p>\n<p><strong><b>Conformit\u00e9 mondiale :<\/b><\/strong>\u00a0Certifi\u00e9 par <strong><b>ISO9001, CE, RoHS, SGS et MSDS<\/b><\/strong>.<\/p>\n<h3><strong><b>Appel \u00e0 l'action<\/b><\/strong><\/h3>\n<p><strong><b>Favorisez votre croissance avec Huatai Super Quality.<\/b><\/strong>\u00a0Contactez-nous d\u00e8s aujourd'hui pour obtenir notre liste de prix de gros 2026 et un kit d'\u00e9chantillons pour la s\u00e9rie compl\u00e8te. Rejoignez notre r\u00e9seau mondial de partenaires de distribution et dominez le segment de votre march\u00e9 local ax\u00e9 sur la valeur.<\/p>\n<p><strong><b>[<a href=\"https:\/\/www.sdhuataibattery.com\/fr\/nous-contacter\/\">Lien : Demande de prix de gros<\/a>] <\/b><\/strong><\/p>\n<table class=\"ck-table-resized\" border=\"1\" width=\"100%\" cellspacing=\"0\" cellpadding=\"0\">\n<tbody>\n<tr>\n<td height=\"30\"><strong>Type<\/strong><\/td>\n<td height=\"30\"><strong>Veste<\/strong><\/td>\n<td height=\"30\"><strong>Emballage<\/strong><\/td>\n<td height=\"30\"><strong>Bo\u00eete int\u00e9rieure(pcs)<\/strong><\/td>\n<td height=\"30\"><strong>CTN(pcs)<\/strong><\/td>\n<td height=\"30\"><strong>Mesure (cm)<\/strong><\/td>\n<td height=\"30\"><strong>Poids (kgs)<\/strong><\/td>\n<\/tr>\n<tr>\n<td height=\"30\">R6S UM-3 AA<\/td>\n<td height=\"30\">PVC<\/td>\n<td height=\"30\">2pcs\/r\u00e9tr\u00e9cissement<\/td>\n<td height=\"30\">40<\/td>\n<td height=\"30\">720<\/td>\n<td height=\"30\">29.5\u00d718.0x16.0<\/td>\n<td height=\"30\">10.0<\/td>\n<\/tr>\n<tr>\n<td height=\"30\">R6S UM-3 AA<\/td>\n<td height=\"30\">PVC<\/td>\n<td height=\"30\">4pcs\/r\u00e9tr\u00e9cissement<\/td>\n<td height=\"30\">40<\/td>\n<td height=\"30\">720<\/td>\n<td height=\"30\">29.5\u00d718.0x16.0<\/td>\n<td height=\"30\">10.0<\/td>\n<\/tr>\n<tr>\n<td height=\"30\">R03 UM-4 AAA<\/td>\n<td height=\"30\">PVC<\/td>\n<td height=\"30\">2pcs\/r\u00e9tr\u00e9cissement<\/td>\n<td height=\"30\">40<\/td>\n<td height=\"30\">720<\/td>\n<td height=\"30\">22.5&#215;13.5&#215;14.4<\/td>\n<td height=\"30\">5.5<\/td>\n<\/tr>\n<tr>\n<td height=\"30\">R03 UM-4 AAA<\/td>\n<td height=\"30\">PVC<\/td>\n<td height=\"30\">4pcs\/r\u00e9tr\u00e9cissement<\/td>\n<td height=\"30\">40<\/td>\n<td height=\"30\">720<\/td>\n<td height=\"30\">22.5&#215;13.5&#215;14.4<\/td>\n<td height=\"30\">5.5<\/td>\n<\/tr>\n<tr>\n<td height=\"30\">R20S UM-1 D<\/td>\n<td height=\"30\">PVC<\/td>\n<td height=\"30\">2pcs\/r\u00e9tr\u00e9cissement<\/td>\n<td height=\"30\">12\/24<\/td>\n<td height=\"30\">288<\/td>\n<td height=\"30\">42.0\u00d728.0x20.0<\/td>\n<td height=\"30\">25.0<\/td>\n<\/tr>\n<tr>\n<td height=\"30\">R14S UM-2 C<\/td>\n<td height=\"30\">PVC<\/td>\n<td height=\"30\">2pcs\/r\u00e9tr\u00e9cissement<\/td>\n<td height=\"30\">24<\/td>\n<td height=\"30\">288<\/td>\n<td height=\"30\">32.2&#215;21.6&#215;16.8<\/td>\n<td height=\"30\">13.0<\/td>\n<\/tr>\n<\/tbody>\n<\/table>\n<p><img alt=\"\" fetchpriority=\"high\" decoding=\"async\" class=\"alignnone size-full wp-image-3431\" src=\"https:\/\/www.sdhuataibattery.com\/wp-content\/uploads\/2025\/12\/6LR619V1.jpg\" width=\"1460\" height=\"516\" srcset=\"https:\/\/www.sdhuataibattery.com\/wp-content\/uploads\/2025\/12\/6LR619V1.jpg 1460w, https:\/\/www.sdhuataibattery.com\/wp-content\/uploads\/2025\/12\/6LR619V1-300x106.jpg 300w, https:\/\/www.sdhuataibattery.com\/wp-content\/uploads\/2025\/12\/6LR619V1-1024x362.jpg 1024w, https:\/\/www.sdhuataibattery.com\/wp-content\/uploads\/2025\/12\/6LR619V1-768x271.jpg 768w, https:\/\/www.sdhuataibattery.com\/wp-content\/uploads\/2025\/12\/6LR619V1-18x6.jpg 18w, https:\/\/www.sdhuataibattery.com\/wp-content\/uploads\/2025\/12\/6LR619V1-600x212.jpg 600w\" sizes=\"(max-width: 1460px) 100vw, 1460px\" \/><\/p>","protected":false},"excerpt":{"rendered":"<p>Super Quality Zinc-Carbon Series Batteries With Red-Green Packages Shandong Linyi Huatai New Energy Battery Co., Ltd.\u00a0was established in May 1993,but our factory\u2019s history can date back to the establishment of the Linyi Battery Plant in 1956.We are currently one of the\u00a0leading alkaline battery manufacturers\u00a0and\u00a0lithium battery manufacturers\u00a0in China and the\u00a0world largest heavy duty zinc-carbon batteries manufacturer&amp;factory.\u00a0Our\u00a0products&#8230;<\/p>","protected":false},"featured_media":5589,"template":"","meta":{"_seopress_robots_primary_cat":"none","_seopress_titles_title":"Super Quality Zinc-Carbon Series Batteries With Red-Green Packages","_seopress_titles_desc":"Eco-Friendly Formula:\u00a0Contains 0% Mercury and 0% Cadmium, fully compliant with RoHS, CE, and international environmental directives.","_seopress_robots_index":"","_uag_custom_page_level_css":"","_kad_blocks_custom_css":"","_kad_blocks_head_custom_js":"","_kad_blocks_body_custom_js":"","_kad_blocks_footer_custom_js":"","_kad_post_transparent":"default","_kad_post_title":"","_kad_post_layout":"default","_kad_post_sidebar_id":"","_kad_post_content_style":"default","_kad_post_vertical_padding":"default","_kad_post_feature":"","_kad_post_feature_position":"","_kad_post_header":false,"_kad_post_footer":false,"_kad_post_classname":""},"product_brand":[],"product_cat":[84],"product_tag":[],"class_list":{"0":"post-5586","1":"product","2":"type-product","3":"status-publish","4":"has-post-thumbnail","6":"product_cat-sq","8":"first","9":"instock","10":"shipping-taxable","11":"product-type-simple","12":"entry","13":"content-bg","14":"loop-entry"},"taxonomy_info":{"product_cat":[{"value":84,"label":"Super Quality"}]},"featured_image_src_large":["https:\/\/www.sdhuataibattery.com\/wp-content\/uploads\/2026\/01\/zcSuper-Quality3.jpg",900,900,false],"author_info":[],"comment_info":"","uagb_featured_image_src":{"full":["https:\/\/www.sdhuataibattery.com\/wp-content\/uploads\/2026\/01\/zcSuper-Quality3.jpg",900,900,false],"thumbnail":["https:\/\/www.sdhuataibattery.com\/wp-content\/uploads\/2026\/01\/zcSuper-Quality3-150x150.jpg",150,150,true],"medium":["https:\/\/www.sdhuataibattery.com\/wp-content\/uploads\/2026\/01\/zcSuper-Quality3-300x300.jpg",300,300,true],"medium_large":["https:\/\/www.sdhuataibattery.com\/wp-content\/uploads\/2026\/01\/zcSuper-Quality3-768x768.jpg",768,768,true],"large":["https:\/\/www.sdhuataibattery.com\/wp-content\/uploads\/2026\/01\/zcSuper-Quality3.jpg",900,900,false],"1536x1536":["https:\/\/www.sdhuataibattery.com\/wp-content\/uploads\/2026\/01\/zcSuper-Quality3.jpg",900,900,false],"2048x2048":["https:\/\/www.sdhuataibattery.com\/wp-content\/uploads\/2026\/01\/zcSuper-Quality3.jpg",900,900,false],"trp-custom-language-flag":["https:\/\/www.sdhuataibattery.com\/wp-content\/uploads\/2026\/01\/zcSuper-Quality3-12x12.jpg",12,12,true],"woocommerce_thumbnail":["https:\/\/www.sdhuataibattery.com\/wp-content\/uploads\/2026\/01\/zcSuper-Quality3-300x300.jpg",300,300,true],"woocommerce_single":["https:\/\/www.sdhuataibattery.com\/wp-content\/uploads\/2026\/01\/zcSuper-Quality3-600x600.jpg",600,600,true],"woocommerce_gallery_thumbnail":["https:\/\/www.sdhuataibattery.com\/wp-content\/uploads\/2026\/01\/zcSuper-Quality3-100x100.jpg",100,100,true]},"uagb_author_info":{"display_name":"htbattery@huataibattery.com","author_link":"https:\/\/www.sdhuataibattery.com\/fr\/author\/"},"uagb_comment_info":0,"uagb_excerpt":"Super Quality Zinc-Carbon Series Batteries With Red-Green Packages Shandong Linyi Huatai New Energy Battery Co., Ltd.\u00a0was established in May 1993,but our factory\u2019s history can date back to the establishment of the Linyi Battery Plant in 1956.We are currently one of the\u00a0leading alkaline battery manufacturers\u00a0and\u00a0lithium battery manufacturers\u00a0in China and the\u00a0world largest heavy duty zinc-carbon batteries manufacturer&amp;factory.\u00a0Our\u00a0products...","_links":{"self":[{"href":"https:\/\/www.sdhuataibattery.com\/fr\/wp-json\/wp\/v2\/product\/5586","targetHints":{"allow":["GET"]}}],"collection":[{"href":"https:\/\/www.sdhuataibattery.com\/fr\/wp-json\/wp\/v2\/product"}],"about":[{"href":"https:\/\/www.sdhuataibattery.com\/fr\/wp-json\/wp\/v2\/types\/product"}],"wp:featuredmedia":[{"embeddable":true,"href":"https:\/\/www.sdhuataibattery.com\/fr\/wp-json\/wp\/v2\/media\/5589"}],"wp:attachment":[{"href":"https:\/\/www.sdhuataibattery.com\/fr\/wp-json\/wp\/v2\/media?parent=5586"}],"wp:term":[{"taxonomy":"product_brand","embeddable":true,"href":"https:\/\/www.sdhuataibattery.com\/fr\/wp-json\/wp\/v2\/product_brand?post=5586"},{"taxonomy":"product_cat","embeddable":true,"href":"https:\/\/www.sdhuataibattery.com\/fr\/wp-json\/wp\/v2\/product_cat?post=5586"},{"taxonomy":"product_tag","embeddable":true,"href":"https:\/\/www.sdhuataibattery.com\/fr\/wp-json\/wp\/v2\/product_tag?post=5586"}],"curies":[{"name":"wp","href":"https:\/\/api.w.org\/{rel}","templated":true}]}}