{"id":3293,"date":"2025-12-03T12:10:41","date_gmt":"2025-12-03T12:10:41","guid":{"rendered":"https:\/\/www.sdhuataibattery.com\/?page_id=3293"},"modified":"2026-03-20T00:37:36","modified_gmt":"2026-03-20T00:37:36","slug":"factory-tour","status":"publish","type":"page","link":"https:\/\/www.sdhuataibattery.com\/pt\/visita-a-fabrica\/","title":{"rendered":"Visita \u00e0 f\u00e1brica"},"content":{"rendered":"<div data-elementor-type=\"wp-page\" data-elementor-id=\"3293\" class=\"elementor elementor-3293\" data-elementor-post-type=\"page\">\n\t\t\t\t<div class=\"elementor-element elementor-element-e7dc002 e-flex e-con-boxed e-con e-parent\" data-id=\"e7dc002\" data-element_type=\"container\" data-e-type=\"container\">\n\t\t\t\t\t<div class=\"e-con-inner\">\n\t\t\t\t<div class=\"elementor-element elementor-element-96b9a2d elementor-widget elementor-widget-ucaddon_breadcrumbs_widget\" data-id=\"96b9a2d\" data-element_type=\"widget\" data-e-type=\"widget\" data-widget_type=\"ucaddon_breadcrumbs_widget.default\">\n\t\t\t\t<div class=\"elementor-widget-container\">\n\t\t\t\t\t\n<!-- start Breadcrumbs -->\n\t\t<link id='font-awesome-css' href='https:\/\/www.sdhuataibattery.com\/wp-content\/plugins\/unlimited-elements-for-elementor-premium\/assets_libraries\/font-awesome6\/fontawesome-all.min.css' type='text\/css' rel='stylesheet' >\n\t\t<link id='font-awesome-4-shim-css' href='https:\/\/www.sdhuataibattery.com\/wp-content\/plugins\/unlimited-elements-for-elementor-premium\/assets_libraries\/font-awesome6\/fontawesome-v4-shims.min.css' type='text\/css' rel='stylesheet' >\n\n<style>\/* widget: Breadcrumbs *\/\n\n#uc_breadcrumbs_widget_elementor_96b9a2d .uc-breadcrumbs-list {\n  margin: 0;\n  padding: 0;\n  display: flex;\n  flex-wrap: wrap;\n}\n#uc_breadcrumbs_widget_elementor_96b9a2d .uc-breadcrumbs-list li {\n  display: flex;\n  align-items: center;\n  list-style-type: none;\n}\n#uc_breadcrumbs_widget_elementor_96b9a2d .uc-item-title {\n    position: relative;\n    display: inline-flex;\n    justify-content: center;\n    align-items: center;\n}\n#uc_breadcrumbs_widget_elementor_96b9a2d .uc-item-title-inner{\n  display: flex;\n  align-items: center;\n}\n\n\n\n\n\n\n\n<\/style>\n\n\n    \t\n            <div id=\"uc_breadcrumbs_widget_elementor_96b9a2d\" class=\"uc-breadcrumbs\">\n            <ul class=\"uc-breadcrumbs-list default\">\n                                                            <li class=\"uc-breadcrumb-item\">\n                            <a href=\"https:\/\/www.sdhuataibattery.com\/pt\/\" class=\"uc-item-title\">\n                              <span class=\"uc-item-title-inner\">\n                                                                                                In\u00edcio\n                              <\/span>\n                            <\/a>\n                                                    <\/li>              \t\t    \n                                                <\/ul>\n        <\/div>\n    \n<!-- end Breadcrumbs -->\t\t\t\t<\/div>\n\t\t\t\t<\/div>\n\t\t\t\t\t<\/div>\n\t\t\t\t<\/div>\n\t\t<div class=\"elementor-element elementor-element-001923b e-flex e-con-boxed e-con e-parent\" data-id=\"001923b\" data-element_type=\"container\" data-e-type=\"container\">\n\t\t\t\t\t<div class=\"e-con-inner\">\n\t\t\t\t<div class=\"elementor-element elementor-element-5308e50 elementor-widget elementor-widget-heading\" data-id=\"5308e50\" data-element_type=\"widget\" data-e-type=\"widget\" data-widget_type=\"heading.default\">\n\t\t\t\t<div class=\"elementor-widget-container\">\n\t\t\t\t\t<h1 class=\"elementor-heading-title elementor-size-default\">Visita \u00e0 f\u00e1brica<\/h1>\t\t\t\t<\/div>\n\t\t\t\t<\/div>\n\t\t\t\t<div class=\"elementor-element elementor-element-f5f56ac elementor-widget elementor-widget-ucaddon_uc_tiles_grid_image\" data-id=\"f5f56ac\" data-element_type=\"widget\" data-e-type=\"widget\" data-widget_type=\"ucaddon_uc_tiles_grid_image.default\">\n\t\t\t\t<div class=\"elementor-widget-container\">\n\t\t\t\t\t\n<!-- start Tile Gallery -->\n\t\t<link id='unitegallery-css' href='https:\/\/www.sdhuataibattery.com\/wp-content\/plugins\/unlimited-elements-for-elementor-premium\/assets_libraries\/unitegallery\/css\/unite-gallery.css' type='text\/css' rel='stylesheet' >\n\n<style>\/* widget: Tile Gallery *\/\n\n#uc_uc_tiles_grid_image_elementor_f5f56ac{\n  min-height: 1px;\n  margin:0 auto;\n  direction:ltr;\n      display: none;\n  }\n\n<\/style>\n\n<div id=\"uc_uc_tiles_grid_image_elementor_f5f56ac\" class=\"uc-items-wrapper\" data-custom-sethtml=\"true\" >\n  \n<img decoding=\"async\" alt=\"Localiza\u00e7\u00e3o da empresa\"\n   src=\"https:\/\/www.sdhuataibattery.com\/wp-content\/uploads\/2025\/12\/Company-Location.jpg\"\n    data-image=\"https:\/\/www.sdhuataibattery.com\/wp-content\/uploads\/2025\/12\/Company-Location.jpg\"\n    data-title=\"Company Location\"\n    data-description=\"Company Location\">\n\n<img decoding=\"async\" alt=\"Sal\u00e3o de exposi\u00e7\u00f5es\"\n   src=\"https:\/\/www.sdhuataibattery.com\/wp-content\/uploads\/2025\/12\/Exhibition-Hall.jpg\"\n    data-image=\"https:\/\/www.sdhuataibattery.com\/wp-content\/uploads\/2025\/12\/Exhibition-Hall.jpg\"\n    data-title=\"Exhibition Hall\"\n    data-description=\"Exhibition Hall\">\n\n<img decoding=\"async\" alt=\"Experi\u00eancia\"\n   src=\"https:\/\/www.sdhuataibattery.com\/wp-content\/uploads\/2025\/12\/Experiment.jpg\"\n    data-image=\"https:\/\/www.sdhuataibattery.com\/wp-content\/uploads\/2025\/12\/Experiment.jpg\"\n    data-title=\"Experiment\"\n    data-description=\"Experiment\">\n\n<img decoding=\"async\" alt=\"Edif\u00edcio de escrit\u00f3rios\"\n   src=\"https:\/\/www.sdhuataibattery.com\/wp-content\/uploads\/2025\/12\/Office-Building.jpg\"\n    data-image=\"https:\/\/www.sdhuataibattery.com\/wp-content\/uploads\/2025\/12\/Office-Building.jpg\"\n    data-title=\"Office Building\"\n    data-description=\"Office Building\">\n\n<img decoding=\"async\" alt=\"Edif\u00edcio de escrit\u00f3rios\"\n   src=\"https:\/\/www.sdhuataibattery.com\/wp-content\/uploads\/2025\/12\/Office-Building1.jpg\"\n    data-image=\"https:\/\/www.sdhuataibattery.com\/wp-content\/uploads\/2025\/12\/Office-Building1.jpg\"\n    data-title=\"Office Building\"\n    data-description=\"Office Building\">\n\n<img decoding=\"async\" alt=\"Instala\u00e7\u00e3o de produ\u00e7\u00e3o\"\n   src=\"https:\/\/www.sdhuataibattery.com\/wp-content\/uploads\/2025\/12\/Production-Facility.jpg\"\n    data-image=\"https:\/\/www.sdhuataibattery.com\/wp-content\/uploads\/2025\/12\/Production-Facility.jpg\"\n    data-title=\"Production Facility\"\n    data-description=\"Production Facility\">\n\n<img decoding=\"async\" alt=\"Oficina de produ\u00e7\u00e3o\"\n   src=\"https:\/\/www.sdhuataibattery.com\/wp-content\/uploads\/2025\/12\/Production-Workshop.jpg\"\n    data-image=\"https:\/\/www.sdhuataibattery.com\/wp-content\/uploads\/2025\/12\/Production-Workshop.jpg\"\n    data-title=\"Production Workshop\"\n    data-description=\"Production Workshop\">\n\n<img decoding=\"async\" alt=\"Oficina\"\n   src=\"https:\/\/www.sdhuataibattery.com\/wp-content\/uploads\/2025\/12\/Workshop.jpg\"\n    data-image=\"https:\/\/www.sdhuataibattery.com\/wp-content\/uploads\/2025\/12\/Workshop.jpg\"\n    data-title=\"Workshop\"\n    data-description=\"Workshop\">\n  \n<\/div>\n<!-- end Tile Gallery -->\t\t\t\t<\/div>\n\t\t\t\t<\/div>\n\t\t\t\t\t<\/div>\n\t\t\t\t<\/div>\n\t\t\t\t<\/div>","protected":false},"excerpt":{"rendered":"<p>Home &gt; Blog &gt; Parent Category &gt; Category &gt; Page Title Factory Tour<\/p>","protected":false},"author":1,"featured_media":0,"parent":0,"menu_order":0,"comment_status":"closed","ping_status":"closed","template":"","meta":{"_seopress_robots_primary_cat":"","_seopress_titles_title":"","_seopress_titles_desc":"","_seopress_robots_index":"","_uag_custom_page_level_css":"","_kad_blocks_custom_css":"","_kad_blocks_head_custom_js":"","_kad_blocks_body_custom_js":"","_kad_blocks_footer_custom_js":"","_kad_post_transparent":"","_kad_post_title":"hide","_kad_post_layout":"fullwidth","_kad_post_sidebar_id":"","_kad_post_content_style":"unboxed","_kad_post_vertical_padding":"hide","_kad_post_feature":"hide","_kad_post_feature_position":"","_kad_post_header":false,"_kad_post_footer":false,"_kad_post_classname":"","footnotes":""},"class_list":["post-3293","page","type-page","status-publish","hentry"],"taxonomy_info":[],"featured_image_src_large":false,"author_info":{"display_name":"htbattery@huataibattery.com","author_link":"https:\/\/www.sdhuataibattery.com\/pt\/author\/jinxing6611gmail-com\/"},"comment_info":0,"uagb_featured_image_src":{"full":false,"thumbnail":false,"medium":false,"medium_large":false,"large":false,"1536x1536":false,"2048x2048":false,"trp-custom-language-flag":false,"woocommerce_thumbnail":false,"woocommerce_single":false,"woocommerce_gallery_thumbnail":false},"uagb_author_info":{"display_name":"htbattery@huataibattery.com","author_link":"https:\/\/www.sdhuataibattery.com\/pt\/author\/jinxing6611gmail-com\/"},"uagb_comment_info":0,"uagb_excerpt":"Home &gt; Blog &gt; Parent Category &gt; Category &gt; Page Title Factory Tour","_links":{"self":[{"href":"https:\/\/www.sdhuataibattery.com\/pt\/wp-json\/wp\/v2\/pages\/3293","targetHints":{"allow":["GET"]}}],"collection":[{"href":"https:\/\/www.sdhuataibattery.com\/pt\/wp-json\/wp\/v2\/pages"}],"about":[{"href":"https:\/\/www.sdhuataibattery.com\/pt\/wp-json\/wp\/v2\/types\/page"}],"author":[{"embeddable":true,"href":"https:\/\/www.sdhuataibattery.com\/pt\/wp-json\/wp\/v2\/users\/1"}],"replies":[{"embeddable":true,"href":"https:\/\/www.sdhuataibattery.com\/pt\/wp-json\/wp\/v2\/comments?post=3293"}],"version-history":[{"count":0,"href":"https:\/\/www.sdhuataibattery.com\/pt\/wp-json\/wp\/v2\/pages\/3293\/revisions"}],"wp:attachment":[{"href":"https:\/\/www.sdhuataibattery.com\/pt\/wp-json\/wp\/v2\/media?parent=3293"}],"curies":[{"name":"wp","href":"https:\/\/api.w.org\/{rel}","templated":true}]}}