{"id":3432,"date":"2025-12-07T07:45:43","date_gmt":"2025-12-07T07:45:43","guid":{"rendered":"https:\/\/www.sdhuataibattery.com\/?post_type=product&#038;p=3432"},"modified":"2026-04-06T05:29:29","modified_gmt":"2026-04-06T05:29:29","slug":"lr14-c-1-5v-2pcs-cartao","status":"publish","type":"product","link":"https:\/\/www.sdhuataibattery.com\/pt\/product\/lr14-c-1-5v-2pcs-card\/","title":{"rendered":"PILHA DE I\u00d5ES DE S\u00d3DIO H6-70-S"},"content":{"rendered":"<h1><strong><a href=\"https:\/\/www.sdhuataibattery.com\/pt\/fabricante-de-baterias-de-celulas-de-litio-na-china\/\">PILHA DE I\u00d5ES DE S\u00d3DIO H6-70-S<\/a><\/strong><\/h1>\n<p><a href=\"https:\/\/www.sdhuataibattery.com\/pt\/sobre\/\">Shandong Linyi Huatai New Energy Battery Co., Ltd.<\/a> foi fundada em maio de 1993, mas a hist\u00f3ria da nossa f\u00e1brica remonta ao estabelecimento da f\u00e1brica de baterias de Linyi em 1956. <a href=\"https:\/\/www.sdhuataibattery.com\/pt\/fabricante-de-pilhas-alcalinas-na-china\/\">principais fabricantes de pilhas alcalinas<\/a>\u00a0e\u00a0<a href=\"https:\/\/www.sdhuataibattery.com\/pt\/fabricante-de-baterias-de-celulas-de-litio-na-china\/\">fabricantes de baterias de l\u00edtio<\/a>\u00a0na China e o\u00a0<a href=\"https:\/\/www.sdhuataibattery.com\/pt\/bateria-de-celula-seca-de-zinco-carbono-para-servico-pesado-fabrica-na-china\/\">maior fabricante e f\u00e1brica mundial de baterias de zinco-carbono para servi\u00e7o pesado<\/a>. Os nossos produtos s\u00e3o produzidos com a marca HUATAI, Power Flash e KINGCELL e com a marca privada do cliente, fornecendo 6 mil milh\u00f5es de produ\u00e7\u00e3o anual por\u00a0<a href=\"https:\/\/www.sdhuataibattery.com\/pt\/producao-inteligente\/\">Linhas de produ\u00e7\u00e3o automatizadas de alta velocidade HIBAR<\/a>, oferecendo\u00a0<a href=\"https:\/\/www.sdhuataibattery.com\/pt\/fabricante-de-baterias-de-celulas-de-marca-propria-na-china\/\">Solu\u00e7\u00f5es OEM<\/a>\u00a0para pilhas de zinco-carbono, alcalinas e de l\u00edtio em todo o mundo. Para mais informa\u00e7\u00f5es, fique atento \u00e0 nossa <a href=\"https:\/\/www.sdhuataibattery.com\/pt\/categoria\/noticias\/\">Sec\u00e7\u00e3o de not\u00edcias<\/a>, que cobre as \u00faltimas <a href=\"https:\/\/www.sdhuataibattery.com\/pt\/categoria\/noticias\/empresa\/\">Not\u00edcias da empresa<\/a>\u00a0e<a href=\"https:\/\/www.sdhuataibattery.com\/pt\/categoria\/noticias\/setorial\/\">\u00a0Not\u00edcias do sector<\/a>Tamb\u00e9m fornecemos <a href=\"https:\/\/www.sdhuataibattery.com\/pt\/categoria-produto\/produto\/\">servi\u00e7o completo de Cat\u00e1logo de Produtos<\/a>\u00a0para os nossos clientes.<\/p>\n<p>Os mercados energ\u00e9ticos mundiais enfrentam uma volatilidade sem precedentes em 2026, <strong><b>Linyi Huatai Battery<\/b><\/strong>\u00a0apresenta a sua inovadora <strong><b>Bateria de i\u00f5es de s\u00f3dio (Na-ion)<\/b><\/strong>\u00a0solu\u00e7\u00e3o. Concebida como a derradeira alternativa ao i\u00e3o de l\u00edtio, a nossa tecnologia de s\u00f3dio oferece um desempenho superior a baixas temperaturas, seguran\u00e7a melhorada e uma cadeia de fornecimento est\u00e1vel, tornando-a a escolha ideal para ve\u00edculos el\u00e9ctricos de duas rodas, armazenamento de energia solar e energia de reserva industrial.<\/p>\n<h2><strong><b>Principais carater\u00edsticas e vantagens:<\/b><\/strong><\/h2>\n<p><strong><b>Desempenho excecional a baixas temperaturas:<\/b><\/strong>\u00a0Mant\u00e9m mais de <strong><b>90% capacidade de reten\u00e7\u00e3o a -20\u00b0C<\/b><\/strong>O desempenho das baterias LFP tradicionais em climas rigorosos de inverno \u00e9 muito superior.<\/p>\n<p><strong><b>Perfil de seguran\u00e7a superior:<\/b><\/strong>\u00a0Elevada estabilidade t\u00e9rmica e menor risco de fuga t\u00e9rmica. As nossas c\u00e9lulas de s\u00f3dio podem ser transportadas a <strong><b>0V (Zero Volts)<\/b><\/strong>reduzindo drasticamente os riscos e os custos log\u00edsticos.<\/p>\n<p><strong><b>Efici\u00eancia de custos e estabilidade de fornecimento:<\/b><\/strong>\u00a0Aproveitamento dos abundantes recursos de s\u00f3dio para dissociar a sua atividade dos vol\u00e1teis mercados do l\u00edtio e do cobalto.<\/p>\n<p><strong><b>Capacidade de carregamento r\u00e1pido:<\/b><\/strong>\u00a0Apoios <strong><b>carregamento a alta velocidade (4C+)<\/b><\/strong>atingindo o SOC 80% em apenas 15 minutos para manter a sua frota ou sistema em movimento.<\/p>\n<p><strong><b>Ecol\u00f3gico e sustent\u00e1vel:<\/b><\/strong>\u00a0Pegada ambiental reduzida com mat\u00e9rias-primas n\u00e3o t\u00f3xicas, apoiando os seus objectivos ESG e de neutralidade de carbono.<\/p>\n<h2><strong><b>Especifica\u00e7\u00f5es t\u00e9cnicas:<\/b><\/strong><\/h2>\n<table>\n<tbody>\n<tr>\n<td>Carater\u00edstica<\/td>\n<td>Especifica\u00e7\u00e3o<\/td>\n<\/tr>\n<tr>\n<td><strong><b>Tipo de c\u00e9lula<\/b><\/strong><\/td>\n<td>I\u00e3o de s\u00f3dio (carbono duro \/ \u00f3xido em camadas)<\/td>\n<\/tr>\n<tr>\n<td><strong><b>Ciclo de vida<\/b><\/strong><\/td>\n<td>Mais de 3.000 ciclos @ 80% DOD<\/td>\n<\/tr>\n<tr>\n<td><strong><b>Temperatura de funcionamento<\/b><\/strong><\/td>\n<td>-40\u00b0C a +60\u00b0C<\/td>\n<\/tr>\n<tr>\n<td><strong><b>Densidade energ\u00e9tica<\/b><\/strong><\/td>\n<td>140-160 Wh\/kg<\/td>\n<\/tr>\n<tr>\n<td><strong><b>Aplica\u00e7\u00f5es<\/b><\/strong><\/td>\n<td>LEVs, esta\u00e7\u00f5es base de telecomunica\u00e7\u00f5es, UPS, armazenamento na rede<\/td>\n<\/tr>\n<\/tbody>\n<\/table>\n<p><strong><b> <img alt=\"\" fetchpriority=\"high\" decoding=\"async\" class=\"alignnone size-full wp-image-5253\" src=\"https:\/\/www.sdhuataibattery.com\/wp-content\/uploads\/2025\/12\/SODIUM-ION-BATTERY01.jpg\" width=\"1200\" height=\"254\" srcset=\"https:\/\/www.sdhuataibattery.com\/wp-content\/uploads\/2025\/12\/SODIUM-ION-BATTERY01.jpg 1200w, https:\/\/www.sdhuataibattery.com\/wp-content\/uploads\/2025\/12\/SODIUM-ION-BATTERY01-300x64.jpg 300w, https:\/\/www.sdhuataibattery.com\/wp-content\/uploads\/2025\/12\/SODIUM-ION-BATTERY01-1024x217.jpg 1024w, https:\/\/www.sdhuataibattery.com\/wp-content\/uploads\/2025\/12\/SODIUM-ION-BATTERY01-768x163.jpg 768w, https:\/\/www.sdhuataibattery.com\/wp-content\/uploads\/2025\/12\/SODIUM-ION-BATTERY01-18x4.jpg 18w, https:\/\/www.sdhuataibattery.com\/wp-content\/uploads\/2025\/12\/SODIUM-ION-BATTERY01-600x127.jpg 600w\" sizes=\"(max-width: 1200px) 100vw, 1200px\" \/><\/b><\/strong><\/p>\n<p><img alt=\"\" decoding=\"async\" class=\"alignnone size-full wp-image-5254\" src=\"https:\/\/www.sdhuataibattery.com\/wp-content\/uploads\/2025\/12\/SODIUM-ION-BATTERY02.jpg\" width=\"1200\" height=\"517\" srcset=\"https:\/\/www.sdhuataibattery.com\/wp-content\/uploads\/2025\/12\/SODIUM-ION-BATTERY02.jpg 1200w, https:\/\/www.sdhuataibattery.com\/wp-content\/uploads\/2025\/12\/SODIUM-ION-BATTERY02-300x129.jpg 300w, https:\/\/www.sdhuataibattery.com\/wp-content\/uploads\/2025\/12\/SODIUM-ION-BATTERY02-1024x441.jpg 1024w, https:\/\/www.sdhuataibattery.com\/wp-content\/uploads\/2025\/12\/SODIUM-ION-BATTERY02-768x331.jpg 768w, https:\/\/www.sdhuataibattery.com\/wp-content\/uploads\/2025\/12\/SODIUM-ION-BATTERY02-18x8.jpg 18w, https:\/\/www.sdhuataibattery.com\/wp-content\/uploads\/2025\/12\/SODIUM-ION-BATTERY02-600x259.jpg 600w\" sizes=\"(max-width: 1200px) 100vw, 1200px\" \/><\/p>\n<p><img alt=\"\" decoding=\"async\" class=\"alignnone size-full wp-image-5255\" src=\"https:\/\/www.sdhuataibattery.com\/wp-content\/uploads\/2025\/12\/SODIUM-ION-BATTERY03.jpg\" width=\"1200\" height=\"417\" srcset=\"https:\/\/www.sdhuataibattery.com\/wp-content\/uploads\/2025\/12\/SODIUM-ION-BATTERY03.jpg 1200w, https:\/\/www.sdhuataibattery.com\/wp-content\/uploads\/2025\/12\/SODIUM-ION-BATTERY03-300x104.jpg 300w, https:\/\/www.sdhuataibattery.com\/wp-content\/uploads\/2025\/12\/SODIUM-ION-BATTERY03-1024x356.jpg 1024w, https:\/\/www.sdhuataibattery.com\/wp-content\/uploads\/2025\/12\/SODIUM-ION-BATTERY03-768x267.jpg 768w, https:\/\/www.sdhuataibattery.com\/wp-content\/uploads\/2025\/12\/SODIUM-ION-BATTERY03-18x6.jpg 18w, https:\/\/www.sdhuataibattery.com\/wp-content\/uploads\/2025\/12\/SODIUM-ION-BATTERY03-600x209.jpg 600w\" sizes=\"(max-width: 1200px) 100vw, 1200px\" \/><\/p>","protected":false},"excerpt":{"rendered":"<p>SODIUM-ION BATTERY H6-70-S Shandong Linyi Huatai New Energy Battery Co., Ltd. was established in May 1993,but our factory\u2019s history can date back to the establishment of the Linyi Battery Plant in 1956.We are currently one of the leading alkaline battery manufacturers\u00a0and\u00a0lithium battery manufacturers\u00a0in China and the\u00a0world largest heavy duty zinc-carbon batteries manufacturer&amp;factory.\u00a0Our\u00a0products are produced with&#8230;<\/p>","protected":false},"featured_media":5256,"template":"","meta":{"_seopress_robots_primary_cat":"none","_seopress_titles_title":"Huatai Brand SODIUM-ION BATTERY H6-70-S manufacturer","_seopress_titles_desc":"Linyi Huatai Battery\u00a0introduces its cutting-edge Sodium-ion (Na-ion) Battery\u00a0solution. Engineered as the ultimate alternative to lithium-ion, our sodium technology offers superior low-temperature performance, enhanced safety, and a stable supply chain","_seopress_robots_index":"","_uag_custom_page_level_css":"","_kad_blocks_custom_css":"","_kad_blocks_head_custom_js":"","_kad_blocks_body_custom_js":"","_kad_blocks_footer_custom_js":"","_kad_post_transparent":"default","_kad_post_title":"","_kad_post_layout":"default","_kad_post_sidebar_id":"","_kad_post_content_style":"default","_kad_post_vertical_padding":"default","_kad_post_feature":"","_kad_post_feature_position":"","_kad_post_header":false,"_kad_post_footer":false,"_kad_post_classname":""},"product_brand":[],"product_cat":[70],"product_tag":[],"class_list":{"0":"post-3432","1":"product","2":"type-product","3":"status-publish","4":"has-post-thumbnail","6":"product_cat-sb","8":"first","9":"instock","10":"featured","11":"shipping-taxable","12":"product-type-simple","13":"entry","14":"content-bg","15":"loop-entry"},"taxonomy_info":{"product_cat":[{"value":70,"label":"Sodium-Ion battery"}]},"featured_image_src_large":["https:\/\/www.sdhuataibattery.com\/wp-content\/uploads\/2025\/12\/H6-70-S.jpg",800,800,false],"author_info":[],"comment_info":"","uagb_featured_image_src":{"full":["https:\/\/www.sdhuataibattery.com\/wp-content\/uploads\/2025\/12\/H6-70-S.jpg",800,800,false],"thumbnail":["https:\/\/www.sdhuataibattery.com\/wp-content\/uploads\/2025\/12\/H6-70-S-150x150.jpg",150,150,true],"medium":["https:\/\/www.sdhuataibattery.com\/wp-content\/uploads\/2025\/12\/H6-70-S-300x300.jpg",300,300,true],"medium_large":["https:\/\/www.sdhuataibattery.com\/wp-content\/uploads\/2025\/12\/H6-70-S-768x768.jpg",768,768,true],"large":["https:\/\/www.sdhuataibattery.com\/wp-content\/uploads\/2025\/12\/H6-70-S.jpg",800,800,false],"1536x1536":["https:\/\/www.sdhuataibattery.com\/wp-content\/uploads\/2025\/12\/H6-70-S.jpg",800,800,false],"2048x2048":["https:\/\/www.sdhuataibattery.com\/wp-content\/uploads\/2025\/12\/H6-70-S.jpg",800,800,false],"trp-custom-language-flag":["https:\/\/www.sdhuataibattery.com\/wp-content\/uploads\/2025\/12\/H6-70-S-12x12.jpg",12,12,true],"woocommerce_thumbnail":["https:\/\/www.sdhuataibattery.com\/wp-content\/uploads\/2025\/12\/H6-70-S-300x300.jpg",300,300,true],"woocommerce_single":["https:\/\/www.sdhuataibattery.com\/wp-content\/uploads\/2025\/12\/H6-70-S-600x600.jpg",600,600,true],"woocommerce_gallery_thumbnail":["https:\/\/www.sdhuataibattery.com\/wp-content\/uploads\/2025\/12\/H6-70-S-100x100.jpg",100,100,true]},"uagb_author_info":{"display_name":"htbattery@huataibattery.com","author_link":"https:\/\/www.sdhuataibattery.com\/pt\/author\/"},"uagb_comment_info":0,"uagb_excerpt":"SODIUM-ION BATTERY H6-70-S Shandong Linyi Huatai New Energy Battery Co., Ltd. was established in May 1993,but our factory\u2019s history can date back to the establishment of the Linyi Battery Plant in 1956.We are currently one of the leading alkaline battery manufacturers\u00a0and\u00a0lithium battery manufacturers\u00a0in China and the\u00a0world largest heavy duty zinc-carbon batteries manufacturer&amp;factory.\u00a0Our\u00a0products are produced with...","_links":{"self":[{"href":"https:\/\/www.sdhuataibattery.com\/pt\/wp-json\/wp\/v2\/product\/3432","targetHints":{"allow":["GET"]}}],"collection":[{"href":"https:\/\/www.sdhuataibattery.com\/pt\/wp-json\/wp\/v2\/product"}],"about":[{"href":"https:\/\/www.sdhuataibattery.com\/pt\/wp-json\/wp\/v2\/types\/product"}],"wp:featuredmedia":[{"embeddable":true,"href":"https:\/\/www.sdhuataibattery.com\/pt\/wp-json\/wp\/v2\/media\/5256"}],"wp:attachment":[{"href":"https:\/\/www.sdhuataibattery.com\/pt\/wp-json\/wp\/v2\/media?parent=3432"}],"wp:term":[{"taxonomy":"product_brand","embeddable":true,"href":"https:\/\/www.sdhuataibattery.com\/pt\/wp-json\/wp\/v2\/product_brand?post=3432"},{"taxonomy":"product_cat","embeddable":true,"href":"https:\/\/www.sdhuataibattery.com\/pt\/wp-json\/wp\/v2\/product_cat?post=3432"},{"taxonomy":"product_tag","embeddable":true,"href":"https:\/\/www.sdhuataibattery.com\/pt\/wp-json\/wp\/v2\/product_tag?post=3432"}],"curies":[{"name":"wp","href":"https:\/\/api.w.org\/{rel}","templated":true}]}}