{"id":5308,"date":"2025-12-30T21:28:04","date_gmt":"2025-12-30T21:28:04","guid":{"rendered":"https:\/\/www.sdhuataibattery.com\/?post_type=product&#038;p=5308"},"modified":"2026-03-04T03:04:36","modified_gmt":"2026-03-04T03:04:36","slug":"6lr61-9v-1pc-card-3","status":"publish","type":"product","link":"https:\/\/www.sdhuataibattery.com\/pt\/produto\/6lr61-9v-1pc-cartao-3\/","title":{"rendered":"Super alcalina s\u00e9rie 6LR61 9V 1PC\/Cart\u00e3o"},"content":{"rendered":"<figure class=\"table\">\n<table border=\"1\" width=\"100%\" cellspacing=\"0\" cellpadding=\"0\">\n<tbody>\n<tr>\n<td height=\"30\"><strong>N\u00famero do artigo<\/strong><\/td>\n<td height=\"30\"><strong>Sistema<\/strong><\/td>\n<td height=\"30\"><strong>Tens\u00e3o<\/strong><\/td>\n<td height=\"30\"><strong>Peso<\/strong><\/td>\n<td height=\"30\"><strong>Di\u00e2metro<\/strong><\/td>\n<td height=\"30\"><strong>Altura<\/strong><\/td>\n<\/tr>\n<tr>\n<td height=\"30\">AA<\/td>\n<td height=\"30\">0%Hg Alcalino<\/td>\n<td height=\"30\">1.50V<\/td>\n<td height=\"30\">23.2\u00b10.2g<\/td>\n<td height=\"30\">13,7-14,5 mm<\/td>\n<td height=\"30\">49,5-50,5 mm<\/td>\n<\/tr>\n<tr>\n<td height=\"30\">AAA<\/td>\n<td height=\"30\">0%Hg Alcalino<\/td>\n<td height=\"30\">1.50V<\/td>\n<td height=\"30\">11.2\u00b10.2g<\/td>\n<td height=\"30\">9,8-10,5 mm<\/td>\n<td height=\"30\">43,5-44,5 mm<\/td>\n<\/tr>\n<tr>\n<td height=\"30\">C<\/td>\n<td height=\"30\">0%Hg Alcalino<\/td>\n<td height=\"30\">1.50V<\/td>\n<td height=\"30\">70.0\u00b10.5g<\/td>\n<td height=\"30\">24,9-26,2 mm<\/td>\n<td height=\"30\">48,6-50,0 mm<\/td>\n<\/tr>\n<tr>\n<td height=\"30\">D<\/td>\n<td height=\"30\">0%Hg Alcalino<\/td>\n<td height=\"30\">1.50V<\/td>\n<td height=\"30\">140.0\u00b11g<\/td>\n<td height=\"30\">32,3-34,2 mm<\/td>\n<td height=\"30\">59,5-61,5 mm<\/td>\n<\/tr>\n<tr>\n<td height=\"30\">9V<\/td>\n<td height=\"30\">0%Hg Alcalino<\/td>\n<td height=\"30\">9.0V<\/td>\n<td height=\"30\">45.5\u00b10.5g<\/td>\n<td height=\"30\">L(24,5-26,5)mm<br \/>\nW(15,5-17,5)mm<\/td>\n<td height=\"30\">46,5-48,5 mm<\/td>\n<\/tr>\n<\/tbody>\n<\/table>\n<\/figure>\n<p>&nbsp;<\/p>\n<figure class=\"table\">\n<table class=\"ck-table-resized\" border=\"1\" width=\"100%\" cellspacing=\"0\" cellpadding=\"0\">\n<colgroup>\n<col width=\"321\" \/>\n<col width=\"6\" \/>\n<col width=\"202\" \/>\n<col width=\"230\" \/>\n<col width=\"237\" \/>\n<col width=\"168\" \/>\n<col width=\"384\" \/> <\/colgroup>\n<tbody>\n<tr>\n<td colspan=\"7\" height=\"30\"><strong>Especifica\u00e7\u00f5es da embalagem<\/strong><\/td>\n<\/tr>\n<tr>\n<td height=\"30\"><strong>Tipo<\/strong><\/td>\n<td height=\"30\"><strong>Casaco<\/strong><\/td>\n<td height=\"30\"><strong>Embalagem<\/strong><\/td>\n<td height=\"30\"><strong>Caixa interior (unidades)<\/strong><\/td>\n<td height=\"30\"><strong>CTN(pcs)<\/strong><\/td>\n<td height=\"30\"><strong>Medida (cm)<\/strong><\/td>\n<td height=\"30\"><strong>Peso bruto (kg)<\/strong><\/td>\n<\/tr>\n<tr>\n<td height=\"30\">LR6 AM-3 AA<\/td>\n<td height=\"30\">Alum\u00ednio<\/td>\n<td height=\"30\">2pcs\/cart\u00e3o<\/td>\n<td height=\"30\">24<\/td>\n<td height=\"30\">480<\/td>\n<td height=\"30\">52.3&#215;28.3&#215;21.0<\/td>\n<td height=\"30\">13.0<\/td>\n<\/tr>\n<tr>\n<td height=\"30\">LR6 AM-3 AA<\/td>\n<td height=\"30\">Alum\u00ednio<\/td>\n<td height=\"30\">4pcs\/cart\u00e3o<\/td>\n<td height=\"30\">48<\/td>\n<td height=\"30\">960<\/td>\n<td height=\"30\">52.3&#215;28.3&#215;21.0<\/td>\n<td height=\"30\">25.5<\/td>\n<\/tr>\n<tr>\n<td height=\"30\">LR03 AM-4 AAA<\/td>\n<td height=\"30\">Alum\u00ednio<\/td>\n<td height=\"30\">2pcs\/cart\u00e3o<\/td>\n<td height=\"30\">24<\/td>\n<td height=\"30\">480<\/td>\n<td height=\"30\">42.8&#215;28.3&#215;21.0<\/td>\n<td height=\"30\">7.0<\/td>\n<\/tr>\n<tr>\n<td height=\"30\">LR03 AM-4 AAA<\/td>\n<td height=\"30\">Alum\u00ednio<\/td>\n<td height=\"30\">4pcs\/cart\u00e3o<\/td>\n<td height=\"30\">48<\/td>\n<td height=\"30\">960<\/td>\n<td height=\"30\">42.8&#215;28.3&#215;21.0<\/td>\n<td height=\"30\">13.5<\/td>\n<\/tr>\n<tr>\n<td height=\"30\">LR20 AM-1 D<\/td>\n<td height=\"30\">Alum\u00ednio<\/td>\n<td height=\"30\">2pcs\/cart\u00e3o<\/td>\n<td height=\"30\">24<\/td>\n<td height=\"30\">96<\/td>\n<td height=\"30\">33.5&#215;24.5&#215;20.0<\/td>\n<td height=\"30\">14.0<\/td>\n<\/tr>\n<tr>\n<td height=\"30\">LR14 AM-2 C<\/td>\n<td height=\"30\">Alum\u00ednio<\/td>\n<td height=\"30\">2pcs\/cart\u00e3o<\/td>\n<td height=\"30\">24<\/td>\n<td height=\"30\">96<\/td>\n<td height=\"30\">29.5\u00d719.0x20.0<\/td>\n<td height=\"30\">7.5<\/td>\n<\/tr>\n<tr>\n<td height=\"30\">6LR61<\/td>\n<td height=\"30\">Alum\u00ednio<\/td>\n<td height=\"30\">1pc\/cart\u00e3o<\/td>\n<td height=\"30\">10<\/td>\n<td height=\"30\">240<\/td>\n<td height=\"30\">42.0&#215;28.2&#215;26.7<\/td>\n<td height=\"30\">13.5<\/td>\n<\/tr>\n<\/tbody>\n<\/table>\n<p><img alt=\"\" fetchpriority=\"high\" decoding=\"async\" class=\"alignnone size-full wp-image-3431\" src=\"https:\/\/www.sdhuataibattery.com\/wp-content\/uploads\/2025\/12\/6LR619V1.jpg\" width=\"1460\" height=\"516\" srcset=\"https:\/\/www.sdhuataibattery.com\/wp-content\/uploads\/2025\/12\/6LR619V1.jpg 1460w, https:\/\/www.sdhuataibattery.com\/wp-content\/uploads\/2025\/12\/6LR619V1-300x106.jpg 300w, https:\/\/www.sdhuataibattery.com\/wp-content\/uploads\/2025\/12\/6LR619V1-1024x362.jpg 1024w, https:\/\/www.sdhuataibattery.com\/wp-content\/uploads\/2025\/12\/6LR619V1-768x271.jpg 768w, https:\/\/www.sdhuataibattery.com\/wp-content\/uploads\/2025\/12\/6LR619V1-18x6.jpg 18w, https:\/\/www.sdhuataibattery.com\/wp-content\/uploads\/2025\/12\/6LR619V1-600x212.jpg 600w\" sizes=\"(max-width: 1460px) 100vw, 1460px\" \/><\/p>\n<p><a href=\"https:\/\/www.sdhuataibattery.com\/pt\/fabricante-de-pilhas-alcalinas-na-china\/\">Super alcalina s\u00e9rie 6LR61 9V 1PC\/Cart\u00e3o<\/a><\/p>\n<p>Procura o equil\u00edbrio perfeito entre elevado desempenho e efici\u00eancia de custos? <strong><b>S\u00e9rie Super Alkaline de Linyi Huatai<\/b><\/strong>\u00a0\u00e9 o padr\u00e3o da ind\u00fastria para energia fi\u00e1vel e quotidiana. Concebida para superar o desempenho das baterias tradicionais de carbono-zinco em at\u00e9 <strong><b>6 a 10 vezes<\/b><\/strong>A nossa gama Super Alcalina \u00e9 a escolha de elei\u00e7\u00e3o para os distribuidores globais que procuram solu\u00e7\u00f5es de pilhas de consumo de alta qualidade e de elevado volume de neg\u00f3cios.<\/p>\n<h2><strong><b>Principais carater\u00edsticas e vantagens:<\/b><\/strong><\/h2>\n<p><strong><b>Sa\u00edda de tens\u00e3o constante:<\/b><\/strong>\u00a0Concebida para proporcionar uma curva de descarga est\u00e1vel, garantindo que os seus dispositivos - desde controlos remotos a rel\u00f3gios de parede - funcionam sem problemas at\u00e9 ao fim.<\/p>\n<p><strong><b>L\u00edder em termos de custo\/desempenho:<\/b><\/strong>\u00a0A s\u00e9rie \"Super\" oferece uma qu\u00edmica alcalina de primeira qualidade a um pre\u00e7o competitivo, tornando-a a escolha mais econ\u00f3mica para utiliza\u00e7\u00e3o dom\u00e9stica e no escrit\u00f3rio.<\/p>\n<p><strong><b>Tecnologia anti-fugas avan\u00e7ada:<\/b><\/strong>\u00a0Constru\u00eddo com um vedante de duplo encaixe e uma robusta caixa de a\u00e7o anti-corros\u00e3o para evitar a acumula\u00e7\u00e3o de press\u00e3o interna e proteger os seus dispositivos.<\/p>\n<p><strong><b>7 anos de autonomia:<\/b><\/strong>\u00a0A nossa tecnologia patenteada \"Power Lock\" garante que as pilhas permanecem frescas e prontas a utilizar at\u00e9 <strong><b>7 anos<\/b><\/strong>\u00a0em armaz\u00e9m.<\/p>\n<p><strong><b>Qu\u00edmica amiga do ambiente:<\/b><\/strong>\u00a0Cont\u00e9m <strong><b>0% Merc\u00fario e 0% C\u00e1dmio<\/b><\/strong>A sua utiliza\u00e7\u00e3o \u00e9 feita de acordo com as normas ambientais rigorosas da UE e dos EUA para uma elimina\u00e7\u00e3o segura e a seguran\u00e7a dos consumidores.<\/p>\n<h2><strong><b>Aplica\u00e7\u00f5es universais:<\/b><\/strong><\/h2>\n<table>\n<tbody>\n<tr>\n<td>Tamanho<\/td>\n<td>Ideal para<\/td>\n<\/tr>\n<tr>\n<td><strong><b>LR6 (AA)<\/b><\/strong><\/td>\n<td>Teclados sem fios, brinquedos, lanternas, aparadores<\/td>\n<\/tr>\n<tr>\n<td><strong><b>LR03 (AAA)<\/b><\/strong><\/td>\n<td>Remotos de TV, calculadoras, rel\u00f3gios, balan\u00e7as de cozinha<\/td>\n<\/tr>\n<tr>\n<td><strong><b>LR14 (C) \/ LR20 (D)<\/b><\/strong><\/td>\n<td>Fog\u00f5es a g\u00e1s, r\u00e1dios, lanternas de campismo<\/td>\n<\/tr>\n<tr>\n<td><strong><b>6LF22 (9V)<\/b><\/strong><\/td>\n<td>Alarmes de fumo, microfones, instrumentos de teste<\/td>\n<\/tr>\n<\/tbody>\n<\/table>\n<h2><strong><b>Porqu\u00ea ser parceiro da Linyi Huatai?<\/b><\/strong><\/h2>\n<p>Com mais de 30 anos de excel\u00eancia de fabrico em Shandong, China, <a href=\"https:\/\/www.sdhuataibattery.com\/pt\/\"><strong><b>Linyi Huatai Battery<\/b><\/strong>\u00a0<\/a>opera uma das linhas de produ\u00e7\u00e3o de alcalinos mais eficientes do mundo. A nossa <strong><b>Super alcalino<\/b><\/strong>\u00a0\u00e9 o resultado de uma produ\u00e7\u00e3o em massa optimizada, que nos permite oferecer <strong><b>pre\u00e7os por grosso imbat\u00edveis<\/b><\/strong>\u00a0sem sacrificar a fiabilidade que os seus clientes esperam. Quer necessite de <strong><b>Marca Huatai<\/b><\/strong>\u00a0ou <strong><b>Embalagem OEM personalizada<\/b><\/strong>A nossa empresa oferece a escala e a estabilidade de que a sua cadeia de abastecimento necessita.<\/p>\n<p><strong><b>Apelo \u00e0 a\u00e7\u00e3o:<\/b><\/strong>\u00a0<strong><b>Potencie o seu crescimento com Huatai Super Alkaline.<\/b><\/strong>\u00a0Estamos atualmente a procurar parceiros de distribui\u00e7\u00e3o global. Contacte-nos hoje para obter or\u00e7amentos por grosso e op\u00e7\u00f5es de personaliza\u00e7\u00e3o OEM.<\/p>\n<p>[<a href=\"https:\/\/www.sdhuataibattery.com\/pt\/contactar-nos\/\">Liga\u00e7\u00e3o: Obter um or\u00e7amento por grosso<\/a>]<\/figure>","protected":false},"excerpt":{"rendered":"<p>Item No System Voltage Weight Diameter Height AA 0%Hg Alkaline 1.50V 23.2\u00b10.2g 13.7-14.5mm 49.5-50.5mm AAA 0%Hg Alkaline 1.50V 11.2\u00b10.2g 9.8-10.5mm 43.5-44.5mm C 0%Hg Alkaline 1.50V 70.0\u00b10.5g 24.9-26.2mm 48.6-50.0mm D 0%Hg Alkaline 1.50V 140.0\u00b11g 32.3-34.2mm 59.5-61.5mm 9V 0%Hg Alkaline 9.0V 45.5\u00b10.5g L(24.5-26.5)mm W(15.5-17.5)mm 46.5-48.5mm &nbsp; Packing Specifications Type Jacket Pack Inner Box(pcs) CTN(pcs) Meas.(cm) G.W(kgs) LR6&#8230;<\/p>","protected":false},"featured_media":5311,"template":"","meta":{"_seopress_robots_primary_cat":"none","_seopress_titles_title":"Super Alkaline series 6LR61 9V 1PC\/Card","_seopress_titles_desc":"Steady Voltage Output:\u00a0Engineered to provide a stable discharge curve, ensuring your devices\u2014from remote controls to wall clocks\u2014run smoothly until the very end.","_seopress_robots_index":"","_uag_custom_page_level_css":"","_kad_blocks_custom_css":"","_kad_blocks_head_custom_js":"","_kad_blocks_body_custom_js":"","_kad_blocks_footer_custom_js":"","_kad_post_transparent":"default","_kad_post_title":"","_kad_post_layout":"default","_kad_post_sidebar_id":"","_kad_post_content_style":"default","_kad_post_vertical_padding":"default","_kad_post_feature":"","_kad_post_feature_position":"","_kad_post_header":false,"_kad_post_footer":false,"_kad_post_classname":""},"product_brand":[],"product_cat":[82],"product_tag":[],"class_list":{"0":"post-5308","1":"product","2":"type-product","3":"status-publish","4":"has-post-thumbnail","6":"product_cat-superalkaline","8":"first","9":"instock","10":"shipping-taxable","11":"product-type-simple","12":"entry","13":"content-bg","14":"loop-entry"},"taxonomy_info":{"product_cat":[{"value":82,"label":"Super Alkaline"}]},"featured_image_src_large":["https:\/\/www.sdhuataibattery.com\/wp-content\/uploads\/2025\/12\/6LR61-9V-1PCCard.jpg",660,660,false],"author_info":[],"comment_info":"","uagb_featured_image_src":{"full":["https:\/\/www.sdhuataibattery.com\/wp-content\/uploads\/2025\/12\/6LR61-9V-1PCCard.jpg",660,660,false],"thumbnail":["https:\/\/www.sdhuataibattery.com\/wp-content\/uploads\/2025\/12\/6LR61-9V-1PCCard-150x150.jpg",150,150,true],"medium":["https:\/\/www.sdhuataibattery.com\/wp-content\/uploads\/2025\/12\/6LR61-9V-1PCCard-300x300.jpg",300,300,true],"medium_large":["https:\/\/www.sdhuataibattery.com\/wp-content\/uploads\/2025\/12\/6LR61-9V-1PCCard.jpg",660,660,false],"large":["https:\/\/www.sdhuataibattery.com\/wp-content\/uploads\/2025\/12\/6LR61-9V-1PCCard.jpg",660,660,false],"1536x1536":["https:\/\/www.sdhuataibattery.com\/wp-content\/uploads\/2025\/12\/6LR61-9V-1PCCard.jpg",660,660,false],"2048x2048":["https:\/\/www.sdhuataibattery.com\/wp-content\/uploads\/2025\/12\/6LR61-9V-1PCCard.jpg",660,660,false],"trp-custom-language-flag":["https:\/\/www.sdhuataibattery.com\/wp-content\/uploads\/2025\/12\/6LR61-9V-1PCCard-12x12.jpg",12,12,true],"woocommerce_thumbnail":["https:\/\/www.sdhuataibattery.com\/wp-content\/uploads\/2025\/12\/6LR61-9V-1PCCard-300x300.jpg",300,300,true],"woocommerce_single":["https:\/\/www.sdhuataibattery.com\/wp-content\/uploads\/2025\/12\/6LR61-9V-1PCCard-600x600.jpg",600,600,true],"woocommerce_gallery_thumbnail":["https:\/\/www.sdhuataibattery.com\/wp-content\/uploads\/2025\/12\/6LR61-9V-1PCCard-100x100.jpg",100,100,true]},"uagb_author_info":{"display_name":"htbattery@huataibattery.com","author_link":"https:\/\/www.sdhuataibattery.com\/pt\/author\/"},"uagb_comment_info":0,"uagb_excerpt":"Item No System Voltage Weight Diameter Height AA 0%Hg Alkaline 1.50V 23.2\u00b10.2g 13.7-14.5mm 49.5-50.5mm AAA 0%Hg Alkaline 1.50V 11.2\u00b10.2g 9.8-10.5mm 43.5-44.5mm C 0%Hg Alkaline 1.50V 70.0\u00b10.5g 24.9-26.2mm 48.6-50.0mm D 0%Hg Alkaline 1.50V 140.0\u00b11g 32.3-34.2mm 59.5-61.5mm 9V 0%Hg Alkaline 9.0V 45.5\u00b10.5g L(24.5-26.5)mm W(15.5-17.5)mm 46.5-48.5mm &nbsp; Packing Specifications Type Jacket Pack Inner Box(pcs) CTN(pcs) Meas.(cm) G.W(kgs) LR6...","_links":{"self":[{"href":"https:\/\/www.sdhuataibattery.com\/pt\/wp-json\/wp\/v2\/product\/5308","targetHints":{"allow":["GET"]}}],"collection":[{"href":"https:\/\/www.sdhuataibattery.com\/pt\/wp-json\/wp\/v2\/product"}],"about":[{"href":"https:\/\/www.sdhuataibattery.com\/pt\/wp-json\/wp\/v2\/types\/product"}],"wp:featuredmedia":[{"embeddable":true,"href":"https:\/\/www.sdhuataibattery.com\/pt\/wp-json\/wp\/v2\/media\/5311"}],"wp:attachment":[{"href":"https:\/\/www.sdhuataibattery.com\/pt\/wp-json\/wp\/v2\/media?parent=5308"}],"wp:term":[{"taxonomy":"product_brand","embeddable":true,"href":"https:\/\/www.sdhuataibattery.com\/pt\/wp-json\/wp\/v2\/product_brand?post=5308"},{"taxonomy":"product_cat","embeddable":true,"href":"https:\/\/www.sdhuataibattery.com\/pt\/wp-json\/wp\/v2\/product_cat?post=5308"},{"taxonomy":"product_tag","embeddable":true,"href":"https:\/\/www.sdhuataibattery.com\/pt\/wp-json\/wp\/v2\/product_tag?post=5308"}],"curies":[{"name":"wp","href":"https:\/\/api.w.org\/{rel}","templated":true}]}}