{"id":5426,"date":"2025-12-31T02:36:11","date_gmt":"2025-12-31T02:36:11","guid":{"rendered":"https:\/\/www.sdhuataibattery.com\/?post_type=product&#038;p=5426"},"modified":"2026-03-05T03:24:25","modified_gmt":"2026-03-05T03:24:25","slug":"hr03-aaa-1-2v-4pcs-card","status":"publish","type":"product","link":"https:\/\/www.sdhuataibattery.com\/pt\/produto\/hr03-aaa-1-2v-4pcs-cartao\/","title":{"rendered":"Pilhas recarreg\u00e1veis Ni-MH de hidreto met\u00e1lico de n\u00edquel HR03 AAA 1.2V 4 pe\u00e7as\/cart\u00e3o"},"content":{"rendered":"<p>Pilhas recarreg\u00e1veis Ni-MH de hidreto met\u00e1lico de n\u00edquel HR03 AAA 1.2V 4 pe\u00e7as\/cart\u00e3o<\/p>\n<h2><strong><b>S\u00e9rie recarreg\u00e1vel Huatai Ni-MH: Solu\u00e7\u00f5es de energia de alta capacidade e ecol\u00f3gicas<\/b><\/strong><\/h2>\n<h3><strong><b>Vis\u00e3o geral do produto<\/b><\/strong><\/h3>\n<p>Mude para a energia sustent\u00e1vel com <strong><b>Pilhas recarreg\u00e1veis Ni-MH (n\u00edquel-hidreto met\u00e1lico) da Linyi Huatai<\/b><\/strong>. Concebida para dispositivos de grande consumo e aplica\u00e7\u00f5es profissionais, a nossa s\u00e9rie Ni-MH oferece uma alternativa superior \u00e0s pilhas de utiliza\u00e7\u00e3o \u00fanica. Com elevada capacidade e um ciclo de vida ultra-longo, as pilhas Huatai fornecem energia est\u00e1vel e fi\u00e1vel, reduzindo significativamente os res\u00edduos ambientais e os custos a longo prazo.<\/p>\n<h3><strong><b>Principais vantagens t\u00e9cnicas<\/b><\/strong><\/h3>\n<p><strong><b>Alta estabilidade de ciclo:<\/b><\/strong>\u00a0Com capacidade para at\u00e9 <strong><b>Mais de 1.200 ciclos de carga<\/b><\/strong>O sistema de pilhas alcalinas \u00e9 um sistema de poupan\u00e7a de energia que substitui milhares de pilhas alcalinas ao longo da sua vida \u00fatil.<\/p>\n<p><strong><b>Auto-descarga ultra-baixa (LSD):<\/b><\/strong>\u00a0A tecnologia avan\u00e7ada \"Stay-Charged\" garante que as baterias ret\u00eam at\u00e9 <strong><b>85% da sua capacidade<\/b><\/strong>\u00a0mesmo ap\u00f3s um ano de armazenamento.<\/p>\n<p><strong><b>Desempenho de alta capacidade:<\/b><\/strong>\u00a0Optimizado para dispositivos de grande consumo, como c\u00e2maras digitais, brinquedos de bin\u00e1rio elevado e unidades de flash profissionais.<\/p>\n<p><strong><b>Sem efeito de mem\u00f3ria:<\/b><\/strong>\u00a0Pode ser recarregado em qualquer altura, quer esteja total ou parcialmente descarregado, sem afetar a capacidade a longo prazo.<\/p>\n<p><strong><b>Resili\u00eancia a temperaturas extremas:<\/b><\/strong>\u00a0Funciona de forma fi\u00e1vel em diversos climas, mantendo o desempenho de <strong><b>-20\u00b0C a +60\u00b0C<\/b><\/strong>.<\/p>\n<h3><a href=\"https:\/\/www.sdhuataibattery.com\/pt\/fabricante-de-baterias-de-celulas-de-marca-propria-na-china\/\"><strong><u><b>Servi\u00e7os de marca pr\u00f3pria e OEM<\/b><\/u><\/strong><\/a><strong><b>(A sua marca, a nossa experi\u00eancia)<\/b><\/strong><\/h3>\n<p>Como fabricante l\u00edder mundial, <strong><b>Linyi Huatai<\/b><\/strong>\u00a0proporciona uma <strong><b>Marca pr\u00f3pria \/ Servi\u00e7o OEM<\/b><\/strong>\u00a0para o ajudar a lan\u00e7ar a sua pr\u00f3pria linha de recarreg\u00e1veis de marca:<\/p>\n<p><strong><b>Capacidade e tamanhos personalizados:<\/b><\/strong>\u00a0Gama completa de modelos, incluindo <strong><b>AA, AAA, C, D e 9V<\/b><\/strong>com classifica\u00e7\u00f5es mAh personaliz\u00e1veis para satisfazer o seu objetivo de pre\u00e7o e necessidades de desempenho.<\/p>\n<p><strong><b>Marca e casacos personalizados:<\/b><\/strong>\u00a0Revestimentos em PVC ou alum\u00ednio de alta fidelidade com o seu log\u00f3tipo, cores personalizadas e identidade de marca \u00fanica.<\/p>\n<p><strong><b>Embalagem \u00e0 medida:<\/b><\/strong>\u00a0As op\u00e7\u00f5es incluem caixas de papel ecol\u00f3gicas, cart\u00f5es blister de qualidade superior para venda a retalho (embalagens de 2 ou 4 unidades) ou tabuleiros industriais para venda a granel.<\/p>\n<p><strong><b>Certifica\u00e7\u00e3o \"chave na m\u00e3o\":<\/b><\/strong>\u00a0Fornecemos documenta\u00e7\u00e3o completa de apoio (CE, RoHS, REACH, MSDS, UN38.3) emitida sob a sua marca para distribui\u00e7\u00e3o global imediata.<\/p>\n<figure id=\"attachment_5429\" aria-describedby=\"caption-attachment-5429\" style=\"width: 467px\" class=\"wp-caption aligncenter\"><img fetchpriority=\"high\" decoding=\"async\" class=\"wp-image-5429\" src=\"https:\/\/www.sdhuataibattery.com\/wp-content\/uploads\/2025\/12\/HR03-AAA-1.2V-4PCSCard.jpg\" alt=\"KINGCELL HR03,AAA,pilhas recarreg\u00e1veis NiMH\u00a0\" width=\"467\" height=\"467\" srcset=\"https:\/\/www.sdhuataibattery.com\/wp-content\/uploads\/2025\/12\/HR03-AAA-1.2V-4PCSCard.jpg 660w, https:\/\/www.sdhuataibattery.com\/wp-content\/uploads\/2025\/12\/HR03-AAA-1.2V-4PCSCard-300x300.jpg 300w, https:\/\/www.sdhuataibattery.com\/wp-content\/uploads\/2025\/12\/HR03-AAA-1.2V-4PCSCard-150x150.jpg 150w, https:\/\/www.sdhuataibattery.com\/wp-content\/uploads\/2025\/12\/HR03-AAA-1.2V-4PCSCard-12x12.jpg 12w, https:\/\/www.sdhuataibattery.com\/wp-content\/uploads\/2025\/12\/HR03-AAA-1.2V-4PCSCard-600x600.jpg 600w, https:\/\/www.sdhuataibattery.com\/wp-content\/uploads\/2025\/12\/HR03-AAA-1.2V-4PCSCard-100x100.jpg 100w\" sizes=\"(max-width: 467px) 100vw, 467px\" \/><figcaption id=\"caption-attachment-5429\" class=\"wp-caption-text\">KINGCELL HR03,AAA,pilhas recarreg\u00e1veis NiMH<\/figcaption><\/figure>\n<h3><strong><b>Especifica\u00e7\u00f5es da s\u00e9rie completa<\/b><\/strong><\/h3>\n<table>\n<tbody>\n<tr>\n<td>Modelo<\/td>\n<td>Tamanho<\/td>\n<td>Capacidade t\u00edpica<\/td>\n<td>Melhor para<\/td>\n<\/tr>\n<tr>\n<td><strong><b>AA (HR6)<\/b><\/strong><\/td>\n<td>AA<\/td>\n<td>1300mAh - 2800mAh<\/td>\n<td>Controladores de jogos, c\u00e2maras digitais, brinquedos<\/td>\n<\/tr>\n<tr>\n<td><strong><b>AAA (HR03)<\/b><\/strong><\/td>\n<td>AAA<\/td>\n<td>600mAh - 1100mAh<\/td>\n<td>Ratos sem fios, controlos remotos, luzes LED<\/td>\n<\/tr>\n<tr>\n<td><strong><b>C (HR14)<\/b><\/strong><\/td>\n<td>C<\/td>\n<td>2500mAh - 5000mAh<\/td>\n<td>\u00c1udio port\u00e1til, Dispositivos m\u00e9dicos<\/td>\n<\/tr>\n<tr>\n<td><strong><b>D (HR20)<\/b><\/strong><\/td>\n<td>D<\/td>\n<td>5000mAh - 10000mAh<\/td>\n<td>Lanternas de alta pot\u00eancia, equipamento industrial<\/td>\n<\/tr>\n<tr>\n<td><strong><b>9V (6F22)<\/b><\/strong><\/td>\n<td>9V<\/td>\n<td>175mAh - 300mAh<\/td>\n<td>Alarmes de fumo, equipamento \u00e1udio profissional<\/td>\n<\/tr>\n<\/tbody>\n<\/table>\n<h3><strong><b>O compromisso de qualidade da Huatai<\/b><\/strong><\/h3>\n<p>Sediada em Linyi, Shandong, <a href=\"https:\/\/www.sdhuataibattery.com\/pt\"><strong><u><b>Linyi Huatai Battery<\/b><\/u><\/strong><\/a>\u00a0opera linhas de produ\u00e7\u00e3o automatizadas de classe mundial. Todas as c\u00e9lulas Ni-MH s\u00e3o submetidas a uma rigorosa classifica\u00e7\u00e3o de capacidade e a uma correspond\u00eancia de tens\u00e3o para garantir um desempenho consistente. Estamos empenhados em fornecer ao mercado global solu\u00e7\u00f5es de energia verde que n\u00e3o comprometam a pot\u00eancia.<\/p>\n<p><strong><b>Apelo \u00e0 a\u00e7\u00e3o:<\/b><\/strong>\u00a0<strong><b>Pronto para lan\u00e7ar a sua linha de baterias sustent\u00e1veis?<\/b><\/strong>\u00a0Contacte a nossa equipa OEM hoje mesmo para obter um kit de amostras personalizado, pre\u00e7os por grosso para 2026 e uma consulta sobre os seus requisitos de marca pr\u00f3pria.<\/p>\n<p><strong><b>[<\/b><\/strong><a href=\"https:\/\/www.sdhuataibattery.com\/pt\/contactar-nos\/\"><strong><u><b>Liga\u00e7\u00e3o: Solicitar uma consulta de OEM<\/b><\/u><\/strong><\/a><strong><b>] <\/b><\/strong><\/p>\n<p>Com um ciclo de vida de at\u00e9 1200 vezes e uma elevada densidade de energia, a nossa pilha Ni-MH \u00e9 equivalente a 6000 pilhas de utiliza\u00e7\u00e3o \u00fanica. Pr\u00e9-carregada e pronta a utilizar, pode manter-se carregada at\u00e9 80% ap\u00f3s 12 meses, gra\u00e7as \u00e0 sua tecnologia de baixa auto-descarga. Com uma temperatura de funcionamento que varia entre -20 \u00b0C e +50 \u00b0C, proporciona um desempenho fi\u00e1vel mesmo em ambientes extremos.<br \/>\nCom sistemas de carregamento individuais incorporados, o carregador pode carregar 1 pilha AA ou AAA NiMH em 40 minutos ou 4 pilhas do mesmo tipo em menos de 3 horas. A sua compatibilidade USB e o seu design compacto s\u00e3o convenientes para um carregamento de alto desempenho em viagens, utiliza\u00e7\u00e3o dom\u00e9stica e profissional. A seguran\u00e7a \u00e9 a nossa prioridade, e os nossos carregadores est\u00e3o equipados com seis mecanismos de seguran\u00e7a para prote\u00e7\u00e3o contra poss\u00edveis riscos.<\/p>\n<figure class=\"table\">\n<table border=\"1\" width=\"100%\" cellspacing=\"0\" cellpadding=\"0\">\n<tbody>\n<tr>\n<td height=\"30\"><strong>N\u00famero do artigo<\/strong><\/td>\n<td height=\"30\"><strong>Capacidade<\/strong><\/td>\n<td height=\"30\"><strong>Tens\u00e3o<\/strong><\/td>\n<td height=\"30\"><strong>Peso<\/strong><\/td>\n<td height=\"30\"><strong>Di\u00e2metro<\/strong><\/td>\n<td height=\"30\"><strong>Altura<\/strong><\/td>\n<\/tr>\n<tr>\n<td rowspan=\"4\" height=\"30\">HR6<\/td>\n<td height=\"30\">1300mAh<\/td>\n<td height=\"30\">1.20V<\/td>\n<td height=\"30\">22.8\u00b10.2g<\/td>\n<td height=\"30\">13,7-14,5 mm<\/td>\n<td height=\"30\">49,5-50,5 mm<\/td>\n<\/tr>\n<tr>\n<td height=\"30\">2100mAh<\/td>\n<td height=\"30\">1.20V<\/td>\n<td height=\"30\">28.1\u00b10.2g<\/td>\n<td height=\"30\">13,7-14,5 mm<\/td>\n<td height=\"30\">49,5-50,5 mm<\/td>\n<\/tr>\n<tr>\n<td height=\"30\">2400mAh<\/td>\n<td height=\"30\">1.20V<\/td>\n<td height=\"30\">29.6\u00b10.2g<\/td>\n<td height=\"30\">13,7-14,5 mm<\/td>\n<td height=\"30\">49,5-50,5 mm<\/td>\n<\/tr>\n<tr>\n<td height=\"30\">2600mAh<\/td>\n<td height=\"30\">1.20V<\/td>\n<td height=\"30\">29.7\u00b10.2g<\/td>\n<td height=\"30\">13,7-14,5 mm<\/td>\n<td height=\"30\">49,5-50,5 mm<\/td>\n<\/tr>\n<tr>\n<td colspan=\"1\" rowspan=\"4\" height=\"30\">HR03<\/td>\n<td height=\"30\">700mAh<\/td>\n<td height=\"30\">1.20V<\/td>\n<td height=\"30\">11.2\u00b10.2g<\/td>\n<td height=\"30\">9,8-10,5 mm<\/td>\n<td height=\"30\">43,3-44,5 mm<\/td>\n<\/tr>\n<tr>\n<td height=\"30\">850mAh<\/td>\n<td height=\"30\">1.20V<\/td>\n<td height=\"30\">13.8\u00b10.2g<\/td>\n<td height=\"30\">9,8-10,5 mm<\/td>\n<td height=\"30\">43,3-44,5 mm<\/td>\n<\/tr>\n<tr>\n<td height=\"30\">900mAh<\/td>\n<td height=\"30\">1.20V<\/td>\n<td height=\"30\">13.1\u00b10.2g<\/td>\n<td height=\"30\">9,8-10,5 mm<\/td>\n<td height=\"30\">43,3-44,5 mm<\/td>\n<\/tr>\n<tr>\n<td height=\"30\">950mAh<\/td>\n<td height=\"30\">1.20V<\/td>\n<td height=\"30\">13.6\u00b10.2g<\/td>\n<td height=\"30\">9,8-10,5 mm<\/td>\n<td height=\"30\">43,3-44,5 mm<\/td>\n<\/tr>\n<tr>\n<td rowspan=\"3\" height=\"30\">HR20<\/td>\n<td height=\"30\">2500mAh<\/td>\n<td height=\"30\">1.20V<\/td>\n<td height=\"30\">64.5\u00b11g<\/td>\n<td height=\"30\">32,0-34,2 mm<\/td>\n<td height=\"30\">59,5-61,5 mm<\/td>\n<\/tr>\n<tr>\n<td height=\"30\">3000mAh<\/td>\n<td height=\"30\">1.20V<\/td>\n<td height=\"30\">67.0\u00b11g<\/td>\n<td height=\"30\">32,0-34,2 mm<\/td>\n<td height=\"30\">59,5-61,5 mm<\/td>\n<\/tr>\n<tr>\n<td height=\"30\">8000mAh<\/td>\n<td height=\"30\">1.20V<\/td>\n<td height=\"30\">144.0\u00b11g<\/td>\n<td height=\"30\">32,0-34,2 mm<\/td>\n<td height=\"30\">59,5-61,5 mm<\/td>\n<\/tr>\n<tr>\n<td rowspan=\"3\" height=\"30\">HR14<\/td>\n<td height=\"30\">2500mAh<\/td>\n<td height=\"30\">1.20V<\/td>\n<td height=\"30\">54.5\u00b10.5g<\/td>\n<td height=\"30\">24,8-25,9 mm<\/td>\n<td height=\"30\">48,6-50,5 mm<\/td>\n<\/tr>\n<tr>\n<td height=\"30\">3000mAh<\/td>\n<td height=\"30\">1.20V<\/td>\n<td height=\"30\">58.0\u00b10.5g<\/td>\n<td height=\"30\">24,8-25,9 mm<\/td>\n<td height=\"30\">48,6-50,5 mm<\/td>\n<\/tr>\n<tr>\n<td height=\"30\">4000mAh<\/td>\n<td height=\"30\">1.20V<\/td>\n<td height=\"30\">77.5\u00b10.5g<\/td>\n<td height=\"30\">24,8-25,9 mm<\/td>\n<td height=\"30\">48,6-50,5 mm<\/td>\n<\/tr>\n<tr>\n<td rowspan=\"3\" height=\"30\">HF9<\/td>\n<td height=\"30\">170mAh<\/td>\n<td height=\"30\">8.40V<\/td>\n<td height=\"30\">32.1\u00b10.5g<\/td>\n<td height=\"30\">L(24,5-26,5)mm<br \/>\nW(15,5-17,5)mm<\/td>\n<td height=\"30\">46,5-48,5 mm<\/td>\n<\/tr>\n<tr>\n<td height=\"30\">200mAh<\/td>\n<td height=\"30\">8.40V<\/td>\n<td height=\"30\">35.0\u00b10.5g<\/td>\n<td height=\"30\">L(24,5-26,5)mm<br \/>\nW(15,5-17,5)mm<\/td>\n<td height=\"30\">46,5-48,5 mm<\/td>\n<\/tr>\n<tr>\n<td height=\"30\">250mAh<\/td>\n<td height=\"30\">8.40V<\/td>\n<td height=\"30\">42.5\u00b10.5g<\/td>\n<td height=\"30\">L(24,5-26,5)mm<br \/>\nW(15,5-17,5)mm<\/td>\n<td height=\"30\">46,5-48,5 mm<\/td>\n<\/tr>\n<\/tbody>\n<\/table>\n<\/figure>\n<p>&nbsp;<\/p>\n<figure class=\"table\">\n<table border=\"1\" width=\"100%\" cellspacing=\"0\" cellpadding=\"0\">\n<tbody>\n<tr>\n<td colspan=\"7\" height=\"30\"><strong>Especifica\u00e7\u00f5es da embalagem<\/strong><\/td>\n<\/tr>\n<tr>\n<td height=\"30\"><strong>Tipo<\/strong><\/td>\n<td height=\"30\"><strong>Casaco<\/strong><\/td>\n<td height=\"30\"><strong>Embalagem<\/strong><\/td>\n<td height=\"30\"><strong>Caixa interior (unidades)<\/strong><\/td>\n<td height=\"30\"><strong>CTN(pcs)<\/strong><\/td>\n<td height=\"30\"><strong>Medida (cm)<\/strong><\/td>\n<td height=\"30\"><strong>Peso bruto (kg)<\/strong><\/td>\n<\/tr>\n<tr>\n<td height=\"30\">HR6 AA<\/td>\n<td height=\"30\">Alum\u00ednio<\/td>\n<td height=\"30\">2pcs\/cart\u00e3o<\/td>\n<td height=\"30\">24<\/td>\n<td height=\"30\">480<\/td>\n<td height=\"30\">52.3&#215;28.3&#215;21.0<\/td>\n<td height=\"30\">13.0<\/td>\n<\/tr>\n<tr>\n<td height=\"30\">HR6 AA<\/td>\n<td height=\"30\">Alum\u00ednio<\/td>\n<td height=\"30\">4pcs\/cart\u00e3o<\/td>\n<td height=\"30\">48<\/td>\n<td height=\"30\">960<\/td>\n<td height=\"30\">52.3&#215;28.3&#215;21.0<\/td>\n<td height=\"30\">25.5<\/td>\n<\/tr>\n<tr>\n<td height=\"30\">HR03 AAA<\/td>\n<td height=\"30\">Alum\u00ednio<\/td>\n<td height=\"30\">2pcs\/cart\u00e3o<\/td>\n<td height=\"30\">24<\/td>\n<td height=\"30\">480<\/td>\n<td height=\"30\">42.8&#215;28.3&#215;21.0<\/td>\n<td height=\"30\">7.0<\/td>\n<\/tr>\n<tr>\n<td height=\"30\">HR03 AAA<\/td>\n<td height=\"30\">Alum\u00ednio<\/td>\n<td height=\"30\">4pcs\/cart\u00e3o<\/td>\n<td height=\"30\">48<\/td>\n<td height=\"30\">960<\/td>\n<td height=\"30\">42.8&#215;28.3&#215;21.0<\/td>\n<td height=\"30\">13.5<\/td>\n<\/tr>\n<tr>\n<td height=\"30\">HR20 D<\/td>\n<td height=\"30\">Alum\u00ednio<\/td>\n<td height=\"30\">2pcs\/cart\u00e3o<\/td>\n<td height=\"30\">24<\/td>\n<td height=\"30\">96<\/td>\n<td height=\"30\">33.5&#215;24.5&#215;20.0<\/td>\n<td height=\"30\">14.0<\/td>\n<\/tr>\n<tr>\n<td height=\"30\">HR14 C<\/td>\n<td height=\"30\">Alum\u00ednio<\/td>\n<td height=\"30\">2pcs\/cart\u00e3o<\/td>\n<td height=\"30\">24<\/td>\n<td height=\"30\">96<\/td>\n<td height=\"30\">29.5\u00d719.0x20.0<\/td>\n<td height=\"30\">7.5<\/td>\n<\/tr>\n<tr>\n<td height=\"30\">HF9<\/td>\n<td height=\"30\">Alum\u00ednio<\/td>\n<td height=\"30\">1pc\/cart\u00e3o<\/td>\n<td height=\"30\">10<\/td>\n<td height=\"30\">240<\/td>\n<td height=\"30\">42.0&#215;28.2&#215;26.7<\/td>\n<td height=\"30\">13.5<\/td>\n<\/tr>\n<\/tbody>\n<\/table>\n<p><img alt=\"\" decoding=\"async\" class=\"wp-image-3431 aligncenter\" src=\"https:\/\/www.sdhuataibattery.com\/wp-content\/uploads\/2025\/12\/6LR619V1.jpg\" width=\"1182\" height=\"418\" srcset=\"https:\/\/www.sdhuataibattery.com\/wp-content\/uploads\/2025\/12\/6LR619V1.jpg 1460w, https:\/\/www.sdhuataibattery.com\/wp-content\/uploads\/2025\/12\/6LR619V1-300x106.jpg 300w, https:\/\/www.sdhuataibattery.com\/wp-content\/uploads\/2025\/12\/6LR619V1-1024x362.jpg 1024w, https:\/\/www.sdhuataibattery.com\/wp-content\/uploads\/2025\/12\/6LR619V1-768x271.jpg 768w, https:\/\/www.sdhuataibattery.com\/wp-content\/uploads\/2025\/12\/6LR619V1-18x6.jpg 18w, https:\/\/www.sdhuataibattery.com\/wp-content\/uploads\/2025\/12\/6LR619V1-600x212.jpg 600w\" sizes=\"(max-width: 1182px) 100vw, 1182px\" \/><\/figure>","protected":false},"excerpt":{"rendered":"<p>Ni-MH Nickel-Metal Hydride Rechargeable Batteries HR03 AAA 1.2V 4PCS\/Card Huatai Ni-MH Rechargeable Series: High-Capacity, Eco-Friendly Power Solutions Product Overview Switch to sustainable energy with Linyi Huatai\u2019s Ni-MH (Nickel-Metal Hydride) Rechargeable Batteries. Engineered for high-drain devices and professional applications, our Ni-MH series offers a superior alternative to single-use batteries. With high capacity and an ultra-long cycle&#8230;<\/p>","protected":false},"featured_media":5429,"template":"","meta":{"_seopress_robots_primary_cat":"none","_seopress_titles_title":"Ni-MH Nickel-Metal Hydride Rechargeable Batteries HR03 AAA 1.2V 4PCS\/Card","_seopress_titles_desc":"No Memory Effect:\u00a0Can be recharged at any time, whether fully or partially drained, without affecting long-term capacity.","_seopress_robots_index":"","_uag_custom_page_level_css":"","_kad_blocks_custom_css":"","_kad_blocks_head_custom_js":"","_kad_blocks_body_custom_js":"","_kad_blocks_footer_custom_js":"","_kad_post_transparent":"default","_kad_post_title":"","_kad_post_layout":"default","_kad_post_sidebar_id":"","_kad_post_content_style":"default","_kad_post_vertical_padding":"default","_kad_post_feature":"","_kad_post_feature_position":"","_kad_post_header":false,"_kad_post_footer":false,"_kad_post_classname":""},"product_brand":[],"product_cat":[88],"product_tag":[],"class_list":{"0":"post-5426","1":"product","2":"type-product","3":"status-publish","4":"has-post-thumbnail","6":"product_cat-nimh","8":"first","9":"instock","10":"shipping-taxable","11":"product-type-simple","12":"entry","13":"content-bg","14":"loop-entry"},"taxonomy_info":{"product_cat":[{"value":88,"label":"Ni-MH Rechargeable"}]},"featured_image_src_large":["https:\/\/www.sdhuataibattery.com\/wp-content\/uploads\/2025\/12\/HR03-AAA-1.2V-4PCSCard.jpg",660,660,false],"author_info":[],"comment_info":"","uagb_featured_image_src":{"full":["https:\/\/www.sdhuataibattery.com\/wp-content\/uploads\/2025\/12\/HR03-AAA-1.2V-4PCSCard.jpg",660,660,false],"thumbnail":["https:\/\/www.sdhuataibattery.com\/wp-content\/uploads\/2025\/12\/HR03-AAA-1.2V-4PCSCard-150x150.jpg",150,150,true],"medium":["https:\/\/www.sdhuataibattery.com\/wp-content\/uploads\/2025\/12\/HR03-AAA-1.2V-4PCSCard-300x300.jpg",300,300,true],"medium_large":["https:\/\/www.sdhuataibattery.com\/wp-content\/uploads\/2025\/12\/HR03-AAA-1.2V-4PCSCard.jpg",660,660,false],"large":["https:\/\/www.sdhuataibattery.com\/wp-content\/uploads\/2025\/12\/HR03-AAA-1.2V-4PCSCard.jpg",660,660,false],"1536x1536":["https:\/\/www.sdhuataibattery.com\/wp-content\/uploads\/2025\/12\/HR03-AAA-1.2V-4PCSCard.jpg",660,660,false],"2048x2048":["https:\/\/www.sdhuataibattery.com\/wp-content\/uploads\/2025\/12\/HR03-AAA-1.2V-4PCSCard.jpg",660,660,false],"trp-custom-language-flag":["https:\/\/www.sdhuataibattery.com\/wp-content\/uploads\/2025\/12\/HR03-AAA-1.2V-4PCSCard-12x12.jpg",12,12,true],"woocommerce_thumbnail":["https:\/\/www.sdhuataibattery.com\/wp-content\/uploads\/2025\/12\/HR03-AAA-1.2V-4PCSCard-300x300.jpg",300,300,true],"woocommerce_single":["https:\/\/www.sdhuataibattery.com\/wp-content\/uploads\/2025\/12\/HR03-AAA-1.2V-4PCSCard-600x600.jpg",600,600,true],"woocommerce_gallery_thumbnail":["https:\/\/www.sdhuataibattery.com\/wp-content\/uploads\/2025\/12\/HR03-AAA-1.2V-4PCSCard-100x100.jpg",100,100,true]},"uagb_author_info":{"display_name":"htbattery@huataibattery.com","author_link":"https:\/\/www.sdhuataibattery.com\/pt\/author\/"},"uagb_comment_info":0,"uagb_excerpt":"Ni-MH Nickel-Metal Hydride Rechargeable Batteries HR03 AAA 1.2V 4PCS\/Card Huatai Ni-MH Rechargeable Series: High-Capacity, Eco-Friendly Power Solutions Product Overview Switch to sustainable energy with Linyi Huatai\u2019s Ni-MH (Nickel-Metal Hydride) Rechargeable Batteries. Engineered for high-drain devices and professional applications, our Ni-MH series offers a superior alternative to single-use batteries. With high capacity and an ultra-long cycle...","_links":{"self":[{"href":"https:\/\/www.sdhuataibattery.com\/pt\/wp-json\/wp\/v2\/product\/5426","targetHints":{"allow":["GET"]}}],"collection":[{"href":"https:\/\/www.sdhuataibattery.com\/pt\/wp-json\/wp\/v2\/product"}],"about":[{"href":"https:\/\/www.sdhuataibattery.com\/pt\/wp-json\/wp\/v2\/types\/product"}],"wp:featuredmedia":[{"embeddable":true,"href":"https:\/\/www.sdhuataibattery.com\/pt\/wp-json\/wp\/v2\/media\/5429"}],"wp:attachment":[{"href":"https:\/\/www.sdhuataibattery.com\/pt\/wp-json\/wp\/v2\/media?parent=5426"}],"wp:term":[{"taxonomy":"product_brand","embeddable":true,"href":"https:\/\/www.sdhuataibattery.com\/pt\/wp-json\/wp\/v2\/product_brand?post=5426"},{"taxonomy":"product_cat","embeddable":true,"href":"https:\/\/www.sdhuataibattery.com\/pt\/wp-json\/wp\/v2\/product_cat?post=5426"},{"taxonomy":"product_tag","embeddable":true,"href":"https:\/\/www.sdhuataibattery.com\/pt\/wp-json\/wp\/v2\/product_tag?post=5426"}],"curies":[{"name":"wp","href":"https:\/\/api.w.org\/{rel}","templated":true}]}}