{"id":5467,"date":"2026-01-01T03:37:44","date_gmt":"2026-01-01T03:37:44","guid":{"rendered":"https:\/\/www.sdhuataibattery.com\/?post_type=product&#038;p=5467"},"modified":"2026-04-06T06:02:55","modified_gmt":"2026-04-06T06:02:55","slug":"cr2032-10pcs-blister-card-detachable","status":"publish","type":"product","link":"https:\/\/www.sdhuataibattery.com\/pt\/produto\/cr2032-10pcs-cartao-blister-destacavel\/","title":{"rendered":"C\u00e9lula de Bot\u00e3o de L\u00edtio S\u00e9rie CR2032 10pcs\/Cart\u00e3o de Bolha Destac\u00e1vel"},"content":{"rendered":"<h1><strong><a href=\"https:\/\/www.sdhuataibattery.com\/pt\/fabricante-de-baterias-de-celulas-de-litio-na-china\/\">C\u00e9lula de Bot\u00e3o de L\u00edtio S\u00e9rie CR2032 10pcs\/Cart\u00e3o de Bolha Destac\u00e1vel<\/a><\/strong><\/h1>\n<table style=\"height: 463px;\" border=\"1\" width=\"1357\" cellspacing=\"0\" cellpadding=\"0\">\n<tbody>\n<tr>\n<td height=\"30\"><strong>N\u00famero do artigo<\/strong><\/td>\n<td height=\"30\"><strong>Sistema<\/strong><\/td>\n<td height=\"30\"><strong>Tens\u00e3o<\/strong><\/td>\n<td height=\"30\"><strong>Capacidade<\/strong><\/td>\n<td height=\"30\"><strong>Dimens\u00e3o<\/strong><\/td>\n<td height=\"30\"><strong>Peso<\/strong><\/td>\n<td height=\"30\"><strong>Recomendado<\/strong><br \/>\n<strong>Corrente cont\u00ednua<\/strong><\/td>\n<td height=\"30\"><strong>Corrente m\u00e1xima de impulsos<\/strong><\/td>\n<\/tr>\n<tr>\n<td height=\"30\">CR927<\/td>\n<td height=\"30\">L\u00edtio<\/td>\n<td height=\"30\">3.0V<\/td>\n<td height=\"30\">30mAH<\/td>\n<td height=\"30\">9,5\u00d72,7 mm<\/td>\n<td height=\"30\">0.5g<\/td>\n<td height=\"30\">0,1mA<\/td>\n<td height=\"30\">5mA<\/td>\n<\/tr>\n<tr>\n<td height=\"30\">CR1216<\/td>\n<td height=\"30\">L\u00edtio<\/td>\n<td height=\"30\">3.0V<\/td>\n<td height=\"30\">25mAH<\/td>\n<td height=\"30\">12,5\u00d71,6 mm<\/td>\n<td height=\"30\">0.7g<\/td>\n<td height=\"30\">0,2mA<\/td>\n<td height=\"30\">5mA<\/td>\n<\/tr>\n<tr>\n<td height=\"30\">CR1220<\/td>\n<td height=\"30\">L\u00edtio<\/td>\n<td height=\"30\">3.0V<\/td>\n<td height=\"30\">35mAH<\/td>\n<td height=\"30\">12,5\u00d72,0 mm<\/td>\n<td height=\"30\">0.9g<\/td>\n<td height=\"30\">0,2mA<\/td>\n<td height=\"30\">5mA<\/td>\n<\/tr>\n<tr>\n<td height=\"30\">CR1225<\/td>\n<td height=\"30\">L\u00edtio<\/td>\n<td height=\"30\">3.0V<\/td>\n<td height=\"30\">50mAH<\/td>\n<td height=\"30\">12,5\u00d72,5 mm<\/td>\n<td height=\"30\">1.0g<\/td>\n<td height=\"30\">0,2mA<\/td>\n<td height=\"30\">5mA<\/td>\n<\/tr>\n<tr>\n<td height=\"30\">CR1616<\/td>\n<td height=\"30\">L\u00edtio<\/td>\n<td height=\"30\">3.0V<\/td>\n<td height=\"30\">50mAH<\/td>\n<td height=\"30\">16,0\u00d71,6 mm<\/td>\n<td height=\"30\">1.2g<\/td>\n<td height=\"30\">0,3mA<\/td>\n<td height=\"30\">8mA<\/td>\n<\/tr>\n<tr>\n<td height=\"30\">CR1620<\/td>\n<td height=\"30\">L\u00edtio<\/td>\n<td height=\"30\">3.0V<\/td>\n<td height=\"30\">70mAH<\/td>\n<td height=\"30\">16.0\u00d72.0mm<\/td>\n<td height=\"30\">1.3g<\/td>\n<td height=\"30\">0,3mA<\/td>\n<td height=\"30\">8mA<\/td>\n<\/tr>\n<tr>\n<td height=\"30\">CR2016<\/td>\n<td height=\"30\">L\u00edtio<\/td>\n<td height=\"30\">3.0V<\/td>\n<td height=\"30\">75mAH<\/td>\n<td height=\"30\">20,0\u00d71,6 mm<\/td>\n<td height=\"30\">1.8g<\/td>\n<td height=\"30\">0,3mA<\/td>\n<td height=\"30\">10mA<\/td>\n<\/tr>\n<tr>\n<td height=\"30\">CR2025<\/td>\n<td height=\"30\">L\u00edtio<\/td>\n<td height=\"30\">3.0V<\/td>\n<td height=\"30\">150mAH<\/td>\n<td height=\"30\">20,0\u00d72,5 mm<\/td>\n<td height=\"30\">2.5g<\/td>\n<td height=\"30\">0,5mA<\/td>\n<td height=\"30\">15mA<\/td>\n<\/tr>\n<tr>\n<td height=\"30\">CR2032<\/td>\n<td height=\"30\">L\u00edtio<\/td>\n<td height=\"30\">3.0V<\/td>\n<td height=\"30\">210mAH<\/td>\n<td height=\"30\">20.0\u00d73.0mm<\/td>\n<td height=\"30\">3.0g<\/td>\n<td height=\"30\">0,75mA<\/td>\n<td height=\"30\">15mA<\/td>\n<\/tr>\n<tr>\n<td height=\"30\">CR2320<\/td>\n<td height=\"30\">L\u00edtio<\/td>\n<td height=\"30\">3.0V<\/td>\n<td height=\"30\">130mAH<\/td>\n<td height=\"30\">23.0\u00d72.0mm<\/td>\n<td height=\"30\">3.0g<\/td>\n<td height=\"30\">0,75mA<\/td>\n<td height=\"30\">15mA<\/td>\n<\/tr>\n<tr>\n<td height=\"30\">CR2325<\/td>\n<td height=\"30\">L\u00edtio<\/td>\n<td height=\"30\">3.0V<\/td>\n<td height=\"30\">185mAH<\/td>\n<td height=\"30\">23,0\u00d72,5 mm<\/td>\n<td height=\"30\">3.0g<\/td>\n<td height=\"30\">0,4mA<\/td>\n<td height=\"30\">25mA<\/td>\n<\/tr>\n<tr>\n<td height=\"30\">CR2330<\/td>\n<td height=\"30\">L\u00edtio<\/td>\n<td height=\"30\">3.0V<\/td>\n<td height=\"30\">250mAH<\/td>\n<td height=\"30\">23,0\u00d73,0 mm<\/td>\n<td height=\"30\">4.0g<\/td>\n<td height=\"30\">0,75mA<\/td>\n<td height=\"30\">15mA<\/td>\n<\/tr>\n<tr>\n<td height=\"30\">CR2430<\/td>\n<td height=\"30\">L\u00edtio<\/td>\n<td height=\"30\">3.0V<\/td>\n<td height=\"30\">270mAH<\/td>\n<td height=\"30\">24,5\u00d73,0 mm<\/td>\n<td height=\"30\">4.2g<\/td>\n<td height=\"30\">1.0mA<\/td>\n<td height=\"30\">15mA<\/td>\n<\/tr>\n<tr>\n<td height=\"30\">CR2450<\/td>\n<td height=\"30\">L\u00edtio<\/td>\n<td height=\"30\">3.0V<\/td>\n<td height=\"30\">550mAH<\/td>\n<td height=\"30\">24,5\u00d75,0 mm<\/td>\n<td height=\"30\">6.2g<\/td>\n<td height=\"30\">1.0mA<\/td>\n<td height=\"30\">15mA<\/td>\n<\/tr>\n<tr>\n<td height=\"30\">CR2477<\/td>\n<td height=\"30\">L\u00edtio<\/td>\n<td height=\"30\">3.0V<\/td>\n<td height=\"30\">800mAH<\/td>\n<td height=\"30\">24,5\u00d77,7 mm<\/td>\n<td height=\"30\">7.0g<\/td>\n<td height=\"30\">1.0mA<\/td>\n<td height=\"30\">15mA<\/td>\n<\/tr>\n<\/tbody>\n<\/table>\n<p><a href=\"https:\/\/www.sdhuataibattery.com\/pt\/sobre\/\">Shandong Linyi Huatai New Energy Battery Co., Ltd.<\/a>\u00a0was established in May 1993,but our factory\u2019s history can date back to the establishment of the Linyi Battery Plant in 1956.We are currently one of the\u00a0<a href=\"https:\/\/www.sdhuataibattery.com\/pt\/fabricante-de-pilhas-alcalinas-na-china\/\">principais fabricantes de pilhas alcalinas<\/a>\u00a0e\u00a0<a href=\"https:\/\/www.sdhuataibattery.com\/pt\/fabricante-de-baterias-de-celulas-de-litio-na-china\/\">fabricantes de baterias de l\u00edtio<\/a>\u00a0na China e o\u00a0<a href=\"https:\/\/www.sdhuataibattery.com\/pt\/bateria-de-celula-seca-de-zinco-carbono-para-servico-pesado-fabrica-na-china\/\">maior fabricante e f\u00e1brica mundial de baterias de zinco-carbono para servi\u00e7o pesado<\/a>.\u00a0Our\u00a0products are produced with HUATAI,Power Flash and KINGCELL brand and customer\u2019s private label, supplied 6 billion annual output by\u00a0<a href=\"https:\/\/www.sdhuataibattery.com\/pt\/producao-inteligente\/\">Linhas de produ\u00e7\u00e3o automatizadas de alta velocidade HIBAR<\/a>, oferecendo\u00a0<a href=\"https:\/\/www.sdhuataibattery.com\/pt\/fabricante-de-baterias-de-celulas-de-marca-propria-na-china\/\">Solu\u00e7\u00f5es OEM<\/a>\u00a0for zinc carbon, alkaline, and lithium batteries worldwide.For more insights, please stay tuned to our\u00a0<a href=\"https:\/\/www.sdhuataibattery.com\/pt\/categoria\/noticias\/\">News section<\/a>, which covers the latest\u00a0<a href=\"https:\/\/www.sdhuataibattery.com\/pt\/categoria\/noticias\/empresa\/\">Company News<\/a>\u00a0e<a href=\"https:\/\/www.sdhuataibattery.com\/pt\/categoria\/noticias\/setorial\/\">\u00a0Industry News<\/a>.We also supply\u00a0<a href=\"https:\/\/www.sdhuataibattery.com\/pt\/categoria-produto\/produto\/\">one-stop Product Catalog service<\/a>\u00a0para os nossos clientes.<\/p>\n<p>Alimente os seus dispositivos de precis\u00e3o com <strong><b>S\u00e9rie CR de l\u00edtio da Linyi Huatai<\/b><\/strong>. As nossas c\u00e9lulas tipo moeda de 3V de alto desempenho (CR2032, CR2025, CR2450, etc.) foram concebidas para a pr\u00f3xima gera\u00e7\u00e3o de sensores IoT, dispositivos port\u00e1teis inteligentes e dispositivos m\u00e9dicos. Com uma <strong><b>elevada densidade energ\u00e9tica<\/b><\/strong>\u00a0e <strong><b>taxa de auto-descarga ultra-baixa<\/b><\/strong>As pilhas de l\u00edtio Huatai garantem que a sua eletr\u00f3nica de miss\u00e3o cr\u00edtica se mant\u00e9m alimentada durante anos, mesmo nos ambientes mais exigentes.<\/p>\n<p><img alt=\"\" fetchpriority=\"high\" decoding=\"async\" class=\"alignnone size-full wp-image-3431\" src=\"https:\/\/www.sdhuataibattery.com\/wp-content\/uploads\/2025\/12\/6LR619V1.jpg\" width=\"1460\" height=\"516\" srcset=\"https:\/\/www.sdhuataibattery.com\/wp-content\/uploads\/2025\/12\/6LR619V1.jpg 1460w, https:\/\/www.sdhuataibattery.com\/wp-content\/uploads\/2025\/12\/6LR619V1-300x106.jpg 300w, https:\/\/www.sdhuataibattery.com\/wp-content\/uploads\/2025\/12\/6LR619V1-1024x362.jpg 1024w, https:\/\/www.sdhuataibattery.com\/wp-content\/uploads\/2025\/12\/6LR619V1-768x271.jpg 768w, https:\/\/www.sdhuataibattery.com\/wp-content\/uploads\/2025\/12\/6LR619V1-18x6.jpg 18w, https:\/\/www.sdhuataibattery.com\/wp-content\/uploads\/2025\/12\/6LR619V1-600x212.jpg 600w\" sizes=\"(max-width: 1460px) 100vw, 1460px\" \/><\/p>\n<h2><strong><b>Superioridade t\u00e9cnica e carater\u00edsticas:<\/b><\/strong><\/h2>\n<p><strong><b>Alta densidade energ\u00e9tica:<\/b><\/strong>\u00a0Proporciona uma estabilidade <strong><b>Sa\u00edda de 3V<\/b><\/strong>fornecendo o dobro da tens\u00e3o nominal das pilhas-bot\u00e3o alcalinas tradicionais num formato compacto e leve.<\/p>\n<p><strong><b>10 anos de vida \u00fatil:<\/b><\/strong>\u00a0Formulado com uma qu\u00edmica altamente est\u00e1vel de di\u00f3xido de l\u00edtio-mangan\u00eas (Li\/MnO2), mantendo mais de <strong><b>Capacidade 95%<\/b><\/strong>\u00a0mesmo ap\u00f3s 10 anos de armazenamento.<\/p>\n<p><strong><b>Resili\u00eancia a temperaturas extremas:<\/b><\/strong>\u00a0Funcionamento fi\u00e1vel numa vasta gama, desde <strong><b>-20\u00b0C a +60\u00b0C<\/b><\/strong>tornando-os ideais para sensores de exterior e porta-chaves de autom\u00f3veis.<\/p>\n<p><strong><b>Prote\u00e7\u00e3o avan\u00e7ada contra fugas:<\/b><\/strong>\u00a0O inv\u00f3lucro de a\u00e7o inoxid\u00e1vel de engenharia de precis\u00e3o e um eletr\u00f3lito org\u00e2nico anti-fugas garantem a m\u00e1xima seguran\u00e7a para os circuitos electr\u00f3nicos sens\u00edveis.<\/p>\n<p><strong><b>Embalagem de seguran\u00e7a para crian\u00e7as dispon\u00edvel:<\/b><\/strong>\u00a0Oferecemos embalagens blister compat\u00edveis e inviol\u00e1veis para cumprir os regulamentos de seguran\u00e7a globais para o retalho de consumo.<\/p>\n<h2><strong><b>Principais modelos e aplica\u00e7\u00f5es:<\/b><\/strong><\/h2>\n<table>\n<tbody>\n<tr>\n<td>Modelo<\/td>\n<td>Aplica\u00e7\u00f5es ideais<\/td>\n<\/tr>\n<tr>\n<td><strong><b>CR2032 \/ CR2025<\/b><\/strong><\/td>\n<td>Placas-m\u00e3e (CMOS), porta-chaves de autom\u00f3veis, rel\u00f3gios inteligentes, calculadoras<\/td>\n<\/tr>\n<tr>\n<td><strong><b>CR2450 \/ CR2477<\/b><\/strong><\/td>\n<td>Etiquetas electr\u00f3nicas para prateleiras (ESL), sensores dom\u00e9sticos inteligentes, monitores m\u00e9dicos<\/td>\n<\/tr>\n<tr>\n<td><strong><b>CR1220 \/ CR1632<\/b><\/strong><\/td>\n<td>Term\u00f3metros digitais, ped\u00f3metros, pequenos comandos \u00e0 dist\u00e2ncia<\/td>\n<\/tr>\n<tr>\n<td><strong><b>CR123A \/ CR2<\/b><\/strong><\/td>\n<td>C\u00e2maras de seguran\u00e7a, lanternas t\u00e1cticas, fechaduras inteligentes<\/td>\n<\/tr>\n<\/tbody>\n<\/table>\n<h2><strong><b>Porque \u00e9 que Linyi Huatai \u00e9 o seu parceiro estrat\u00e9gico?<\/b><\/strong><\/h2>\n<p>No cen\u00e1rio de 2026 de r\u00e1pida integra\u00e7\u00e3o tecnol\u00f3gica, <a href=\"https:\/\/www.sdhuataibattery.com\/pt\/sobre\/\"><strong><b>Shandong<\/b><\/strong>\u00a0<strong><b>Linyi Huatai Battery<\/b><\/strong><strong><b>\u00a0Grupo<\/b><\/strong><\/a>\u00a0\u00e9 um farol de excel\u00eancia no fabrico. A nossa s\u00e9rie CR \u00e9 produzida em instala\u00e7\u00f5es automatizadas e sem poeiras em Shandong, garantindo que cada c\u00e9lula cumpre os rigorosos requisitos de <strong><b>ISO9001, CE e UN38.3<\/b><\/strong>\u00a0normas. Oferecemos <strong><b>Personaliza\u00e7\u00e3o OEM\/ODM<\/b><\/strong>incluindo configura\u00e7\u00f5es com abas\/pinos para montagem direta em PCB. Quer seja um fabricante de produtos electr\u00f3nicos ou um distribuidor global, a Huatai fornece a fiabilidade e a escala para impulsionar a sua inova\u00e7\u00e3o.<\/p>\n<p><strong><b>Apelo \u00e0 a\u00e7\u00e3o:<\/b><\/strong>\u00a0<strong><b>Alimente os seus dispositivos de precis\u00e3o com Huatai.<\/b><\/strong>\u00a0Contacte-nos hoje para obter especifica\u00e7\u00f5es t\u00e9cnicas, pre\u00e7os a granel ou para solicitar amostras de etiquetas personalizadas para os seus projectos de PCB.<\/p>\n<p>[<a href=\"https:\/\/www.sdhuataibattery.com\/pt\/contactar-nos\/\">Liga\u00e7\u00e3o: Solicitar dados t\u00e9cnicos<\/a>]<\/p>","protected":false},"excerpt":{"rendered":"<p>Lithium Button Cell Series CR2032 10pcs\/Blister Card Detachable Item No System Voltage Capacity Dimension Weight Recommended Continuous Current Max Pulse Current CR927 Lithium 3.0V 30mAH 9.5&#215;2.7mm 0.5g 0.1mA 5mA CR1216 Lithium 3.0V 25mAH 12.5&#215;1.6mm 0.7g 0.2mA 5mA CR1220 Lithium 3.0V 35mAH 12.5&#215;2.0mm 0.9g 0.2mA 5mA CR1225 Lithium 3.0V 50mAH 12.5&#215;2.5mm 1.0g 0.2mA 5mA CR1616 Lithium&#8230;<\/p>","protected":false},"featured_media":5470,"template":"","meta":{"_seopress_robots_primary_cat":"none","_seopress_titles_title":"Lithium Button Cell Series CR2032 10pcs\/Blister Card Detachable","_seopress_titles_desc":"Child-Safety Packaging Available:\u00a0We offer compliant, tamper-proof blister packaging to meet global safety regulations for consumer retail.","_seopress_robots_index":"","_uag_custom_page_level_css":"","_kad_blocks_custom_css":"","_kad_blocks_head_custom_js":"","_kad_blocks_body_custom_js":"","_kad_blocks_footer_custom_js":"","_kad_post_transparent":"default","_kad_post_title":"","_kad_post_layout":"default","_kad_post_sidebar_id":"","_kad_post_content_style":"default","_kad_post_vertical_padding":"default","_kad_post_feature":"","_kad_post_feature_position":"","_kad_post_header":false,"_kad_post_footer":false,"_kad_post_classname":""},"product_brand":[],"product_cat":[73],"product_tag":[],"class_list":{"0":"post-5467","1":"product","2":"type-product","3":"status-publish","4":"has-post-thumbnail","6":"product_cat-lbc","8":"first","9":"instock","10":"shipping-taxable","11":"product-type-simple","12":"entry","13":"content-bg","14":"loop-entry"},"taxonomy_info":{"product_cat":[{"value":73,"label":"Lithium button cell"}]},"featured_image_src_large":["https:\/\/www.sdhuataibattery.com\/wp-content\/uploads\/2026\/01\/CR2032-10pcsBlister-Card-Detachable.jpg",850,850,false],"author_info":[],"comment_info":"","uagb_featured_image_src":{"full":["https:\/\/www.sdhuataibattery.com\/wp-content\/uploads\/2026\/01\/CR2032-10pcsBlister-Card-Detachable.jpg",850,850,false],"thumbnail":["https:\/\/www.sdhuataibattery.com\/wp-content\/uploads\/2026\/01\/CR2032-10pcsBlister-Card-Detachable-150x150.jpg",150,150,true],"medium":["https:\/\/www.sdhuataibattery.com\/wp-content\/uploads\/2026\/01\/CR2032-10pcsBlister-Card-Detachable-300x300.jpg",300,300,true],"medium_large":["https:\/\/www.sdhuataibattery.com\/wp-content\/uploads\/2026\/01\/CR2032-10pcsBlister-Card-Detachable-768x768.jpg",768,768,true],"large":["https:\/\/www.sdhuataibattery.com\/wp-content\/uploads\/2026\/01\/CR2032-10pcsBlister-Card-Detachable.jpg",850,850,false],"1536x1536":["https:\/\/www.sdhuataibattery.com\/wp-content\/uploads\/2026\/01\/CR2032-10pcsBlister-Card-Detachable.jpg",850,850,false],"2048x2048":["https:\/\/www.sdhuataibattery.com\/wp-content\/uploads\/2026\/01\/CR2032-10pcsBlister-Card-Detachable.jpg",850,850,false],"trp-custom-language-flag":["https:\/\/www.sdhuataibattery.com\/wp-content\/uploads\/2026\/01\/CR2032-10pcsBlister-Card-Detachable-12x12.jpg",12,12,true],"woocommerce_thumbnail":["https:\/\/www.sdhuataibattery.com\/wp-content\/uploads\/2026\/01\/CR2032-10pcsBlister-Card-Detachable-300x300.jpg",300,300,true],"woocommerce_single":["https:\/\/www.sdhuataibattery.com\/wp-content\/uploads\/2026\/01\/CR2032-10pcsBlister-Card-Detachable-600x600.jpg",600,600,true],"woocommerce_gallery_thumbnail":["https:\/\/www.sdhuataibattery.com\/wp-content\/uploads\/2026\/01\/CR2032-10pcsBlister-Card-Detachable-100x100.jpg",100,100,true]},"uagb_author_info":{"display_name":"htbattery@huataibattery.com","author_link":"https:\/\/www.sdhuataibattery.com\/pt\/author\/"},"uagb_comment_info":0,"uagb_excerpt":"Lithium Button Cell Series CR2032 10pcs\/Blister Card Detachable Item No System Voltage Capacity Dimension Weight Recommended Continuous Current Max Pulse Current CR927 Lithium 3.0V 30mAH 9.5&#215;2.7mm 0.5g 0.1mA 5mA CR1216 Lithium 3.0V 25mAH 12.5&#215;1.6mm 0.7g 0.2mA 5mA CR1220 Lithium 3.0V 35mAH 12.5&#215;2.0mm 0.9g 0.2mA 5mA CR1225 Lithium 3.0V 50mAH 12.5&#215;2.5mm 1.0g 0.2mA 5mA CR1616 Lithium...","_links":{"self":[{"href":"https:\/\/www.sdhuataibattery.com\/pt\/wp-json\/wp\/v2\/product\/5467","targetHints":{"allow":["GET"]}}],"collection":[{"href":"https:\/\/www.sdhuataibattery.com\/pt\/wp-json\/wp\/v2\/product"}],"about":[{"href":"https:\/\/www.sdhuataibattery.com\/pt\/wp-json\/wp\/v2\/types\/product"}],"wp:featuredmedia":[{"embeddable":true,"href":"https:\/\/www.sdhuataibattery.com\/pt\/wp-json\/wp\/v2\/media\/5470"}],"wp:attachment":[{"href":"https:\/\/www.sdhuataibattery.com\/pt\/wp-json\/wp\/v2\/media?parent=5467"}],"wp:term":[{"taxonomy":"product_brand","embeddable":true,"href":"https:\/\/www.sdhuataibattery.com\/pt\/wp-json\/wp\/v2\/product_brand?post=5467"},{"taxonomy":"product_cat","embeddable":true,"href":"https:\/\/www.sdhuataibattery.com\/pt\/wp-json\/wp\/v2\/product_cat?post=5467"},{"taxonomy":"product_tag","embeddable":true,"href":"https:\/\/www.sdhuataibattery.com\/pt\/wp-json\/wp\/v2\/product_tag?post=5467"}],"curies":[{"name":"wp","href":"https:\/\/api.w.org\/{rel}","templated":true}]}}