{"id":5538,"date":"2026-01-01T04:41:27","date_gmt":"2026-01-01T04:41:27","guid":{"rendered":"https:\/\/www.sdhuataibattery.com\/?post_type=product&#038;p=5538"},"modified":"2026-04-06T05:25:04","modified_gmt":"2026-04-06T05:25:04","slug":"lr6-aa-1-5v-4pcs-card-4","status":"publish","type":"product","link":"https:\/\/www.sdhuataibattery.com\/pt\/produto\/lr6-aa-1-5v-4pcs-cartao-4\/","title":{"rendered":"Bateria s\u00e9rie Ultra+ alcalina LR6 AA 1.5V 4 pe\u00e7as\/cart\u00e3o"},"content":{"rendered":"<h1 class=\"table\"><strong><a href=\"https:\/\/www.sdhuataibattery.com\/pt\/fabricante-de-pilhas-alcalinas-na-china\/\">Bateria s\u00e9rie Ultra+ alcalina LR6 AA 1.5V 4 pe\u00e7as\/cart\u00e3o<\/a><\/strong><\/h1>\n<p><a href=\"https:\/\/www.sdhuataibattery.com\/pt\/sobre\/\">Shandong Linyi Huatai New Energy Battery Co., Ltd.<\/a>\u00a0was established in May 1993,but our factory\u2019s history can date back to the establishment of the Linyi Battery Plant in 1956.We are currently one of the\u00a0<a href=\"https:\/\/www.sdhuataibattery.com\/pt\/fabricante-de-pilhas-alcalinas-na-china\/\">principais fabricantes de pilhas alcalinas<\/a>\u00a0e\u00a0<a href=\"https:\/\/www.sdhuataibattery.com\/pt\/fabricante-de-baterias-de-celulas-de-litio-na-china\/\">fabricantes de baterias de l\u00edtio<\/a>\u00a0na China e o\u00a0<a href=\"https:\/\/www.sdhuataibattery.com\/pt\/bateria-de-celula-seca-de-zinco-carbono-para-servico-pesado-fabrica-na-china\/\">maior fabricante e f\u00e1brica mundial de baterias de zinco-carbono para servi\u00e7o pesado<\/a>.\u00a0Our\u00a0products are produced with HUATAI,Power Flash and KINGCELL brand and customer\u2019s private label, supplied 6 billion annual output by\u00a0<a href=\"https:\/\/www.sdhuataibattery.com\/pt\/producao-inteligente\/\">Linhas de produ\u00e7\u00e3o automatizadas de alta velocidade HIBAR<\/a>, oferecendo\u00a0<a href=\"https:\/\/www.sdhuataibattery.com\/pt\/fabricante-de-baterias-de-celulas-de-marca-propria-na-china\/\">Solu\u00e7\u00f5es OEM<\/a>\u00a0for zinc carbon, alkaline, and lithium batteries worldwide.For more insights, please stay tuned to our\u00a0<a href=\"https:\/\/www.sdhuataibattery.com\/pt\/categoria\/noticias\/\">News section<\/a>, which covers the latest\u00a0<a href=\"https:\/\/www.sdhuataibattery.com\/pt\/categoria\/noticias\/empresa\/\">Company News<\/a>\u00a0e<a href=\"https:\/\/www.sdhuataibattery.com\/pt\/categoria\/noticias\/setorial\/\">\u00a0Industry News<\/a>.We also supply\u00a0<a href=\"https:\/\/www.sdhuataibattery.com\/pt\/categoria-produto\/produto\/\">one-stop Product Catalog service<\/a>\u00a0para os nossos clientes.<\/p>\n<figure class=\"table\">Experimente o auge da tecnologia de pilhas secas com <strong><b>S\u00e9rie alcalina Ultra+ de Linyi Huatai<\/b><\/strong>. Concebidas para dispositivos de elevada drenagem, as nossas baterias Ultra+ fornecem at\u00e9 <strong><b>300% mais pot\u00eancia<\/b><\/strong>\u00a0do que as alternativas normais de zinco-carbono. Quer seja para seguran\u00e7a dom\u00e9stica inteligente, dispositivos m\u00e9dicos ou eletr\u00f3nica profissional, o Huatai Ultra+ fornece a energia est\u00e1vel e consistente necess\u00e1ria no exigente mercado global atual.<\/p>\n<h2><strong><b>Porqu\u00ea escolher o Huatai Ultra+?<\/b><\/strong><\/h2>\n<p><strong><b>Alta densidade de energia:<\/b><\/strong>\u00a0A estrutura interna optimizada fornece energia concentrada para aplica\u00e7\u00f5es de alta drenagem, como c\u00e2maras digitais, brinquedos motorizados e monitores de tens\u00e3o arterial.<\/p>\n<p><strong><b>10 anos de vida \u00fatil:<\/b><\/strong>\u00a0Utilizando <strong><b>Tecnologia anti-envelhecimento<\/b><\/strong>As nossas baterias mant\u00eam a energia at\u00e9 uma d\u00e9cada em armazenamento - perfeitas para prepara\u00e7\u00e3o para emerg\u00eancias e invent\u00e1rio a granel.<\/p>\n<p><strong><b>Design triplo \u00e0 prova de fugas:<\/b><\/strong>\u00a0Com um vedante refor\u00e7ado e um inv\u00f3lucro de a\u00e7o resistente \u00e0 corros\u00e3o para proteger os seus dispositivos dispendiosos de fugas prejudiciais.<\/p>\n<p><strong><b>0% Merc\u00fario e c\u00e1dmio:<\/b><\/strong>\u00a0Totalmente em conformidade com as normas ambientais internacionais (RoHS\/CE), tornando-os seguros para utiliza\u00e7\u00e3o dom\u00e9stica e mais f\u00e1ceis de reciclar.<\/p>\n<p><strong><b>Resili\u00eancia a temperaturas extremas:<\/b><\/strong>\u00a0Desempenho fi\u00e1vel em climas que v\u00e3o desde <strong><b>-18\u00b0C a +50\u00b0C<\/b><\/strong>garantindo a funcionalidade desde o \u00c1rtico at\u00e9 aos tr\u00f3picos.<\/p>\n<h2><strong><b>Tamanhos e aplica\u00e7\u00f5es dispon\u00edveis:<\/b><\/strong><\/h2>\n<table>\n<tbody>\n<tr>\n<td>Modelo<\/td>\n<td>Aplica\u00e7\u00f5es comuns<\/td>\n<\/tr>\n<tr>\n<td><strong><b>LR6 (AA)<\/b><\/strong><\/td>\n<td>Fechaduras inteligentes, ratos sem fios, controladores de jogos<\/td>\n<\/tr>\n<tr>\n<td><strong><b>LR03 (AAA)<\/b><\/strong><\/td>\n<td>Controlos remotos, term\u00f3metros, lanternas LED<\/td>\n<\/tr>\n<tr>\n<td><strong><b>LR14 (C) \/ LR20 (D)<\/b><\/strong><\/td>\n<td>Lanternas de alta pot\u00eancia, r\u00e1dios, aquecedores de \u00e1gua<\/td>\n<\/tr>\n<tr>\n<td><strong><b>6LF22 (9V)<\/b><\/strong><\/td>\n<td>Detectores de fumo, mult\u00edmetros, \u00e1udio profissional<\/td>\n<\/tr>\n<\/tbody>\n<\/table>\n<h2><strong><b>A vantagem da Huatai<\/b><\/strong><\/h2>\n<p>Como l\u00edder mundial no fabrico de pilhas h\u00e1 mais de 30 anos, <a href=\"https:\/\/www.sdhuataibattery.com\/pt\"><strong><b>Shandong<\/b><\/strong><strong><b>\u00a0Linyi Huatai <\/b><\/strong><strong><b>Nova energia <\/b><\/strong><strong><b>Bateria <\/b><\/strong><strong><b>Co.,Ltd.<\/b><\/strong><\/a>\u00a0combina uma escala de produ\u00e7\u00e3o maci\u00e7a com um rigoroso controlo de qualidade. A nossa linha Ultra+ Alkaline \u00e9 o resultado de d\u00e9cadas de I&amp;D, oferecendo um <strong><b>r\u00e1cio custo\/desempenho<\/b><\/strong>\u00a0que \u00e9 inigual\u00e1vel na ind\u00fastria. Numa era de incerteza da cadeia de fornecimento global, a Huatai continua a ser o seu parceiro est\u00e1vel e de grande volume para energia alcalina de primeira qualidade.<\/p>\n<p><strong><b>Apelo \u00e0 a\u00e7\u00e3o:<\/b><\/strong>\u00a0<strong><b>Potencie a sua marca com Huatai.<\/b><\/strong> Oferecemos flexibilidade <a href=\"https:\/\/www.sdhuataibattery.com\/pt\/fabricante-de-baterias-de-celulas-de-marca-propria-na-china\/\">Bateria s\u00e9rie Ultra+ alcalina LR6 AA 1.5V Solu\u00e7\u00f5es OEM\/ODM<\/a> e distribui\u00e7\u00e3o por grosso da s\u00e9rie Ultra+. Contacte-nos hoje para obter uma embalagem de amostra e uma ficha de dados t\u00e9cnicos.<\/p>\n<p>[<a href=\"https:\/\/www.sdhuataibattery.com\/pt\/contactar-nos\/\">Liga\u00e7\u00e3o: Procurar mais informa\u00e7\u00f5es sobre os produtos<\/a>]<\/p>\n<table border=\"1\" width=\"100%\" cellspacing=\"0\" cellpadding=\"0\">\n<tbody>\n<tr>\n<td height=\"30\"><strong>N\u00famero do artigo<\/strong><\/td>\n<td height=\"30\"><strong>Sistema<\/strong><\/td>\n<td height=\"30\"><strong>Tens\u00e3o<\/strong><\/td>\n<td height=\"30\"><strong>Peso<\/strong><\/td>\n<td height=\"30\"><strong>Di\u00e2metro<\/strong><\/td>\n<td height=\"30\"><strong>Altura<\/strong><\/td>\n<\/tr>\n<tr>\n<td height=\"30\">AA<\/td>\n<td height=\"30\">0%Hg Alcalino<\/td>\n<td height=\"30\">1.50V<\/td>\n<td height=\"30\">23.2\u00b10.2g<\/td>\n<td height=\"30\">13,7-14,5 mm<\/td>\n<td height=\"30\">49,5-50,5 mm<\/td>\n<\/tr>\n<tr>\n<td height=\"30\">AAA<\/td>\n<td height=\"30\">0%Hg Alcalino<\/td>\n<td height=\"30\">1.50V<\/td>\n<td height=\"30\">11.2\u00b10.2g<\/td>\n<td height=\"30\">9,8-10,5 mm<\/td>\n<td height=\"30\">43,5-44,5 mm<\/td>\n<\/tr>\n<tr>\n<td height=\"30\">AAAA<\/td>\n<td height=\"30\">0%Hg Alcalino<\/td>\n<td height=\"30\">1.50V<\/td>\n<td height=\"30\">6.4\u00b10.2g<\/td>\n<td height=\"30\">7,8-8,3 mm<\/td>\n<td height=\"30\">41,5-42,5 mm<\/td>\n<\/tr>\n<tr>\n<td height=\"30\">C<\/td>\n<td height=\"30\">0%Hg Alcalino<\/td>\n<td height=\"30\">1.50V<\/td>\n<td height=\"30\">70.0\u00b10.5g<\/td>\n<td height=\"30\">24,9-26,2 mm<\/td>\n<td height=\"30\">48,6-50,0 mm<\/td>\n<\/tr>\n<tr>\n<td height=\"30\">D<\/td>\n<td height=\"30\">0%Hg Alcalino<\/td>\n<td height=\"30\">1.50V<\/td>\n<td height=\"30\">140.0\u00b11g<\/td>\n<td height=\"30\">32,3-34,2 mm<\/td>\n<td height=\"30\">59,5-61,5 mm<\/td>\n<\/tr>\n<tr>\n<td height=\"30\">9V<\/td>\n<td height=\"30\">0%Hg Alcalino<\/td>\n<td height=\"30\">9.0V<\/td>\n<td height=\"30\">45.5\u00b10.5g<\/td>\n<td height=\"30\">L(24,5-26,5)mm<br \/>\nW(15,5-17,5)mm<\/td>\n<td height=\"30\">46,5-48,5 mm<\/td>\n<\/tr>\n<tr>\n<td height=\"30\">LR1\/N<\/td>\n<td height=\"30\">0%Hg Alcalino<\/td>\n<td height=\"30\">1.50V<\/td>\n<td height=\"30\">9\u00b10.2g<\/td>\n<td height=\"30\">10,9-12,0 mm<\/td>\n<td height=\"30\">29,1-30,2 mm<\/td>\n<\/tr>\n<tr>\n<td height=\"30\">3LR12<\/td>\n<td height=\"30\">0%Hg Alcalino<\/td>\n<td height=\"30\">4.50V<\/td>\n<td height=\"30\">160\u00b11g<\/td>\n<td height=\"30\">L(60,0-62,0)mm<br \/>\nW(20,0-22,0)mm<\/td>\n<td height=\"30\">63,0-67,0mm<\/td>\n<\/tr>\n<\/tbody>\n<\/table>\n<\/figure>\n<p>&nbsp;<\/p>\n<figure class=\"table\">\n<table class=\"ck-table-resized\" border=\"1\" width=\"100%\" cellspacing=\"0\" cellpadding=\"0\">\n<colgroup>\n<col width=\"321\" \/>\n<col width=\"6\" \/>\n<col width=\"202\" \/>\n<col width=\"230\" \/>\n<col width=\"237\" \/>\n<col width=\"168\" \/>\n<col width=\"384\" \/> <\/colgroup>\n<tbody>\n<tr>\n<td colspan=\"7\" height=\"30\"><strong>Especifica\u00e7\u00f5es da embalagem<\/strong><\/td>\n<\/tr>\n<tr>\n<td height=\"30\"><strong>Tipo<\/strong><\/td>\n<td height=\"30\"><strong>Casaco<\/strong><\/td>\n<td height=\"30\"><strong>Embalagem<\/strong><\/td>\n<td height=\"30\"><strong>Caixa interior (unidades)<\/strong><\/td>\n<td height=\"30\"><strong>CTN(pcs)<\/strong><\/td>\n<td height=\"30\"><strong>Medida (cm)<\/strong><\/td>\n<td height=\"30\"><strong>Peso bruto (kg)<\/strong><\/td>\n<\/tr>\n<tr>\n<td height=\"30\">LR6 AM-3 AA<\/td>\n<td height=\"30\">Alum\u00ednio<\/td>\n<td height=\"30\">4pcs\/cart\u00e3o<\/td>\n<td height=\"30\">48<\/td>\n<td height=\"30\">960<\/td>\n<td height=\"30\">52.3&#215;28.3&#215;21.0<\/td>\n<td height=\"30\">25.5<\/td>\n<\/tr>\n<tr>\n<td height=\"30\">LR03 AM-4 AAA<\/td>\n<td height=\"30\">Alum\u00ednio<\/td>\n<td height=\"30\">4pcs\/cart\u00e3o<\/td>\n<td height=\"30\">48<\/td>\n<td height=\"30\">960<\/td>\n<td height=\"30\">42.8&#215;28.3&#215;21.0<\/td>\n<td height=\"30\">13.5<\/td>\n<\/tr>\n<tr>\n<td height=\"30\">LR8D425 AAAA<\/td>\n<td height=\"30\">Alum\u00ednio<\/td>\n<td height=\"30\">2pcs\/cart\u00e3o<\/td>\n<td height=\"30\">60<\/td>\n<td height=\"30\">480<\/td>\n<td height=\"30\">37.6&#215;26.6&#215;17.9<\/td>\n<td height=\"30\">5.7<\/td>\n<\/tr>\n<tr>\n<td height=\"30\">LR20 AM-1 D<\/td>\n<td height=\"30\">Alum\u00ednio<\/td>\n<td height=\"30\">2pcs\/cart\u00e3o<\/td>\n<td height=\"30\">24<\/td>\n<td height=\"30\">96<\/td>\n<td height=\"30\">33.5&#215;24.5&#215;20.0<\/td>\n<td height=\"30\">14.0<\/td>\n<\/tr>\n<tr>\n<td height=\"30\">LR14 AM-2 C<\/td>\n<td height=\"30\">Alum\u00ednio<\/td>\n<td height=\"30\">2pcs\/cart\u00e3o<\/td>\n<td height=\"30\">24<\/td>\n<td height=\"30\">96<\/td>\n<td height=\"30\">29.5\u00d719.0x20.0<\/td>\n<td height=\"30\">7.5<\/td>\n<\/tr>\n<tr>\n<td height=\"30\">6LR61<\/td>\n<td height=\"30\">Alum\u00ednio<\/td>\n<td height=\"30\">1pc\/cart\u00e3o<\/td>\n<td height=\"30\">10<\/td>\n<td height=\"30\">240<\/td>\n<td height=\"30\">42.0&#215;28.2&#215;26.7<\/td>\n<td height=\"30\">13.5<\/td>\n<\/tr>\n<tr>\n<td height=\"30\">LR1\/N<\/td>\n<td height=\"30\">Alum\u00ednio<\/td>\n<td height=\"30\">2pcs\/cart\u00e3o<\/td>\n<td height=\"30\">60<\/td>\n<td height=\"30\">480<\/td>\n<td height=\"30\">37.6&#215;27.6&#215;22.3<\/td>\n<td height=\"30\">6.8<\/td>\n<\/tr>\n<tr>\n<td height=\"30\">3LR12<\/td>\n<td height=\"30\">Alum\u00ednio<\/td>\n<td height=\"30\">1pc\/cart\u00e3o<\/td>\n<td height=\"30\">10<\/td>\n<td height=\"30\">80<\/td>\n<td height=\"30\">39.0&#215;34.2&#215;15.2<\/td>\n<td height=\"30\">14.8<\/td>\n<\/tr>\n<\/tbody>\n<\/table>\n<p><img alt=\"\" fetchpriority=\"high\" decoding=\"async\" class=\"alignnone size-full wp-image-3431\" src=\"https:\/\/www.sdhuataibattery.com\/wp-content\/uploads\/2025\/12\/6LR619V1.jpg\" width=\"1460\" height=\"516\" srcset=\"https:\/\/www.sdhuataibattery.com\/wp-content\/uploads\/2025\/12\/6LR619V1.jpg 1460w, https:\/\/www.sdhuataibattery.com\/wp-content\/uploads\/2025\/12\/6LR619V1-300x106.jpg 300w, https:\/\/www.sdhuataibattery.com\/wp-content\/uploads\/2025\/12\/6LR619V1-1024x362.jpg 1024w, https:\/\/www.sdhuataibattery.com\/wp-content\/uploads\/2025\/12\/6LR619V1-768x271.jpg 768w, https:\/\/www.sdhuataibattery.com\/wp-content\/uploads\/2025\/12\/6LR619V1-18x6.jpg 18w, https:\/\/www.sdhuataibattery.com\/wp-content\/uploads\/2025\/12\/6LR619V1-600x212.jpg 600w\" sizes=\"(max-width: 1460px) 100vw, 1460px\" \/><\/figure>","protected":false},"excerpt":{"rendered":"<p>Ultra+ Alkaline series Battery LR6 AA 1.5V 4PCS\/Card Shandong Linyi Huatai New Energy Battery Co., Ltd.\u00a0was established in May 1993,but our factory\u2019s history can date back to the establishment of the Linyi Battery Plant in 1956.We are currently one of the\u00a0leading alkaline battery manufacturers\u00a0and\u00a0lithium battery manufacturers\u00a0in China and the\u00a0world largest heavy duty zinc-carbon batteries manufacturer&amp;factory.\u00a0Our\u00a0products&#8230;<\/p>","protected":false},"featured_media":5541,"template":"","meta":{"_seopress_robots_primary_cat":"none","_seopress_titles_title":"Ultra+ Alkaline series Battery LR6 AA 1.5V 4PCS\/Card","_seopress_titles_desc":"Extreme Temperature Resilience:\u00a0Reliable performance in climates ranging from -18\u00b0C to +50\u00b0C, ensuring functionality from the Arctic to the Tropics.","_seopress_robots_index":"","_uag_custom_page_level_css":"","_kad_blocks_custom_css":"","_kad_blocks_head_custom_js":"","_kad_blocks_body_custom_js":"","_kad_blocks_footer_custom_js":"","_kad_post_transparent":"default","_kad_post_title":"","_kad_post_layout":"default","_kad_post_sidebar_id":"","_kad_post_content_style":"default","_kad_post_vertical_padding":"default","_kad_post_feature":"","_kad_post_feature_position":"","_kad_post_header":false,"_kad_post_footer":false,"_kad_post_classname":""},"product_brand":[],"product_cat":[81],"product_tag":[],"class_list":{"0":"post-5538","1":"product","2":"type-product","3":"status-publish","4":"has-post-thumbnail","6":"product_cat-ultraalkalin","8":"first","9":"instock","10":"shipping-taxable","11":"product-type-simple","12":"entry","13":"content-bg","14":"loop-entry"},"taxonomy_info":{"product_cat":[{"value":81,"label":"Ultra Alkaline"}]},"featured_image_src_large":["https:\/\/www.sdhuataibattery.com\/wp-content\/uploads\/2026\/01\/LR6-AA-1.5V-4PCSCard-1.jpg",620,620,false],"author_info":[],"comment_info":"","uagb_featured_image_src":{"full":["https:\/\/www.sdhuataibattery.com\/wp-content\/uploads\/2026\/01\/LR6-AA-1.5V-4PCSCard-1.jpg",620,620,false],"thumbnail":["https:\/\/www.sdhuataibattery.com\/wp-content\/uploads\/2026\/01\/LR6-AA-1.5V-4PCSCard-1-150x150.jpg",150,150,true],"medium":["https:\/\/www.sdhuataibattery.com\/wp-content\/uploads\/2026\/01\/LR6-AA-1.5V-4PCSCard-1-300x300.jpg",300,300,true],"medium_large":["https:\/\/www.sdhuataibattery.com\/wp-content\/uploads\/2026\/01\/LR6-AA-1.5V-4PCSCard-1.jpg",620,620,false],"large":["https:\/\/www.sdhuataibattery.com\/wp-content\/uploads\/2026\/01\/LR6-AA-1.5V-4PCSCard-1.jpg",620,620,false],"1536x1536":["https:\/\/www.sdhuataibattery.com\/wp-content\/uploads\/2026\/01\/LR6-AA-1.5V-4PCSCard-1.jpg",620,620,false],"2048x2048":["https:\/\/www.sdhuataibattery.com\/wp-content\/uploads\/2026\/01\/LR6-AA-1.5V-4PCSCard-1.jpg",620,620,false],"trp-custom-language-flag":["https:\/\/www.sdhuataibattery.com\/wp-content\/uploads\/2026\/01\/LR6-AA-1.5V-4PCSCard-1-12x12.jpg",12,12,true],"woocommerce_thumbnail":["https:\/\/www.sdhuataibattery.com\/wp-content\/uploads\/2026\/01\/LR6-AA-1.5V-4PCSCard-1-300x300.jpg",300,300,true],"woocommerce_single":["https:\/\/www.sdhuataibattery.com\/wp-content\/uploads\/2026\/01\/LR6-AA-1.5V-4PCSCard-1-600x600.jpg",600,600,true],"woocommerce_gallery_thumbnail":["https:\/\/www.sdhuataibattery.com\/wp-content\/uploads\/2026\/01\/LR6-AA-1.5V-4PCSCard-1-100x100.jpg",100,100,true]},"uagb_author_info":{"display_name":"htbattery@huataibattery.com","author_link":"https:\/\/www.sdhuataibattery.com\/pt\/author\/"},"uagb_comment_info":0,"uagb_excerpt":"Ultra+ Alkaline series Battery LR6 AA 1.5V 4PCS\/Card Shandong Linyi Huatai New Energy Battery Co., Ltd.\u00a0was established in May 1993,but our factory\u2019s history can date back to the establishment of the Linyi Battery Plant in 1956.We are currently one of the\u00a0leading alkaline battery manufacturers\u00a0and\u00a0lithium battery manufacturers\u00a0in China and the\u00a0world largest heavy duty zinc-carbon batteries manufacturer&amp;factory.\u00a0Our\u00a0products...","_links":{"self":[{"href":"https:\/\/www.sdhuataibattery.com\/pt\/wp-json\/wp\/v2\/product\/5538","targetHints":{"allow":["GET"]}}],"collection":[{"href":"https:\/\/www.sdhuataibattery.com\/pt\/wp-json\/wp\/v2\/product"}],"about":[{"href":"https:\/\/www.sdhuataibattery.com\/pt\/wp-json\/wp\/v2\/types\/product"}],"wp:featuredmedia":[{"embeddable":true,"href":"https:\/\/www.sdhuataibattery.com\/pt\/wp-json\/wp\/v2\/media\/5541"}],"wp:attachment":[{"href":"https:\/\/www.sdhuataibattery.com\/pt\/wp-json\/wp\/v2\/media?parent=5538"}],"wp:term":[{"taxonomy":"product_brand","embeddable":true,"href":"https:\/\/www.sdhuataibattery.com\/pt\/wp-json\/wp\/v2\/product_brand?post=5538"},{"taxonomy":"product_cat","embeddable":true,"href":"https:\/\/www.sdhuataibattery.com\/pt\/wp-json\/wp\/v2\/product_cat?post=5538"},{"taxonomy":"product_tag","embeddable":true,"href":"https:\/\/www.sdhuataibattery.com\/pt\/wp-json\/wp\/v2\/product_tag?post=5538"}],"curies":[{"name":"wp","href":"https:\/\/api.w.org\/{rel}","templated":true}]}}