{"id":5570,"date":"2026-01-01T05:01:19","date_gmt":"2026-01-01T05:01:19","guid":{"rendered":"https:\/\/www.sdhuataibattery.com\/?post_type=product&#038;p=5570"},"modified":"2026-04-06T06:28:51","modified_gmt":"2026-04-06T06:28:51","slug":"r03s-p-aaa-1-5v-4pcs-shrink","status":"publish","type":"product","link":"https:\/\/www.sdhuataibattery.com\/pt\/produto\/r03s-p-aaa-1-5v-4pcs-retracao\/","title":{"rendered":"Super Qualidade Zinco-Carv\u00e3o S\u00e9rie R03S\/P AAA 1.5V 4PCS\/SHRINK"},"content":{"rendered":"<h1><strong><a href=\"https:\/\/www.sdhuataibattery.com\/pt\/bateria-de-celula-seca-de-zinco-carbono-para-servico-pesado-fabrica-na-china\/\">Super Qualidade Zinco-Carv\u00e3o S\u00e9rie R03S\/P AAA 1.5V 4PCS\/SHRINK<\/a><\/strong><\/h1>\n<p><a href=\"https:\/\/www.sdhuataibattery.com\/pt\/sobre\/\">Shandong Linyi Huatai New Energy Battery Co., Ltd.<\/a>\u00a0was established in May 1993,but our factory\u2019s history can date back to the establishment of the Linyi Battery Plant in 1956.We are currently one of the\u00a0<a href=\"https:\/\/www.sdhuataibattery.com\/pt\/fabricante-de-pilhas-alcalinas-na-china\/\">principais fabricantes de pilhas alcalinas<\/a>\u00a0e\u00a0<a href=\"https:\/\/www.sdhuataibattery.com\/pt\/fabricante-de-baterias-de-celulas-de-litio-na-china\/\">fabricantes de baterias de l\u00edtio<\/a>\u00a0na China e o\u00a0<a href=\"https:\/\/www.sdhuataibattery.com\/pt\/bateria-de-celula-seca-de-zinco-carbono-para-servico-pesado-fabrica-na-china\/\">maior fabricante e f\u00e1brica mundial de baterias de zinco-carbono para servi\u00e7o pesado<\/a>.\u00a0Our\u00a0products are produced with HUATAI,Power Flash and KINGCELL brand and customer\u2019s private label, supplied 6 billion annual output by\u00a0<a href=\"https:\/\/www.sdhuataibattery.com\/pt\/producao-inteligente\/\">Linhas de produ\u00e7\u00e3o automatizadas de alta velocidade HIBAR<\/a>, oferecendo\u00a0<a href=\"https:\/\/www.sdhuataibattery.com\/pt\/fabricante-de-baterias-de-celulas-de-marca-propria-na-china\/\">Solu\u00e7\u00f5es OEM<\/a>\u00a0for zinc carbon, alkaline, and lithium batteries worldwide.For more insights, please stay tuned to our\u00a0<a href=\"https:\/\/www.sdhuataibattery.com\/pt\/categoria\/noticias\/\">News section<\/a>, which covers the latest\u00a0<a href=\"https:\/\/www.sdhuataibattery.com\/pt\/categoria\/noticias\/empresa\/\">Company News<\/a>\u00a0e<a href=\"https:\/\/www.sdhuataibattery.com\/pt\/categoria\/noticias\/setorial\/\">\u00a0Industry News<\/a>.We also supply\u00a0<a href=\"https:\/\/www.sdhuataibattery.com\/pt\/categoria-produto\/produto\/\">one-stop Product Catalog service<\/a>\u00a0para os nossos clientes.<\/p>\n<p>Maximize a efici\u00eancia das suas aquisi\u00e7\u00f5es com <strong><b>S\u00e9rie de zinco-carbono de super qualidade da Linyi Huatai<\/b><\/strong>. Como alternativa econ\u00f3mica \u00e0s pilhas alcalinas, a nossa linha Super Quality foi concebida para dispositivos de baixa drenagem, oferecendo uma fonte de energia est\u00e1vel e fi\u00e1vel por uma fra\u00e7\u00e3o do custo. No mercado global de 2026, onde as solu\u00e7\u00f5es econ\u00f3micas s\u00e3o muito procuradas, a Huatai fornece a produ\u00e7\u00e3o de grandes volumes e a garantia de qualidade necess\u00e1rias para manter a sua empresa competitiva.<\/p>\n<h2><strong><b>Porqu\u00ea obter Huatai Super Quality?<\/b><\/strong><\/h2>\n<p><strong><b>Valor econ\u00f3mico optimizado:<\/b><\/strong>\u00a0Especificamente formulado para dispositivos que requerem um consumo de energia constante e baixo, tornando-o a escolha mais rent\u00e1vel para os sectores retalhista e grossista de elevado volume de neg\u00f3cios.<\/p>\n<p><strong><b>Constru\u00e7\u00e3o \u00e0 prova de fugas:<\/b><\/strong>\u00a0Atualizado com um revestimento met\u00e1lico refor\u00e7ado e tecnologia de veda\u00e7\u00e3o de precis\u00e3o para evitar fugas de electr\u00f3litos e proteger os componentes electr\u00f3nicos sens\u00edveis.<\/p>\n<p><strong><b>Curva de descarga est\u00e1vel:<\/b><\/strong>\u00a0Fornece uma sa\u00edda de tens\u00e3o consistente para garantir a longevidade e a precis\u00e3o de dispositivos como rel\u00f3gios de parede e controlos remotos.<\/p>\n<p><strong><b>F\u00f3rmula Eco-Safe:<\/b><\/strong>\u00a0Cont\u00e9m <strong><b>0% Merc\u00fario e 0% C\u00e1dmio<\/b><\/strong>O produto \u00e9 fabricado em conformidade com as mais recentes normas ambientais globais (RoHS\/CE) para uma utiliza\u00e7\u00e3o dom\u00e9stica segura e uma elimina\u00e7\u00e3o mais f\u00e1cil.<\/p>\n<p><strong><b>Garantia de frescura:<\/b><\/strong>\u00a0Um prazo de validade de 2 anos garante que o seu stock se mant\u00e9m ativo e pronto a ser vendido, mesmo ap\u00f3s um envio internacional de longa dist\u00e2ncia.<\/p>\n<h2><strong><b>Aplica\u00e7\u00f5es pr\u00e1ticas quotidianas:<\/b><\/strong><\/h2>\n<h2><strong><b>A vantagem da produ\u00e7\u00e3o da Huatai<\/b><\/strong><\/h2>\n<p>Com mais de 30 anos de experi\u00eancia, <a href=\"https:\/\/www.sdhuataibattery.com\/pt\/apresentacao-da-empresa\/\"><strong><b>Linyi Huatai Battery<\/b><\/strong><\/a>\u00a0\u00e9 uma pedra angular da ind\u00fastria global de baterias. Os nossos <strong><b>Super qualidade<\/b><\/strong>\u00a0\u00e9 produzida em linhas altamente automatizadas em Shandong, China, o que nos permite oferecer <strong><b>pre\u00e7os diretos de f\u00e1brica inigual\u00e1veis<\/b><\/strong>. Somos especializados em grandes volumes <a href=\"https:\/\/www.sdhuataibattery.com\/pt\/fabricante-de-baterias-de-celulas-de-marca-propria-na-china\/\">Super Qualidade Zinco-Carv\u00e3o S\u00e9rie R03S\/P AAA 1.5V <strong><b>Servi\u00e7os OEM\/ODM<\/b><\/strong><\/a>A nossa empresa \u00e9 uma empresa de servi\u00e7os de vendas, que fornece marcas personalizadas e embalagens flex\u00edveis (Shrink\/Blister) para o ajudar a conquistar uma maior quota de mercado no segmento de valor acrescentado.<\/p>\n<p><strong><b>Apelo \u00e0 a\u00e7\u00e3o:<\/b><\/strong>\u00a0<strong><b>Potencie o seu mercado com Huatai.<\/b><\/strong>\u00a0Contacte-nos hoje para obter a nossa lista de pre\u00e7os por grosso mais recente, hor\u00e1rios de envio e solu\u00e7\u00f5es de embalagem OEM personalizadas.<\/p>\n<p>[<a href=\"https:\/\/www.sdhuataibattery.com\/pt\/contactar-nos\/\">Liga\u00e7\u00e3o: Informa\u00e7\u00f5es sobre os pre\u00e7os por grosso<\/a>]<\/p>\n<table class=\"ck-table-resized\" border=\"1\" width=\"100%\" cellspacing=\"0\" cellpadding=\"0\">\n<tbody>\n<tr>\n<td height=\"30\"><strong>Tipo<\/strong><\/td>\n<td height=\"30\"><strong>Casaco<\/strong><\/td>\n<td height=\"30\"><strong>Embalagem<\/strong><\/td>\n<td height=\"30\"><strong>Caixa interior (unidades)<\/strong><\/td>\n<td height=\"30\"><strong>CTN(pcs)<\/strong><\/td>\n<td height=\"30\"><strong>Medida (cm)<\/strong><\/td>\n<td height=\"30\"><strong>Peso bruto (kg)<\/strong><\/td>\n<\/tr>\n<tr>\n<td height=\"30\">R6S UM-3 AA<\/td>\n<td height=\"30\">PVC<\/td>\n<td height=\"30\">2pcs\/encolhimento<\/td>\n<td height=\"30\">40<\/td>\n<td height=\"30\">720<\/td>\n<td height=\"30\">29.5\u00d718.0x16.0<\/td>\n<td height=\"30\">10.0<\/td>\n<\/tr>\n<tr>\n<td height=\"30\">R6S UM-3 AA<\/td>\n<td height=\"30\">PVC<\/td>\n<td height=\"30\">4pcs\/encolhimento<\/td>\n<td height=\"30\">40<\/td>\n<td height=\"30\">720<\/td>\n<td height=\"30\">29.5\u00d718.0x16.0<\/td>\n<td height=\"30\">10.0<\/td>\n<\/tr>\n<tr>\n<td height=\"30\">R03 UM-4 AAA<\/td>\n<td height=\"30\">PVC<\/td>\n<td height=\"30\">2pcs\/encolhimento<\/td>\n<td height=\"30\">40<\/td>\n<td height=\"30\">720<\/td>\n<td height=\"30\">22.5&#215;13.5&#215;14.4<\/td>\n<td height=\"30\">5.5<\/td>\n<\/tr>\n<tr>\n<td height=\"30\">R03 UM-4 AAA<\/td>\n<td height=\"30\">PVC<\/td>\n<td height=\"30\">4pcs\/encolhimento<\/td>\n<td height=\"30\">40<\/td>\n<td height=\"30\">720<\/td>\n<td height=\"30\">22.5&#215;13.5&#215;14.4<\/td>\n<td height=\"30\">5.5<\/td>\n<\/tr>\n<tr>\n<td height=\"30\">R20S UM-1 D<\/td>\n<td height=\"30\">PVC<\/td>\n<td height=\"30\">2pcs\/encolhimento<\/td>\n<td height=\"30\">12\/24<\/td>\n<td height=\"30\">288<\/td>\n<td height=\"30\">42.0\u00d728.0x20.0<\/td>\n<td height=\"30\">25.0<\/td>\n<\/tr>\n<tr>\n<td height=\"30\">R14S UM-2 C<\/td>\n<td height=\"30\">PVC<\/td>\n<td height=\"30\">2pcs\/encolhimento<\/td>\n<td height=\"30\">24<\/td>\n<td height=\"30\">288<\/td>\n<td height=\"30\">32.2&#215;21.6&#215;16.8<\/td>\n<td height=\"30\">13.0<\/td>\n<\/tr>\n<tr>\n<td height=\"30\">6F22 9V<\/td>\n<td height=\"30\">Metal<\/td>\n<td height=\"30\">1 unidade\/encolhimento<\/td>\n<td height=\"30\">10<\/td>\n<td height=\"30\">500<\/td>\n<td height=\"30\">27.6&#215;25.6&#215;19.5<\/td>\n<td height=\"30\">19.0<\/td>\n<\/tr>\n<\/tbody>\n<\/table>\n<p><img alt=\"\" fetchpriority=\"high\" decoding=\"async\" class=\"alignnone size-full wp-image-3431\" src=\"https:\/\/www.sdhuataibattery.com\/wp-content\/uploads\/2025\/12\/6LR619V1.jpg\" width=\"1460\" height=\"516\" srcset=\"https:\/\/www.sdhuataibattery.com\/wp-content\/uploads\/2025\/12\/6LR619V1.jpg 1460w, https:\/\/www.sdhuataibattery.com\/wp-content\/uploads\/2025\/12\/6LR619V1-300x106.jpg 300w, https:\/\/www.sdhuataibattery.com\/wp-content\/uploads\/2025\/12\/6LR619V1-1024x362.jpg 1024w, https:\/\/www.sdhuataibattery.com\/wp-content\/uploads\/2025\/12\/6LR619V1-768x271.jpg 768w, https:\/\/www.sdhuataibattery.com\/wp-content\/uploads\/2025\/12\/6LR619V1-18x6.jpg 18w, https:\/\/www.sdhuataibattery.com\/wp-content\/uploads\/2025\/12\/6LR619V1-600x212.jpg 600w\" sizes=\"(max-width: 1460px) 100vw, 1460px\" \/><\/p>","protected":false},"excerpt":{"rendered":"<p>Super Quality Zinc-Carbon Series R03S\/P AAA 1.5V 4PCS\/SHRINK Shandong Linyi Huatai New Energy Battery Co., Ltd.\u00a0was established in May 1993,but our factory\u2019s history can date back to the establishment of the Linyi Battery Plant in 1956.We are currently one of the\u00a0leading alkaline battery manufacturers\u00a0and\u00a0lithium battery manufacturers\u00a0in China and the\u00a0world largest heavy duty zinc-carbon batteries manufacturer&amp;factory.\u00a0Our\u00a0products&#8230;<\/p>","protected":false},"featured_media":5573,"template":"","meta":{"_seopress_robots_primary_cat":"none","_seopress_titles_title":"Super Quality Zinc-Carbon Series R03S\/P AAA 1.5V 4PCS\/SHRINK","_seopress_titles_desc":"Steady Discharge Curve:\u00a0Provides a consistent voltage output to ensure the longevity and accuracy of devices like wall clocks and remote controls.","_seopress_robots_index":"","_uag_custom_page_level_css":"","_kad_blocks_custom_css":"","_kad_blocks_head_custom_js":"","_kad_blocks_body_custom_js":"","_kad_blocks_footer_custom_js":"","_kad_post_transparent":"default","_kad_post_title":"","_kad_post_layout":"default","_kad_post_sidebar_id":"","_kad_post_content_style":"default","_kad_post_vertical_padding":"default","_kad_post_feature":"","_kad_post_feature_position":"","_kad_post_header":false,"_kad_post_footer":false,"_kad_post_classname":""},"product_brand":[],"product_cat":[84],"product_tag":[],"class_list":{"0":"post-5570","1":"product","2":"type-product","3":"status-publish","4":"has-post-thumbnail","6":"product_cat-sq","8":"first","9":"instock","10":"shipping-taxable","11":"product-type-simple","12":"entry","13":"content-bg","14":"loop-entry"},"taxonomy_info":{"product_cat":[{"value":84,"label":"Super Quality"}]},"featured_image_src_large":["https:\/\/www.sdhuataibattery.com\/wp-content\/uploads\/2026\/01\/zc-R03S-P-AAA-1.5V-4PCS-SHRINK.jpg",600,600,false],"author_info":[],"comment_info":"","uagb_featured_image_src":{"full":["https:\/\/www.sdhuataibattery.com\/wp-content\/uploads\/2026\/01\/zc-R03S-P-AAA-1.5V-4PCS-SHRINK.jpg",600,600,false],"thumbnail":["https:\/\/www.sdhuataibattery.com\/wp-content\/uploads\/2026\/01\/zc-R03S-P-AAA-1.5V-4PCS-SHRINK-150x150.jpg",150,150,true],"medium":["https:\/\/www.sdhuataibattery.com\/wp-content\/uploads\/2026\/01\/zc-R03S-P-AAA-1.5V-4PCS-SHRINK-300x300.jpg",300,300,true],"medium_large":["https:\/\/www.sdhuataibattery.com\/wp-content\/uploads\/2026\/01\/zc-R03S-P-AAA-1.5V-4PCS-SHRINK.jpg",600,600,false],"large":["https:\/\/www.sdhuataibattery.com\/wp-content\/uploads\/2026\/01\/zc-R03S-P-AAA-1.5V-4PCS-SHRINK.jpg",600,600,false],"1536x1536":["https:\/\/www.sdhuataibattery.com\/wp-content\/uploads\/2026\/01\/zc-R03S-P-AAA-1.5V-4PCS-SHRINK.jpg",600,600,false],"2048x2048":["https:\/\/www.sdhuataibattery.com\/wp-content\/uploads\/2026\/01\/zc-R03S-P-AAA-1.5V-4PCS-SHRINK.jpg",600,600,false],"trp-custom-language-flag":["https:\/\/www.sdhuataibattery.com\/wp-content\/uploads\/2026\/01\/zc-R03S-P-AAA-1.5V-4PCS-SHRINK-12x12.jpg",12,12,true],"woocommerce_thumbnail":["https:\/\/www.sdhuataibattery.com\/wp-content\/uploads\/2026\/01\/zc-R03S-P-AAA-1.5V-4PCS-SHRINK-300x300.jpg",300,300,true],"woocommerce_single":["https:\/\/www.sdhuataibattery.com\/wp-content\/uploads\/2026\/01\/zc-R03S-P-AAA-1.5V-4PCS-SHRINK.jpg",600,600,false],"woocommerce_gallery_thumbnail":["https:\/\/www.sdhuataibattery.com\/wp-content\/uploads\/2026\/01\/zc-R03S-P-AAA-1.5V-4PCS-SHRINK-100x100.jpg",100,100,true]},"uagb_author_info":{"display_name":"htbattery@huataibattery.com","author_link":"https:\/\/www.sdhuataibattery.com\/pt\/author\/"},"uagb_comment_info":0,"uagb_excerpt":"Super Quality Zinc-Carbon Series R03S\/P AAA 1.5V 4PCS\/SHRINK Shandong Linyi Huatai New Energy Battery Co., Ltd.\u00a0was established in May 1993,but our factory\u2019s history can date back to the establishment of the Linyi Battery Plant in 1956.We are currently one of the\u00a0leading alkaline battery manufacturers\u00a0and\u00a0lithium battery manufacturers\u00a0in China and the\u00a0world largest heavy duty zinc-carbon batteries manufacturer&amp;factory.\u00a0Our\u00a0products...","_links":{"self":[{"href":"https:\/\/www.sdhuataibattery.com\/pt\/wp-json\/wp\/v2\/product\/5570","targetHints":{"allow":["GET"]}}],"collection":[{"href":"https:\/\/www.sdhuataibattery.com\/pt\/wp-json\/wp\/v2\/product"}],"about":[{"href":"https:\/\/www.sdhuataibattery.com\/pt\/wp-json\/wp\/v2\/types\/product"}],"wp:featuredmedia":[{"embeddable":true,"href":"https:\/\/www.sdhuataibattery.com\/pt\/wp-json\/wp\/v2\/media\/5573"}],"wp:attachment":[{"href":"https:\/\/www.sdhuataibattery.com\/pt\/wp-json\/wp\/v2\/media?parent=5570"}],"wp:term":[{"taxonomy":"product_brand","embeddable":true,"href":"https:\/\/www.sdhuataibattery.com\/pt\/wp-json\/wp\/v2\/product_brand?post=5570"},{"taxonomy":"product_cat","embeddable":true,"href":"https:\/\/www.sdhuataibattery.com\/pt\/wp-json\/wp\/v2\/product_cat?post=5570"},{"taxonomy":"product_tag","embeddable":true,"href":"https:\/\/www.sdhuataibattery.com\/pt\/wp-json\/wp\/v2\/product_tag?post=5570"}],"curies":[{"name":"wp","href":"https:\/\/api.w.org\/{rel}","templated":true}]}}