{"id":6434,"date":"2026-01-23T08:00:29","date_gmt":"2026-01-23T08:00:29","guid":{"rendered":"https:\/\/www.sdhuataibattery.com\/?post_type=product&#038;p=6434"},"modified":"2026-03-05T02:08:05","modified_gmt":"2026-03-05T02:08:05","slug":"portable-power-station","status":"publish","type":"product","link":"https:\/\/www.sdhuataibattery.com\/pt\/produto\/central-electrica-portatil\/","title":{"rendered":"Sistemas de baterias de armazenamento de energia de i\u00f5es de l\u00edtio Central el\u00e9ctrica port\u00e1til"},"content":{"rendered":"<p><a href=\"https:\/\/www.sdhuataibattery.com\/pt\/fabricante-de-baterias-de-celulas-de-litio-na-china\/\">Sistemas de baterias de armazenamento de energia de i\u00f5es de l\u00edtio Central el\u00e9ctrica port\u00e1til<\/a><\/p>\n<h2><strong><b>S\u00e9rie de armazenamento de energia solar Huatai: Energia inteligente para um futuro sustent\u00e1vel<\/b><\/strong><\/h2>\n<h3><strong><b>Vis\u00e3o geral do produto<\/b><\/strong><\/h3>\n<p>Potencie a sua independ\u00eancia energ\u00e9tica com <strong><b>Sistemas de armazenamento de energia de i\u00f5es de l\u00edtio (ESS) da Linyi Huatai<\/b><\/strong>. Concebidas para uma integra\u00e7\u00e3o perfeita com pain\u00e9is solares fotovoltaicos, as nossas baterias fornecem energia de reserva fi\u00e1vel e de alta densidade para aplica\u00e7\u00f5es residenciais, comerciais e industriais. Utilizando <strong><b>LiFePO4 (fosfato de ferro e l\u00edtio)<\/b><\/strong>\u00a0as baterias Huatai s\u00e3o o \"cora\u00e7\u00e3o\" da rede inteligente de 2026, oferecendo uma seguran\u00e7a inigual\u00e1vel e uma vida \u00fatil que se estende por d\u00e9cadas.<\/p>\n<h3><strong><b>Principais vantagens t\u00e9cnicas<\/b><\/strong><\/h3>\n<p><strong><b>Ciclo de vida ultra-longo:<\/b><\/strong>\u00a0Fornece mais de <strong><b>Mais de 6.000 ciclos de descarga profunda<\/b><\/strong>garantindo um armazenamento fi\u00e1vel de energia para 10-15 anos de utiliza\u00e7\u00e3o di\u00e1ria.<\/p>\n<p><strong><b>Seguran\u00e7a superior (LiFePO4):<\/b><\/strong>\u00a0Possui a qu\u00edmica de l\u00edtio mais est\u00e1vel dispon\u00edvel, com elevada estabilidade t\u00e9rmica e prote\u00e7\u00e3o avan\u00e7ada contra sobrecarga e curto-circuitos.<\/p>\n<p><strong><b>BMS inteligente em nuvem:<\/b><\/strong>\u00a0Sistema integrado de gest\u00e3o de baterias com monitoriza\u00e7\u00e3o em tempo real, equil\u00edbrio e diagn\u00f3stico remoto via RS485\/CAN\/WiFi.<\/p>\n<p><strong><b>Escalabilidade modular:<\/b><\/strong>\u00a0O design \"plug-and-play\" f\u00e1cil permite a expans\u00e3o da capacidade de 5kWh para 100kWh+ \u00e0 medida que as necessidades energ\u00e9ticas aumentam.<\/p>\n<p><strong><b>Alta efici\u00eancia:<\/b><\/strong>\u00a0Efici\u00eancia de ida e volta at\u00e9 98%, garantindo uma perda m\u00ednima de energia durante o processo de convers\u00e3o de energia solar em bateria.<\/p>\n<h3><strong><b>Servi\u00e7os de marca pr\u00f3pria e OEM (excel\u00eancia personalizada)<\/b><\/strong><\/h3>\n<p>Desbloqueie o seu potencial de mercado com o Huatai's <strong><b>De ponta a ponta <\/b><\/strong><a href=\"https:\/\/www.sdhuataibattery.com\/pt\/fabricante-de-baterias-de-celulas-de-marca-propria-na-china\/\"><strong><u><b>Servi\u00e7os OEM de marca pr\u00f3pria<\/b><\/u><\/strong><\/a>\u00a0. Fornecemos uma parceria de fabrico chave-na-m\u00e3o para o ajudar a lan\u00e7ar os seus pr\u00f3prios produtos energ\u00e9ticos de marca:<\/p>\n<p><strong><b>Engenharia \u00e0 medida:<\/b><\/strong>\u00a0Tens\u00e3o personaliz\u00e1vel (24V, 48V, 400V) e factores de forma (montagem na parede, montagem em bastidor ou empilh\u00e1vel).<\/p>\n<p><strong><b>Design industrial:<\/b><\/strong>\u00a0Cores de caixa personalizadas, ecr\u00e3s LED e serigrafia de log\u00f3tipo de alta qualidade para alinhar com a identidade da sua marca.<\/p>\n<p><strong><b>Compatibilidade do inversor:<\/b><\/strong>\u00a0Podemos pr\u00e9-configurar o nosso BMS para ser compat\u00edvel com 100% com as suas marcas de inversores preferidas (por exemplo, Growatt, Deye, Victron, etc.).<\/p>\n<p><strong><b>Apoio \u00e0 certifica\u00e7\u00e3o:<\/b><\/strong>\u00a0Documenta\u00e7\u00e3o de conformidade completa (UN38.3, CE, IEC62619, UL) fornecida sob a sua pr\u00f3pria marca para entrada no mercado global.<\/p>\n<h3><strong><b>Especifica\u00e7\u00f5es t\u00e9cnicas<\/b><\/strong><\/h3>\n<table>\n<tbody>\n<tr>\n<td>Carater\u00edstica<\/td>\n<td>Detalhes da especifica\u00e7\u00e3o<\/td>\n<td>Aplica\u00e7\u00f5es t\u00edpicas<\/td>\n<\/tr>\n<tr>\n<td><strong><b>Qu\u00edmica<\/b><\/strong><\/td>\n<td>Fosfato de l\u00edtio e ferro (LiFePO4)<\/td>\n<td>Armazenamento solar residencial<\/td>\n<\/tr>\n<tr>\n<td><strong><b>Tens\u00e3o nominal<\/b><\/strong><\/td>\n<td>48V \/ 51.2V \/ Op\u00e7\u00f5es de alta tens\u00e3o<\/td>\n<td>Cabanas e quintas fora da rede<\/td>\n<\/tr>\n<tr>\n<td><strong><b>Gama de capacidades<\/b><\/strong><\/td>\n<td>50Ah, 100Ah, 200Ah, 300Ah<\/td>\n<td>Energia de reserva comercial<\/td>\n<\/tr>\n<tr>\n<td><strong><b>Comunica\u00e7\u00e3o<\/b><\/strong><\/td>\n<td>CAN, RS485, Bluetooth, WiFi<\/td>\n<td>Esta\u00e7\u00f5es de base de telecomunica\u00e7\u00f5es<\/td>\n<\/tr>\n<\/tbody>\n<\/table>\n<h3><strong><b>A vantagem da Huatai: Escala e fiabilidade<\/b><\/strong><\/h3>\n<p>Com sede em Linyi, Shandong, <a href=\"https:\/\/www.sdhuataibattery.com\/pt\"><strong><u><b>Linyi Huatai Battery<\/b><\/u><\/strong><\/a>\u00a0opera instala\u00e7\u00f5es de produ\u00e7\u00e3o automatizadas de classe mundial. Combinamos o fabrico rent\u00e1vel com um rigoroso controlo de qualidade, garantindo que cada unidade de armazenamento de energia cumpre as normas internacionais de n\u00edvel 1. A nossa miss\u00e3o \u00e9 fornecer ao mercado global solu\u00e7\u00f5es energ\u00e9ticas \"Zero-Defect\".<\/p>\n<p><strong><b>Apelo \u00e0 a\u00e7\u00e3o:<\/b><\/strong>\u00a0<strong><b>Construa a sua marca com a Huatai.<\/b><\/strong>\u00a0Contacte a nossa equipa de projeto ESS hoje mesmo para obter uma cota\u00e7\u00e3o OEM personalizada, consulta t\u00e9cnica e os detalhes do nosso Programa de Parceiros Globais 2026.<\/p>\n<p><strong><b>[<\/b><\/strong><a href=\"https:\/\/www.sdhuataibattery.com\/pt\/contactar-nos\/\"><strong><u><b>Liga\u00e7\u00e3o: Solicitar uma consulta de OEM<\/b><\/u><\/strong><\/a><strong><b>]<\/b><\/strong><\/p>\n<p>Power:200W\/300W\/500W\/700W\/1000W\/1200W<br \/>\nENTRADA:110~220Vac Carga solar 12~30Vdc<br \/>\nTens\u00e3o de sa\u00edda: AC110\/220V, DC12V.<br \/>\nCorrente de sa\u00edda: USB2.0, Type-C e sa\u00edda de carregador para autom\u00f3vel.<\/p>\n<p><img alt=\"\" fetchpriority=\"high\" decoding=\"async\" class=\"wp-image-6438 aligncenter\" src=\"https:\/\/www.sdhuataibattery.com\/wp-content\/uploads\/2026\/01\/Portable-Power-Station2.jpg\" width=\"1022\" height=\"436\" srcset=\"https:\/\/www.sdhuataibattery.com\/wp-content\/uploads\/2026\/01\/Portable-Power-Station2.jpg 1200w, https:\/\/www.sdhuataibattery.com\/wp-content\/uploads\/2026\/01\/Portable-Power-Station2-300x128.jpg 300w, https:\/\/www.sdhuataibattery.com\/wp-content\/uploads\/2026\/01\/Portable-Power-Station2-1024x437.jpg 1024w, https:\/\/www.sdhuataibattery.com\/wp-content\/uploads\/2026\/01\/Portable-Power-Station2-768x328.jpg 768w, https:\/\/www.sdhuataibattery.com\/wp-content\/uploads\/2026\/01\/Portable-Power-Station2-18x8.jpg 18w, https:\/\/www.sdhuataibattery.com\/wp-content\/uploads\/2026\/01\/Portable-Power-Station2-600x256.jpg 600w\" sizes=\"(max-width: 1022px) 100vw, 1022px\" \/><br \/>\nAplica\u00e7\u00e3o:<\/p>\n<p><img alt=\"\" decoding=\"async\" class=\"wp-image-6439 aligncenter\" src=\"https:\/\/www.sdhuataibattery.com\/wp-content\/uploads\/2026\/01\/Portable-Power-Station3.jpg\" width=\"1012\" height=\"352\" srcset=\"https:\/\/www.sdhuataibattery.com\/wp-content\/uploads\/2026\/01\/Portable-Power-Station3.jpg 1200w, https:\/\/www.sdhuataibattery.com\/wp-content\/uploads\/2026\/01\/Portable-Power-Station3-300x104.jpg 300w, https:\/\/www.sdhuataibattery.com\/wp-content\/uploads\/2026\/01\/Portable-Power-Station3-1024x356.jpg 1024w, https:\/\/www.sdhuataibattery.com\/wp-content\/uploads\/2026\/01\/Portable-Power-Station3-768x267.jpg 768w, https:\/\/www.sdhuataibattery.com\/wp-content\/uploads\/2026\/01\/Portable-Power-Station3-18x6.jpg 18w, https:\/\/www.sdhuataibattery.com\/wp-content\/uploads\/2026\/01\/Portable-Power-Station3-600x209.jpg 600w\" sizes=\"(max-width: 1012px) 100vw, 1012px\" \/><\/p>","protected":false},"excerpt":{"rendered":"<p>Lithium-ion Energy Storage Battery Systems Portable Power Station Huatai Solar Energy Storage Series: Smart Power for a Sustainable Future Product Overview Empower your energy independence with Linyi Huatai\u2019s Lithium-ion Energy Storage Systems (ESS). Designed for seamless integration with solar PV arrays, our batteries provide reliable, high-density backup power for residential, commercial, and industrial applications. Utilizing&#8230;<\/p>","protected":false},"featured_media":6437,"template":"","meta":{"_seopress_robots_primary_cat":"none","_seopress_titles_title":"Lithium-ion Energy Storage Battery Systems Portable Power Station","_seopress_titles_desc":"Modular Scalability:\u00a0Easy \"plug-and-play\" design allows for expanding capacity from 5kWh to 100kWh+ as energy needs grow.","_seopress_robots_index":"","_uag_custom_page_level_css":"","_kad_blocks_custom_css":"","_kad_blocks_head_custom_js":"","_kad_blocks_body_custom_js":"","_kad_blocks_footer_custom_js":"","_kad_post_transparent":"default","_kad_post_title":"","_kad_post_layout":"default","_kad_post_sidebar_id":"","_kad_post_content_style":"default","_kad_post_vertical_padding":"default","_kad_post_feature":"","_kad_post_feature_position":"","_kad_post_header":false,"_kad_post_footer":false,"_kad_post_classname":""},"product_brand":[],"product_cat":[109],"product_tag":[],"class_list":{"0":"post-6434","1":"product","2":"type-product","3":"status-publish","4":"has-post-thumbnail","6":"product_cat-lesb","8":"first","9":"instock","10":"shipping-taxable","11":"product-type-simple","12":"entry","13":"content-bg","14":"loop-entry"},"taxonomy_info":{"product_cat":[{"value":109,"label":"Lithium-Ion energy storage battery"}]},"featured_image_src_large":["https:\/\/www.sdhuataibattery.com\/wp-content\/uploads\/2026\/01\/Portable-Power-Station1.jpg",1000,1000,false],"author_info":[],"comment_info":"","uagb_featured_image_src":{"full":["https:\/\/www.sdhuataibattery.com\/wp-content\/uploads\/2026\/01\/Portable-Power-Station1.jpg",1000,1000,false],"thumbnail":["https:\/\/www.sdhuataibattery.com\/wp-content\/uploads\/2026\/01\/Portable-Power-Station1-150x150.jpg",150,150,true],"medium":["https:\/\/www.sdhuataibattery.com\/wp-content\/uploads\/2026\/01\/Portable-Power-Station1-300x300.jpg",300,300,true],"medium_large":["https:\/\/www.sdhuataibattery.com\/wp-content\/uploads\/2026\/01\/Portable-Power-Station1-768x768.jpg",768,768,true],"large":["https:\/\/www.sdhuataibattery.com\/wp-content\/uploads\/2026\/01\/Portable-Power-Station1.jpg",1000,1000,false],"1536x1536":["https:\/\/www.sdhuataibattery.com\/wp-content\/uploads\/2026\/01\/Portable-Power-Station1.jpg",1000,1000,false],"2048x2048":["https:\/\/www.sdhuataibattery.com\/wp-content\/uploads\/2026\/01\/Portable-Power-Station1.jpg",1000,1000,false],"trp-custom-language-flag":["https:\/\/www.sdhuataibattery.com\/wp-content\/uploads\/2026\/01\/Portable-Power-Station1-12x12.jpg",12,12,true],"woocommerce_thumbnail":["https:\/\/www.sdhuataibattery.com\/wp-content\/uploads\/2026\/01\/Portable-Power-Station1-300x300.jpg",300,300,true],"woocommerce_single":["https:\/\/www.sdhuataibattery.com\/wp-content\/uploads\/2026\/01\/Portable-Power-Station1-600x600.jpg",600,600,true],"woocommerce_gallery_thumbnail":["https:\/\/www.sdhuataibattery.com\/wp-content\/uploads\/2026\/01\/Portable-Power-Station1-100x100.jpg",100,100,true]},"uagb_author_info":{"display_name":"htbattery@huataibattery.com","author_link":"https:\/\/www.sdhuataibattery.com\/pt\/author\/"},"uagb_comment_info":0,"uagb_excerpt":"Lithium-ion Energy Storage Battery Systems Portable Power Station Huatai Solar Energy Storage Series: Smart Power for a Sustainable Future Product Overview Empower your energy independence with Linyi Huatai\u2019s Lithium-ion Energy Storage Systems (ESS). Designed for seamless integration with solar PV arrays, our batteries provide reliable, high-density backup power for residential, commercial, and industrial applications. Utilizing...","_links":{"self":[{"href":"https:\/\/www.sdhuataibattery.com\/pt\/wp-json\/wp\/v2\/product\/6434","targetHints":{"allow":["GET"]}}],"collection":[{"href":"https:\/\/www.sdhuataibattery.com\/pt\/wp-json\/wp\/v2\/product"}],"about":[{"href":"https:\/\/www.sdhuataibattery.com\/pt\/wp-json\/wp\/v2\/types\/product"}],"wp:featuredmedia":[{"embeddable":true,"href":"https:\/\/www.sdhuataibattery.com\/pt\/wp-json\/wp\/v2\/media\/6437"}],"wp:attachment":[{"href":"https:\/\/www.sdhuataibattery.com\/pt\/wp-json\/wp\/v2\/media?parent=6434"}],"wp:term":[{"taxonomy":"product_brand","embeddable":true,"href":"https:\/\/www.sdhuataibattery.com\/pt\/wp-json\/wp\/v2\/product_brand?post=6434"},{"taxonomy":"product_cat","embeddable":true,"href":"https:\/\/www.sdhuataibattery.com\/pt\/wp-json\/wp\/v2\/product_cat?post=6434"},{"taxonomy":"product_tag","embeddable":true,"href":"https:\/\/www.sdhuataibattery.com\/pt\/wp-json\/wp\/v2\/product_tag?post=6434"}],"curies":[{"name":"wp","href":"https:\/\/api.w.org\/{rel}","templated":true}]}}