{"id":6464,"date":"2026-01-23T10:46:44","date_gmt":"2026-01-23T10:46:44","guid":{"rendered":"https:\/\/www.sdhuataibattery.com\/?post_type=product&#038;p=6464"},"modified":"2026-03-05T01:38:15","modified_gmt":"2026-03-05T01:38:15","slug":"tricycle-72v30ah","status":"publish","type":"product","link":"https:\/\/www.sdhuataibattery.com\/pt\/produto\/triciclo-72v30ah\/","title":{"rendered":"Ve\u00edculo el\u00e9trico Conjunto de baterias de i\u00f5es de l\u00edtio LiFePO4 Triciclo 72V30AH"},"content":{"rendered":"<p><a href=\"https:\/\/www.sdhuataibattery.com\/pt\/fabricante-de-baterias-de-celulas-de-litio-na-china\/\">Ve\u00edculo el\u00e9trico Conjunto de baterias de i\u00f5es de l\u00edtio LiFePO4 Triciclo 72V30AH<\/a><\/p>\n<h2><strong><b>S\u00e9rie de i\u00f5es de l\u00edtio Huatai EV: Pot\u00eancia de alto desempenho para a mobilidade moderna<\/b><\/strong><\/h2>\n<h3><strong><b>Vis\u00e3o geral do produto<\/b><\/strong><\/h3>\n<p>Conduzir o futuro com <strong><b>S\u00e9rie de baterias de i\u00f5es de l\u00edtio para ve\u00edculos el\u00e9ctricos da Linyi Huatai<\/b><\/strong>. Especificamente concebidas para o mercado da mobilidade el\u00e9ctrica de 2026, as nossas baterias proporcionam o melhor equil\u00edbrio entre elevada densidade energ\u00e9tica, carregamento r\u00e1pido e seguran\u00e7a sem compromissos. Quer se trate de e-bikes, scooters el\u00e9ctricas ou ve\u00edculos el\u00e9ctricos ligeiros, as c\u00e9lulas Huatai proporcionam a \"dist\u00e2ncia e durabilidade\" que os utilizadores modernos exigem.<\/p>\n<h3><strong><b>Principais vantagens t\u00e9cnicas<\/b><\/strong><\/h3>\n<p><strong><b>Alta densidade energ\u00e9tica:<\/b><\/strong>\u00a0Avan\u00e7ado <strong><b>Qu\u00edmica NMC\/LFP<\/b><\/strong>\u00a0garante o m\u00e1ximo alcance num espa\u00e7o leve e compacto.<\/p>\n<p><strong><b>Tecnologia de carregamento r\u00e1pido:<\/b><\/strong>\u00a0Suporta protocolos de carregamento de alta corrente para que os utilizadores voltem \u00e0 estrada mais rapidamente.<\/p>\n<p><strong><b>Integra\u00e7\u00e3o de BMS inteligente:<\/b><\/strong>\u00a0Cada pack est\u00e1 equipado com um sistema de gest\u00e3o inteligente da bateria (BMS) para monitoriza\u00e7\u00e3o em tempo real da tens\u00e3o, temperatura e prote\u00e7\u00e3o contra curto-circuitos.<\/p>\n<p><strong><b>Ciclo de vida alargado:<\/b><\/strong>\u00a0Concebido para manter <strong><b>Capacidade 80%+ mesmo ap\u00f3s mais de 1.000 ciclos de carga completa<\/b><\/strong>garantindo anos de servi\u00e7o fi\u00e1vel.<\/p>\n<p><strong><b>Resili\u00eancia a condi\u00e7\u00f5es meteorol\u00f3gicas extremas:<\/b><\/strong>\u00a0Concebida para um desempenho est\u00e1vel em temperaturas que v\u00e3o desde <strong><b>-20\u00b0C a +60\u00b0C<\/b><\/strong>.<\/p>\n<h3><strong><b>Servi\u00e7os de marca pr\u00f3pria e OEM (A sua marca, o nosso poder)<\/b><\/strong><\/h3>\n<p>Na Linyi Huatai, n\u00e3o nos limitamos a fornecer baterias; constru\u00edmos a sua marca. Oferecemos um servi\u00e7o completo <a href=\"https:\/\/www.sdhuataibattery.com\/pt\/fabricante-de-baterias-de-celulas-de-marca-propria-na-china\/\"><strong><u><b>Servi\u00e7os OEM de marca pr\u00f3pria<\/b><\/u><\/strong><\/a>\u00a0para o ajudar a dominar o seu mercado local:<\/p>\n<p><strong><b>Design personalizado:<\/b><\/strong>\u00a0Formas, dimens\u00f5es e configura\u00e7\u00f5es de tens\u00e3o\/capacidade de baterias personalizadas (36V, 48V, 60V, 72V, etc.).<\/p>\n<p><strong><b>Marca e embalagem:<\/b><\/strong>\u00a0Serigrafia de alta qualidade do log\u00f3tipo, inv\u00f3lucros com marca personalizada e embalagens prontas para venda a retalho.<\/p>\n<p><strong><b>Firmware propriet\u00e1rio do BMS:<\/b><\/strong>\u00a0Par\u00e2metros de software personaliz\u00e1veis para corresponder aos requisitos espec\u00edficos do motor e do controlador.<\/p>\n<p><strong><b>Qualidade certificada:<\/b><\/strong>\u00a0Fornecemos suporte completo de documenta\u00e7\u00e3o (UN38.3, CE, RoHS, MSDS) sob a sua marca para simplificar a distribui\u00e7\u00e3o global.<\/p>\n<figure id=\"attachment_6926\" aria-describedby=\"caption-attachment-6926\" style=\"width: 698px\" class=\"wp-caption aligncenter\"><img fetchpriority=\"high\" decoding=\"async\" class=\"wp-image-6926\" src=\"https:\/\/www.sdhuataibattery.com\/wp-content\/uploads\/2026\/02\/lithium-battery.jpg\" alt=\"Gr\u00e1fico da estrutura da pilha de l\u00edtio da marca Huatai\" width=\"698\" height=\"521\" srcset=\"https:\/\/www.sdhuataibattery.com\/wp-content\/uploads\/2026\/02\/lithium-battery.jpg 1268w, https:\/\/www.sdhuataibattery.com\/wp-content\/uploads\/2026\/02\/lithium-battery-300x224.jpg 300w, https:\/\/www.sdhuataibattery.com\/wp-content\/uploads\/2026\/02\/lithium-battery-1024x764.jpg 1024w, https:\/\/www.sdhuataibattery.com\/wp-content\/uploads\/2026\/02\/lithium-battery-768x573.jpg 768w, https:\/\/www.sdhuataibattery.com\/wp-content\/uploads\/2026\/02\/lithium-battery-16x12.jpg 16w, https:\/\/www.sdhuataibattery.com\/wp-content\/uploads\/2026\/02\/lithium-battery-600x448.jpg 600w\" sizes=\"(max-width: 698px) 100vw, 698px\" \/><figcaption id=\"caption-attachment-6926\" class=\"wp-caption-text\">Gr\u00e1fico da estrutura da pilha de l\u00edtio da marca Huatai<\/figcaption><\/figure>\n<h3><strong><b>Aplica\u00e7\u00f5es e especifica\u00e7\u00f5es<\/b><\/strong><\/h3>\n<table>\n<tbody>\n<tr>\n<td>Especifica\u00e7\u00e3o<\/td>\n<td>Gama \/ Detalhes<\/td>\n<td>Aplica\u00e7\u00f5es t\u00edpicas<\/td>\n<\/tr>\n<tr>\n<td><strong><b>Op\u00e7\u00f5es de tens\u00e3o<\/b><\/strong><\/td>\n<td>24V, 36V, 48V, 60V, 72V<\/td>\n<td>Bicicletas el\u00e9ctricas e trotinetas el\u00e9ctricas<\/td>\n<\/tr>\n<tr>\n<td><strong><b>Tipos de c\u00e9lulas<\/b><\/strong><\/td>\n<td>18650 \/ 21700 \/ Prism\u00e1tico<\/td>\n<td>Motociclos el\u00e9ctricos<\/td>\n<\/tr>\n<tr>\n<td><strong><b>Ciclo de vida<\/b><\/strong><\/td>\n<td>1.000 - 2.500 ciclos<\/td>\n<td>Riquix\u00e1s el\u00e9ctricos (L5)<\/td>\n<\/tr>\n<tr>\n<td><strong><b>Inv\u00f3lucro<\/b><\/strong><\/td>\n<td>A\u00e7o, alum\u00ednio ou ABS<\/td>\n<td>VEs de baixa velocidade (LSEV)<\/td>\n<\/tr>\n<\/tbody>\n<\/table>\n<h3><strong><b>Porqu\u00ea ser parceiro da Linyi Huatai?<\/b><\/strong><\/h3>\n<p>Com d\u00e9cadas de excel\u00eancia de fabrico em Shandong, China, <a href=\"https:\/\/www.sdhuataibattery.com\/pt\"><strong><u><b>Linyi Huatai Battery<\/b><\/u><\/strong><\/a>\u00a0opera linhas de produ\u00e7\u00e3o automatizadas de \u00faltima gera\u00e7\u00e3o. Garantimos a consist\u00eancia das c\u00e9lulas e testes de seguran\u00e7a rigorosos para cada unidade. A nossa miss\u00e3o \u00e9 fornecer energia de alta qualidade \"Made-in-China\" com um padr\u00e3o de servi\u00e7o global.<\/p>\n<p><strong><b>Apelo \u00e0 a\u00e7\u00e3o:<\/b><\/strong>\u00a0<strong><b>Pronto para lan\u00e7ar a sua pr\u00f3pria linha de baterias para ve\u00edculos el\u00e9ctricos?<\/b><\/strong>\u00a0Contacte hoje mesmo a nossa equipa de especialistas OEM para obter uma consulta sobre configura\u00e7\u00f5es personalizadas, pre\u00e7os de marca pr\u00f3pria e calend\u00e1rios de envio para 2026.<\/p>\n<p><strong><b>[<\/b><\/strong><a href=\"https:\/\/www.sdhuataibattery.com\/pt\/contactar-nos\/\"><strong><u><b>Liga\u00e7\u00e3o: Solicitar uma consulta de OEM<\/b><\/u><\/strong><\/a><strong><b>]<\/b><\/strong><\/p>\n<table>\n<tbody>\n<tr>\n<td colspan=\"2\"><strong><b>Artigos<\/b><\/strong><\/td>\n<td><strong><b>Par\u00e2metros<\/b><\/strong><\/td>\n<\/tr>\n<tr>\n<td colspan=\"2\">Modelo da bateria<\/td>\n<td>IFP-72V30ah<\/td>\n<\/tr>\n<tr>\n<td colspan=\"2\">Tens\u00e3o nominal<\/td>\n<td>72V<\/td>\n<\/tr>\n<tr>\n<td colspan=\"2\">Capacidade t\u00edpica<\/td>\n<td>30Ah (taxa de descarga de 25\u00b00,5CAt 25\u00b00,5C)<\/td>\n<\/tr>\n<tr>\n<td rowspan=\"3\">Descarga<\/td>\n<td>Corrente de trabalho<\/td>\n<td>\u226440A<\/td>\n<\/tr>\n<tr>\n<td>Corrente de pico<\/td>\n<td><strong><b>100<\/b><\/strong><strong><b>A<\/b><\/strong>\uff0810ms\uff09<\/td>\n<\/tr>\n<tr>\n<td>Tens\u00e3o de corte<\/td>\n<td>\u226440V<\/td>\n<\/tr>\n<tr>\n<td rowspan=\"4\">Carga<\/td>\n<td>Tens\u00e3o de carregamento<\/td>\n<td>72\u00b10.2V<\/td>\n<\/tr>\n<tr>\n<td>Corrente de carga padr\u00e3o<\/td>\n<td>\u226415A<\/td>\n<\/tr>\n<tr>\n<td>Modo de carregamento<\/td>\n<td>Moeda constante\/Tens\u00e3o constante<\/td>\n<\/tr>\n<tr>\n<td>Corrente de corte de carga<\/td>\n<td>Acerca de 1A<\/td>\n<\/tr>\n<tr>\n<td rowspan=\"2\">Temperatura de funcionamento<\/td>\n<td>Carga<\/td>\n<td>0\u2103\uff5e+55\u2103<\/td>\n<\/tr>\n<tr>\n<td>Descarga<\/td>\n<td>-20\u2103\uff5e+60\u2103<\/td>\n<\/tr>\n<tr>\n<td colspan=\"2\" rowspan=\"3\">Temperatura de armazenamento<\/td>\n<td>-20\u2103\uff5e60\u2103\uff08Dentro de 1 m\u00eas\uff09<\/td>\n<\/tr>\n<tr>\n<td>-20\u2103\uff5e45\u2103\uff08Dentro de 3 meses\uff09<\/td>\n<\/tr>\n<tr>\n<td>-5\u2103\uff5e35\u2103\uff08Dentro de 1 ano\uff09<\/td>\n<\/tr>\n<tr>\n<td colspan=\"2\">Descarregar a resist\u00eancia interna<\/td>\n<td>\u2264100m\u03a9<\/td>\n<\/tr>\n<tr>\n<td colspan=\"2\">Liga\u00e7\u00e3o em s\u00e9rie e paralela do conjunto de baterias<\/td>\n<td>24S2P<\/td>\n<\/tr>\n<tr>\n<td colspan=\"2\">Fun\u00e7\u00e3o de prote\u00e7\u00e3o<\/td>\n<td>Fun\u00e7\u00f5es de prote\u00e7\u00e3o contra sobrecarga, descarga excessiva, sobrecorrente, curto-circuito e equil\u00edbrio<\/td>\n<\/tr>\n<tr>\n<td colspan=\"2\">Ficha de carga e descarga<\/td>\n<td>120A<br \/>\nterminal de anel Joe vermelho e preto<\/td>\n<\/tr>\n<tr>\n<td colspan=\"2\">M\u00e9todo de comunica\u00e7\u00e3o<\/td>\n<td>APP<\/td>\n<\/tr>\n<tr>\n<td colspan=\"2\">Material da caixa<\/td>\n<td>Caixa de chapa met\u00e1lica<\/td>\n<\/tr>\n<tr>\n<td colspan=\"2\">N\u00edvel de impermeabilidade<\/td>\n<td>IP65<\/td>\n<\/tr>\n<tr>\n<td colspan=\"2\">Peso<\/td>\n<td>Cerca de 16,8\u00b10,5Kg<\/td>\n<\/tr>\n<tr>\n<td colspan=\"2\">Dimens\u00f5es\uff08L*W*H\uff09<\/td>\n<td>\uff08:360*220*165mm\uff09\u00b12mm<\/td>\n<\/tr>\n<tr>\n<td colspan=\"2\">Ciclo<\/td>\n<td>O ciclo de vida n\u00e3o \u00e9 inferior a 2.000 vezes, e a taxa de reten\u00e7\u00e3o de capacidade \u00e9 \u2265 80%.<\/td>\n<\/tr>\n<\/tbody>\n<\/table>\n<p><img alt=\"\" decoding=\"async\" class=\"wp-image-6433 aligncenter\" src=\"https:\/\/www.sdhuataibattery.com\/wp-content\/uploads\/2026\/01\/lbpctlbc3.jpg\" width=\"929\" height=\"497\" srcset=\"https:\/\/www.sdhuataibattery.com\/wp-content\/uploads\/2026\/01\/lbpctlbc3.jpg 1200w, https:\/\/www.sdhuataibattery.com\/wp-content\/uploads\/2026\/01\/lbpctlbc3-300x161.jpg 300w, https:\/\/www.sdhuataibattery.com\/wp-content\/uploads\/2026\/01\/lbpctlbc3-1024x548.jpg 1024w, https:\/\/www.sdhuataibattery.com\/wp-content\/uploads\/2026\/01\/lbpctlbc3-768x411.jpg 768w, https:\/\/www.sdhuataibattery.com\/wp-content\/uploads\/2026\/01\/lbpctlbc3-18x10.jpg 18w, https:\/\/www.sdhuataibattery.com\/wp-content\/uploads\/2026\/01\/lbpctlbc3-600x321.jpg 600w\" sizes=\"(max-width: 929px) 100vw, 929px\" \/><\/p>","protected":false},"excerpt":{"rendered":"<p>Electric Vehicle Lithium-ion LiFePO4 Battery Pack Tricycle 72V30AH Huatai EV Lithium-ion Series: High-Performance Power for Modern Mobility Product Overview Drive the future with Linyi Huatai\u2019s Electric Vehicle Lithium-ion Battery Series. Specifically engineered for the 2026 e-mobility market, our batteries provide the ultimate balance of high energy density, rapid charging, and uncompromising safety. Whether for e-bikes,&#8230;<\/p>","protected":false},"featured_media":5259,"template":"","meta":{"_seopress_robots_primary_cat":"none","_seopress_titles_title":"Electric Vehicle Lithium-ion LiFePO4 Battery Pack Tricycle 72V30AH","_seopress_titles_desc":"Extreme Weather Resilience:\u00a0Engineered for stable performance in temperatures ranging from -20\u00b0C to +60\u00b0C.","_seopress_robots_index":"","_uag_custom_page_level_css":"","_kad_blocks_custom_css":"","_kad_blocks_head_custom_js":"","_kad_blocks_body_custom_js":"","_kad_blocks_footer_custom_js":"","_kad_post_transparent":"default","_kad_post_title":"","_kad_post_layout":"default","_kad_post_sidebar_id":"","_kad_post_content_style":"default","_kad_post_vertical_padding":"default","_kad_post_feature":"","_kad_post_feature_position":"","_kad_post_header":false,"_kad_post_footer":false,"_kad_post_classname":""},"product_brand":[],"product_cat":[110],"product_tag":[],"class_list":{"0":"post-6464","1":"product","2":"type-product","3":"status-publish","4":"has-post-thumbnail","6":"product_cat-evlb","8":"first","9":"instock","10":"shipping-taxable","11":"product-type-simple","12":"entry","13":"content-bg","14":"loop-entry"},"taxonomy_info":{"product_cat":[{"value":110,"label":"Electric Vehicles lithium battery"}]},"featured_image_src_large":["https:\/\/www.sdhuataibattery.com\/wp-content\/uploads\/2025\/12\/24V300AH-1024x1024.jpg",1024,1024,true],"author_info":[],"comment_info":"","uagb_featured_image_src":{"full":["https:\/\/www.sdhuataibattery.com\/wp-content\/uploads\/2025\/12\/24V300AH.jpg",1200,1200,false],"thumbnail":["https:\/\/www.sdhuataibattery.com\/wp-content\/uploads\/2025\/12\/24V300AH-150x150.jpg",150,150,true],"medium":["https:\/\/www.sdhuataibattery.com\/wp-content\/uploads\/2025\/12\/24V300AH-300x300.jpg",300,300,true],"medium_large":["https:\/\/www.sdhuataibattery.com\/wp-content\/uploads\/2025\/12\/24V300AH-768x768.jpg",768,768,true],"large":["https:\/\/www.sdhuataibattery.com\/wp-content\/uploads\/2025\/12\/24V300AH-1024x1024.jpg",1024,1024,true],"1536x1536":["https:\/\/www.sdhuataibattery.com\/wp-content\/uploads\/2025\/12\/24V300AH.jpg",1200,1200,false],"2048x2048":["https:\/\/www.sdhuataibattery.com\/wp-content\/uploads\/2025\/12\/24V300AH.jpg",1200,1200,false],"trp-custom-language-flag":["https:\/\/www.sdhuataibattery.com\/wp-content\/uploads\/2025\/12\/24V300AH-12x12.jpg",12,12,true],"woocommerce_thumbnail":["https:\/\/www.sdhuataibattery.com\/wp-content\/uploads\/2025\/12\/24V300AH-300x300.jpg",300,300,true],"woocommerce_single":["https:\/\/www.sdhuataibattery.com\/wp-content\/uploads\/2025\/12\/24V300AH-600x600.jpg",600,600,true],"woocommerce_gallery_thumbnail":["https:\/\/www.sdhuataibattery.com\/wp-content\/uploads\/2025\/12\/24V300AH-100x100.jpg",100,100,true]},"uagb_author_info":{"display_name":"htbattery@huataibattery.com","author_link":"https:\/\/www.sdhuataibattery.com\/pt\/author\/"},"uagb_comment_info":0,"uagb_excerpt":"Electric Vehicle Lithium-ion LiFePO4 Battery Pack Tricycle 72V30AH Huatai EV Lithium-ion Series: High-Performance Power for Modern Mobility Product Overview Drive the future with Linyi Huatai\u2019s Electric Vehicle Lithium-ion Battery Series. Specifically engineered for the 2026 e-mobility market, our batteries provide the ultimate balance of high energy density, rapid charging, and uncompromising safety. Whether for e-bikes,...","_links":{"self":[{"href":"https:\/\/www.sdhuataibattery.com\/pt\/wp-json\/wp\/v2\/product\/6464","targetHints":{"allow":["GET"]}}],"collection":[{"href":"https:\/\/www.sdhuataibattery.com\/pt\/wp-json\/wp\/v2\/product"}],"about":[{"href":"https:\/\/www.sdhuataibattery.com\/pt\/wp-json\/wp\/v2\/types\/product"}],"wp:featuredmedia":[{"embeddable":true,"href":"https:\/\/www.sdhuataibattery.com\/pt\/wp-json\/wp\/v2\/media\/5259"}],"wp:attachment":[{"href":"https:\/\/www.sdhuataibattery.com\/pt\/wp-json\/wp\/v2\/media?parent=6464"}],"wp:term":[{"taxonomy":"product_brand","embeddable":true,"href":"https:\/\/www.sdhuataibattery.com\/pt\/wp-json\/wp\/v2\/product_brand?post=6464"},{"taxonomy":"product_cat","embeddable":true,"href":"https:\/\/www.sdhuataibattery.com\/pt\/wp-json\/wp\/v2\/product_cat?post=6464"},{"taxonomy":"product_tag","embeddable":true,"href":"https:\/\/www.sdhuataibattery.com\/pt\/wp-json\/wp\/v2\/product_tag?post=6464"}],"curies":[{"name":"wp","href":"https:\/\/api.w.org\/{rel}","templated":true}]}}